{"id":839,"date":"2025-11-01T17:41:07","date_gmt":"2025-11-01T17:41:07","guid":{"rendered":"https:\/\/iccplagos.com\/?page_id=839"},"modified":"2026-04-16T03:57:38","modified_gmt":"2026-04-16T03:57:38","slug":"alojamiento","status":"publish","type":"page","link":"https:\/\/iccplagos.com\/es\/alojamiento\/","title":{"rendered":"Alojamiento"},"content":{"rendered":"<div data-elementor-type=\"wp-page\" data-elementor-id=\"839\" class=\"elementor elementor-839\" data-elementor-post-type=\"page\">\n\t\t\t\t<div class=\"elementor-element elementor-element-6bd42948 e-flex e-con-boxed e-con e-parent\" data-id=\"6bd42948\" data-element_type=\"container\" data-settings=\"{&quot;background_background&quot;:&quot;video&quot;,&quot;background_video_link&quot;:&quot;https:\\\/\\\/youtu.be\\\/FOCUKb2gQqY&quot;,&quot;background_play_on_mobile&quot;:&quot;yes&quot;}\">\n\t\t\t\t\t<div class=\"e-con-inner\">\n\t\t<div class=\"elementor-background-video-container\">\n\t\t\t\t\t\t\t<div class=\"elementor-background-video-embed\"><\/div>\n\t\t\t\t\t\t<\/div>\t\t<div class=\"elementor-element elementor-element-60772e9b elementor-widget elementor-widget-heading\" data-id=\"60772e9b\" data-element_type=\"widget\" data-widget_type=\"heading.default\">\n\t\t\t\t<div class=\"elementor-widget-container\">\n\t\t\t\t\t<h2 class=\"elementor-heading-title elementor-size-default\">Alojamiento durante la ICCP Lagos 2026<\/h2>\t\t\t\t<\/div>\n\t\t\t\t<\/div>\n\t\t\t\t\t<\/div>\n\t\t\t\t<\/div>\n\t\t<div class=\"elementor-element elementor-element-15d52c8 e-con-full e-flex e-con e-parent\" data-id=\"15d52c8\" data-element_type=\"container\" data-settings=\"{&quot;background_background&quot;:&quot;classic&quot;}\">\n\t\t\t\t<div class=\"elementor-element elementor-element-aa7a2b9 elementor-widget elementor-widget-spacer\" data-id=\"aa7a2b9\" data-element_type=\"widget\" data-widget_type=\"spacer.default\">\n\t\t\t\t<div class=\"elementor-widget-container\">\n\t\t\t\t\t\t\t<div class=\"elementor-spacer\">\n\t\t\t<div class=\"elementor-spacer-inner\"><\/div>\n\t\t<\/div>\n\t\t\t\t\t\t<\/div>\n\t\t\t\t<\/div>\n\t\t\t\t<div class=\"elementor-element elementor-element-f7d9e63 elementor-widget elementor-widget-text-editor\" data-id=\"f7d9e63\" data-element_type=\"widget\" data-widget_type=\"text-editor.default\">\n\t\t\t\t<div class=\"elementor-widget-container\">\n\t\t\t\t\t\t\t\t\t<h2>Hotel para conferencias<\/h2><p>El ICCP Lagos se llevar\u00e1 a cabo principalmente en el <a href=\"https:\/\/www.marriott.com\/en-us\/hotels\/loslg-lagos-marriott-hotel-ikeja\/overview\/\">Hotel Lagos Marriott Ikeja<\/a>. Como parte de nuestro acuerdo, hemos reservado 50 habitaciones (habitaciones est\u00e1ndar con una cama king size) a una tarifa de $220 USD por noche para un paquete de 4 noches (check-in el 1 de septiembre y check-out el 5 de septiembre). Para mantener esta tarifa con descuento, al menos 30 de las habitaciones deber\u00e1n estar ocupadas durante la conferencia ICCP Lagos.<\/p><p>Este paquete de 4 noches tambi\u00e9n incluye 1 desayuno buf\u00e9 internacional por d\u00eda y por persona en el restaurante Kariko &amp; Co del hotel, WiFi en la habitaci\u00f3n y servicios en la habitaci\u00f3n como agua, t\u00e9 y caf\u00e9. La hora de entrada es a las 15:00 y la hora de salida es a las 12:00.<\/p><p>Para garantizar la reserva de una habitaci\u00f3n en el paquete de 4 noches, los asistentes pueden seleccionar el complemento \u00abPaquete de alojamiento Marriott de 4 noches\u00bb a trav\u00e9s del portal de inscripci\u00f3n. La selecci\u00f3n y el pago de la tarifa por noche y los cargos de procesamiento ($31.47 por el procesamiento de pagos de Whova y Stripe) deber\u00e1n realizarse antes del 20 de febrero de 2026. Pasada esta fecha, las reservas podr\u00e1n realizarse siempre que haya habitaciones disponibles. El equipo organizador de la conferencia se comunicar\u00e1 frecuentemente con el hotel de la conferencia y actualizar\u00e1 el portal de inscripci\u00f3n si alguna opci\u00f3n de alojamiento deja de estar disponible.<\/p><p>Si necesita agregar d\u00edas adicionales antes o despu\u00e9s de la duraci\u00f3n de la estancia, p\u00f3ngase en contacto con nosotros en iccplagos2026@gmail.com. Actualizaremos la informaci\u00f3n de su reserva con el Marriott u otros hoteles locales. Prevemos que el pago de esas noches adicionales deber\u00e1 realizarse directamente al hotel; sin embargo, nos comunicaremos con los asistentes directamente una vez que recibamos m\u00e1s informaci\u00f3n de nuestros socios hoteleros.<\/p><h2>Otras opciones de hotel<\/h2><p>Our local conference team has worked with other nearby hotels to hold blocks of rooms at discounted rates as well. To book these rooms, attendees can select one of these options through the Registration Portal as add-ons as well. Selections and payments of the nightly rate and processing fees (Whova and Stripe payment processing) would need to be made by February 20, 2026, to guarantee the bookings; reservations made after this date will be accepted pending available space. These add-ons will also be a 4-night package with check-in on September 1, 2026, and check-out on September 5, 2026. If you need to add any extra days before or after the stay duration, please contact us at iccplagos2026@gmail.com. We will update your booking information with the other local hotels. We anticipate payment for those additional nights will need to be made directly to the hotel; however, we will communicate with attendees directly once we receive more information from our hotel partners.<\/p><p>\u00a0<\/p><table><thead><tr><th><strong>Nombre del hotel<\/strong><\/th><th><strong>Cantidad bloqueada<\/strong><\/th><th><strong>Tarifa por noche (en USD)<\/strong><\/th><th>Distancia de conducci\u00f3n<\/th><th><strong>A poca distancia<\/strong><\/th><\/tr><\/thead><tbody><tr><td><a href=\"https:\/\/www.thesafronhotel.com\/\"><strong>Hotel Safron Ikeja<\/strong><\/a><\/td><td style=\"text-align: center;\">96<\/td><td style=\"text-align: center;\">$124<\/td><td style=\"text-align: center;\">1 minuto<\/td><td style=\"text-align: center;\">4 minutos<\/td><\/tr><tr><td><a href=\"https:\/\/shoregatehotels.com\/\"><strong>Hotel Shoregate Ikeja<\/strong><\/a><\/td><td style=\"text-align: center;\">50<\/td><td style=\"text-align: center;\">$83<\/td><td style=\"text-align: center;\">5 minutos<\/td><td style=\"text-align: center;\">9 minutos<\/td><\/tr><tr><td><a href=\"https:\/\/www.sojournerbygenesis.com\/\"><strong>El Hotel Sojourner Ikeja<\/strong><\/a><\/td><td style=\"text-align: center;\">30<\/td><td style=\"text-align: center;\">$83<\/td><td style=\"text-align: center;\">5 minutos<\/td><td style=\"text-align: center;\">10 minutos<\/td><\/tr><tr><td><a href=\"https:\/\/www.radissonhotels.com\/\"><strong>Hotel Radisson Blu Anchorage Ikeja<\/strong><\/a><\/td><td style=\"text-align: center;\">50<\/td><td style=\"text-align: center;\">$137<\/td><td style=\"text-align: center;\">5 minutos<\/td><td style=\"text-align: center;\">9 minutos<\/td><\/tr><\/tbody><\/table>\t\t\t\t\t\t\t\t<\/div>\n\t\t\t\t<\/div>\n\t\t\t\t<div class=\"elementor-element elementor-element-c3a40e4 elementor-widget elementor-widget-text-editor\" data-id=\"c3a40e4\" data-element_type=\"widget\" data-widget_type=\"text-editor.default\">\n\t\t\t\t<div class=\"elementor-widget-container\">\n\t\t\t\t\t\t\t\t\t<div class=\"elementor-element elementor-element-dcad8fc elementor-widget elementor-widget-text-editor\" data-id=\"dcad8fc\" data-element_type=\"widget\" data-widget_type=\"text-editor.default\"><div class=\"elementor-widget-container\"><div><p>Las preguntas relacionadas con el alojamiento pueden enviarse a: iccplagos2026@gmail.com<\/p><\/div><\/div><\/div>\t\t\t\t\t\t\t\t<\/div>\n\t\t\t\t<\/div>\n\t\t\t\t<\/div>\n\t\t\t\t<\/div>","protected":false},"excerpt":{"rendered":"<p>Lodging during ICCP Lagos 2026 Conference Hotel ICCP Lagos will be taking place primarily at the Lagos Marriott Hotel Ikeja. [&hellip;]<\/p>","protected":false},"author":1,"featured_media":0,"parent":0,"menu_order":0,"comment_status":"closed","ping_status":"closed","template":"elementor_header_footer","meta":{"site-sidebar-layout":"no-sidebar","site-content-layout":"","ast-site-content-layout":"full-width-container","site-content-style":"default","site-sidebar-style":"default","ast-global-header-display":"","ast-banner-title-visibility":"","ast-main-header-display":"","ast-hfb-above-header-display":"","ast-hfb-below-header-display":"","ast-hfb-mobile-header-display":"","site-post-title":"disabled","ast-breadcrumbs-content":"","ast-featured-img":"disabled","footer-sml-layout":"","theme-transparent-header-meta":"","adv-header-id-meta":"","stick-header-meta":"","header-above-stick-meta":"","header-main-stick-meta":"","header-below-stick-meta":"","astra-migrate-meta-layouts":"default","ast-page-background-enabled":"default","ast-page-background-meta":{"desktop":{"background-color":"var(--ast-global-color-5)","background-image":"","background-repeat":"repeat","background-position":"center center","background-size":"auto","background-attachment":"scroll","background-type":"","background-media":"","overlay-type":"","overlay-color":"","overlay-opacity":"","overlay-gradient":""},"tablet":{"background-color":"","background-image":"","background-repeat":"repeat","background-position":"center center","background-size":"auto","background-attachment":"scroll","background-type":"","background-media":"","overlay-type":"","overlay-color":"","overlay-opacity":"","overlay-gradient":""},"mobile":{"background-color":"","background-image":"","background-repeat":"repeat","background-position":"center center","background-size":"auto","background-attachment":"scroll","background-type":"","background-media":"","overlay-type":"","overlay-color":"","overlay-opacity":"","overlay-gradient":""}},"ast-content-background-meta":{"desktop":{"background-color":"var(--ast-global-color-4)","background-image":"","background-repeat":"repeat","background-position":"center center","background-size":"auto","background-attachment":"scroll","background-type":"","background-media":"","overlay-type":"","overlay-color":"","overlay-opacity":"","overlay-gradient":""},"tablet":{"background-color":"var(--ast-global-color-4)","background-image":"","background-repeat":"repeat","background-position":"center center","background-size":"auto","background-attachment":"scroll","background-type":"","background-media":"","overlay-type":"","overlay-color":"","overlay-opacity":"","overlay-gradient":""},"mobile":{"background-color":"var(--ast-global-color-4)","background-image":"","background-repeat":"repeat","background-position":"center center","background-size":"auto","background-attachment":"scroll","background-type":"","background-media":"","overlay-type":"","overlay-color":"","overlay-opacity":"","overlay-gradient":""}},"footnotes":""},"class_list":["post-839","page","type-page","status-publish","hentry"],"_links":{"self":[{"href":"https:\/\/iccplagos.com\/es\/wp-json\/wp\/v2\/pages\/839","targetHints":{"allow":["GET"]}}],"collection":[{"href":"https:\/\/iccplagos.com\/es\/wp-json\/wp\/v2\/pages"}],"about":[{"href":"https:\/\/iccplagos.com\/es\/wp-json\/wp\/v2\/types\/page"}],"author":[{"embeddable":true,"href":"https:\/\/iccplagos.com\/es\/wp-json\/wp\/v2\/users\/1"}],"replies":[{"embeddable":true,"href":"https:\/\/iccplagos.com\/es\/wp-json\/wp\/v2\/comments?post=839"}],"version-history":[{"count":43,"href":"https:\/\/iccplagos.com\/es\/wp-json\/wp\/v2\/pages\/839\/revisions"}],"predecessor-version":[{"id":1147,"href":"https:\/\/iccplagos.com\/es\/wp-json\/wp\/v2\/pages\/839\/revisions\/1147"}],"wp:attachment":[{"href":"https:\/\/iccplagos.com\/es\/wp-json\/wp\/v2\/media?parent=839"}],"curies":[{"name":"wp","href":"https:\/\/api.w.org\/{rel}","templated":true}]}}