{"id":885,"date":"2025-11-04T00:40:10","date_gmt":"2025-11-04T00:40:10","guid":{"rendered":"https:\/\/iccplagos.com\/?page_id=885"},"modified":"2026-03-05T21:52:11","modified_gmt":"2026-03-05T21:52:11","slug":"preconferencia","status":"publish","type":"page","link":"https:\/\/iccplagos.com\/es\/preconferencia\/","title":{"rendered":"Preconferencia"},"content":{"rendered":"<div data-elementor-type=\"wp-page\" data-elementor-id=\"885\" class=\"elementor elementor-885\" data-elementor-post-type=\"page\">\n\t\t\t\t<div class=\"elementor-element elementor-element-afea79d e-flex e-con-boxed e-con e-parent\" data-id=\"afea79d\" data-element_type=\"container\" data-settings=\"{&quot;background_background&quot;:&quot;video&quot;,&quot;background_video_link&quot;:&quot;https:\\\/\\\/youtu.be\\\/9PPspCe32sw&quot;,&quot;background_play_on_mobile&quot;:&quot;yes&quot;}\">\n\t\t\t\t\t<div class=\"e-con-inner\">\n\t\t<div class=\"elementor-background-video-container\">\n\t\t\t\t\t\t\t<div class=\"elementor-background-video-embed\"><\/div>\n\t\t\t\t\t\t<\/div>\t\t<div class=\"elementor-element elementor-element-82727f3 elementor-widget elementor-widget-heading\" data-id=\"82727f3\" data-element_type=\"widget\" data-widget_type=\"heading.default\">\n\t\t\t\t<div class=\"elementor-widget-container\">\n\t\t\t\t\t<h2 class=\"elementor-heading-title elementor-size-default\">PRECONFERENCIA<br>30 y 31 de agosto de 2026<\/h2>\t\t\t\t<\/div>\n\t\t\t\t<\/div>\n\t\t\t\t<div class=\"elementor-element elementor-element-7902ff7 elementor-widget elementor-widget-heading\" data-id=\"7902ff7\" data-element_type=\"widget\" data-widget_type=\"heading.default\">\n\t\t\t\t<div class=\"elementor-widget-container\">\n\t\t\t\t\t<h2 class=\"elementor-heading-title elementor-size-default\">Esto es Lagos.<\/h2>\t\t\t\t<\/div>\n\t\t\t\t<\/div>\n\t\t\t\t\t<\/div>\n\t\t\t\t<\/div>\n\t\t<div class=\"elementor-element elementor-element-1a392cbd e-flex e-con-boxed e-con e-parent\" data-id=\"1a392cbd\" data-element_type=\"container\">\n\t\t\t\t\t<div class=\"e-con-inner\">\n\t\t<div class=\"elementor-element elementor-element-5452a391 e-con-full e-flex e-con e-child\" data-id=\"5452a391\" data-element_type=\"container\">\n\t\t\t\t<div class=\"elementor-element elementor-element-27b978f4 elementor-widget elementor-widget-heading\" data-id=\"27b978f4\" data-element_type=\"widget\" data-widget_type=\"heading.default\">\n\t\t\t\t<div class=\"elementor-widget-container\">\n\t\t\t\t\t<h2 class=\"elementor-heading-title elementor-size-default\">Descripci\u00f3n previa a la conferencia<\/h2>\t\t\t\t<\/div>\n\t\t\t\t<\/div>\n\t\t\t\t<div class=\"elementor-element elementor-element-2c0d61d5 elementor-widget elementor-widget-text-editor\" data-id=\"2c0d61d5\" data-element_type=\"widget\" data-widget_type=\"text-editor.default\">\n\t\t\t\t<div class=\"elementor-widget-container\">\n\t\t\t\t\t\t\t\t\t<p class=\"p2\">La gira previa a la conferencia \u201cThis is Lagos\u201d est\u00e1 concebida como un evento experiencial emblem\u00e1tico que se celebrar\u00e1 los d\u00edas 30 y 31 de agosto de 2026 en Lagos, Nigeria. Esta gira servir\u00e1 como precursor inmersivo de la 26.\u00aa Conferencia Internacional de Psic\u00f3logos Comunitarios, ofreciendo a los participantes una oportunidad \u00fanica para explorar el rico patrimonio cultural, las comunidades din\u00e1micas y el paisaje urbano en constante evoluci\u00f3n de Lagos. El tour tiene como objetivo fomentar una comprensi\u00f3n m\u00e1s profunda, una reflexi\u00f3n cr\u00edtica y un compromiso significativo con las dimensiones socioculturales, hist\u00f3ricas y ecol\u00f3gicas de Lagos como tierra de nadie.<\/p><h3 class=\"p2\"><b>Antecedentes hist\u00f3ricos de Lagos<\/b><\/h3><p class=\"p2\"><b> <\/b>Lagos, a menudo conocida como la \u201cciudad del esplendor acu\u00e1tico\u201d, es una de las ciudades m\u00e1s vibrantes y pobladas de \u00c1frica. Hist\u00f3ricamente, su desarrollo ha estado marcado por su proximidad al oc\u00e9ano Atl\u00e1ntico y sus extensos sistemas de lagunas. La administraci\u00f3n de la costa atl\u00e1ntica por parte de la familia real Oniru, descendientes de los primeros guardianes del litoral de Lagos, pone de relieve la intersecci\u00f3n entre la autoridad tradicional y la gobernanza urbana moderna. La ciudad tambi\u00e9n alberga diversas comunidades acu\u00e1ticas, como Makoko, que llevan mucho tiempo enfrent\u00e1ndose a los retos y oportunidades de la vida en el agua, luchando contra la desastrosa contaminaci\u00f3n de la ciudad, as\u00ed como contra las constantes amenazas de desalojo y todas las dem\u00e1s presiones de la expansi\u00f3n urbana. La visita situar\u00e1 a los participantes en estas historias superpuestas, haciendo hincapi\u00e9 en el papel de la administraci\u00f3n ind\u00edgena, la resiliencia y la controversia en la configuraci\u00f3n de la identidad de Lagos.<\/p><p class=\"p2\">A menudo se describe a Lagos como una \u201ctierra de nadie\u201d, ya que es un crisol de diversas culturas, etnias e historias, moldeado por oleadas de migraci\u00f3n interna y una r\u00e1pida urbanizaci\u00f3n. Esta singularidad ha contribuido tanto a su dinamismo como a sus dificultades, ya que residentes de diversos or\u00edgenes compiten por el espacio, los recursos y el reconocimiento en una ciudad en constante evoluci\u00f3n. La ausencia de un \u00fanico grupo ind\u00edgena dominante ha dado lugar en ocasiones a disputas sobre la tierra, la identidad y la pertenencia, lo que ha intensificado los retos relacionados con la cohesi\u00f3n social, el desarrollo equitativo y la preservaci\u00f3n del patrimonio cultural.<\/p><h3>Objetivos del tour<\/h3><p>El tour previo a la conferencia \u201cThis Is Lagos\u201d ofrecer\u00e1 a los participantes internacionales una experiencia de aprendizaje enriquecedora y multidimensional, en la que se destacar\u00e1 el patrimonio \u00fanico, la resiliencia comunitaria y la din\u00e1mica urbana de Lagos. A trav\u00e9s de visitas cuidadosamente seleccionadas, talleres colaborativos y una participaci\u00f3n inclusiva, el tour tiene como objetivo promover el entendimiento intercultural, apoyar las iniciativas locales e inspirar acciones futuras en el campo de la psicolog\u00eda comunitaria. Los objetivos espec\u00edficos del tour son:<\/p><ul><li>Proporcionar a los participantes informaci\u00f3n de primera mano sobre las interconexiones entre el agua, la comunidad, el patrimonio y el desarrollo urbano en Lagos.<\/li><li>Fomentar el di\u00e1logo y el aprendizaje interculturales mediante la colaboraci\u00f3n con las comunidades locales, las autoridades tradicionales y los urbanistas.<\/li><li>Destacar tanto los retos como las innovaciones en la gesti\u00f3n de los espacios acu\u00e1ticos en un contexto de r\u00e1pida urbanizaci\u00f3n.<\/li><li>Apoyar las iniciativas impulsadas por la comunidad y amplificar las voces de las comunidades marginadas que dependen del agua, especialmente en Makoko.<\/li><li>Crear una plataforma para la acci\u00f3n colaborativa y futuras alianzas entre actores acad\u00e9micos, pol\u00edticos y locales.<\/li><\/ul><h3>\u00c1reas tem\u00e1ticas de aprendizaje<\/h3><ul><li>Patrimonio h\u00eddrico y administraci\u00f3n: exploraci\u00f3n de la custodia tradicional y la gesti\u00f3n contempor\u00e1nea de las v\u00edas fluviales de Lagos.<\/li><li>Resiliencia comunitaria: Comprender las experiencias vividas, las estrategias de adaptaci\u00f3n y los esfuerzos de defensa de las comunidades que dependen del agua.<\/li><li>Desarrollo urbano y desplazamiento: an\u00e1lisis de los impactos de la urbanizaci\u00f3n, los proyectos de infraestructura y las amenazas de desalojo sobre las poblaciones locales.<\/li><li>Din\u00e1micas socioecon\u00f3micas: an\u00e1lisis del papel del agua en la configuraci\u00f3n de los medios de vida, la movilidad y el desarrollo urbano.<\/li><\/ul><h3>Enfoque de impartici\u00f3n del aprendizaje<\/h3><ul><li>Visitas guiadas a lugares clave.<\/li><li>Talleres interactivos y mesas redondas, dirigidos por gu\u00edas tur\u00edsticos profesionales, expertos locales y facilitadores, centrados en las necesidades de servicios, la promoci\u00f3n de pol\u00edticas y el desarrollo sostenible.<\/li><li>Oportunidades para participar en actividades orientadas al servicio, especialmente en comunidades vulnerables como Makoko.<\/li><li>Uso de diversos medios de transporte (ferry, metro, autob\u00fas y tren) para conocer de primera mano la infraestructura relacionada con el agua de la ciudad.<\/li><\/ul><h3>Ubicaciones espec\u00edficas de los sitios<\/h3><ul><li>Reino de Oniru y Aqua Atlantic City: Relaci\u00f3nese con la familia real de Oniru, explore la administraci\u00f3n hist\u00f3rica de la costa atl\u00e1ntica y debata sobre el desarrollo urbano orientado al futuro.<\/li><li>Comunidad flotante de Makoko: Visita guiada (con cita previa y consentimiento de la comunidad) para comprender los retos, las innovaciones y los esfuerzos de defensa de este emblem\u00e1tico asentamiento acu\u00e1tico en dificultades.<\/li><li>Isla de Lagos: Viaje en ferry o autob\u00fas a lo largo de la costa, explorando los lugares hist\u00f3ricos y emblem\u00e1ticos de la ciudad, las principales rutas acu\u00e1ticas y la infraestructura urbana.<\/li><li>El mercado de arte y artesan\u00eda de Lekki: visitas organizadas al mercado con acompa\u00f1antes para garantizar la seguridad y maximizar el aprendizaje y la experiencia cultural.<\/li><li>Centro Randle: Recorrido a pie por el Centro Randle de Lagos, una destacada instituci\u00f3n cultural situada en Lagos, Nigeria, creada en honor al Dr. John Randle, un destacado m\u00e9dico y fil\u00e1ntropo que desempe\u00f1\u00f3 un papel importante en el desarrollo social y c\u00edvico de la ciudad a principios del siglo XX. El centro sirve como centro neur\u00e1lgico para exposiciones culturales, eventos comunitarios y programas educativos, reflejando el rico patrimonio y las contribuciones de las diversas comunidades de Lagos.<\/li><li>Museo Nacional: El Museo Nacional de Lagos, fundado en 1957, es uno de los repositorios m\u00e1s importantes de artefactos hist\u00f3ricos y culturales de Nigeria. Alberga una vasta colecci\u00f3n de objetos arqueol\u00f3gicos, etnogr\u00e1ficos y art\u00edsticos, entre los que se incluyen piezas destacadas como los bronces de Ben\u00edn y la terracota de Nok. El museo ofrece una visi\u00f3n de la historia precolonial de Nigeria, su trayectoria a lo largo de la \u00e9poca colonial y la evoluci\u00f3n de su sociedad contempor\u00e1nea, lo que lo convierte en un destino clave para comprender el pasado y la identidad cultural de la naci\u00f3n.<\/li><\/ul><h3>Log\u00edstica previa a la conferencia<\/h3><h4 class=\"p1\">Disposiciones de transporte<\/h4><ul><li class=\"p2\">Transporte multimodal: Los participantes utilizar\u00e1n una combinaci\u00f3n de autobuses ch\u00e1rter, tren y ferry para desplazarse entre los principales lugares de inter\u00e9s, como el reino de Oniru, Makoko, la isla de Lagos y el Randle Center. Cada medio de transporte se ha seleccionado para ofrecer una visi\u00f3n aut\u00e9ntica de las infraestructuras relacionadas con el agua de Lagos, al tiempo que se garantiza un viaje eficiente y seguro.<\/li><li class=\"p2\">Horarios preestablecidos: Todos los traslados est\u00e1n programados para salir y regresar temprano, con el fin de minimizar la exposici\u00f3n al tr\u00e1fico en horas pico y garantizar llegadas puntuales a cada destino.<\/li><li class=\"p2\">Veh\u00edculos y transbordadores exclusivos: Se reservar\u00e1n autobuses y transbordadores ch\u00e1rter exclusivamente para el grupo, con capacidad ajustada para mayor comodidad y seguridad. Todos los veh\u00edculos est\u00e1n equipados con aire acondicionado, botiqu\u00edn de primeros auxilios y protocolos de contacto de emergencia.<\/li><li class=\"p2\">Recorridos guiados a pie: Los recorridos a pie, especialmente en mercados y sitios culturales, ser\u00e1n dirigidos por gu\u00edas locales y acompa\u00f1antes, con puntos de encuentro claros y registros de grupo a intervalos regulares.<\/li><\/ul><h4>Disposiciones de seguridad<\/h4><ul><li class=\"p1\">Se desplegar\u00e1 personal de seguridad totalmente equipado, armado y con licencia del Departamento de Seguridad del Estado (DSS) junto con escoltas de la polic\u00eda del estado de Lagos para viajar con el tour. Estos estar\u00e1n presentes durante todos los desplazamientos y actividades del grupo. Realizar\u00e1n recuentos peri\u00f3dicos y supervisar\u00e1n los puntos de entrada y salida en cada lugar. El equipo de seguridad estar\u00e1 compuesto por 4 oficiales del DSS, 12 escoltas de la polic\u00eda m\u00f3vil, 3 veh\u00edculos de escolta de seguridad y 1 veh\u00edculo todoterreno de emergencia. El equipo de seguridad tambi\u00e9n se encargar\u00e1 de:<ul><li class=\"p1\">Las autoridades locales han elaborado medidas de seguridad en colaboraci\u00f3n con la polic\u00eda local y los l\u00edderes comunitarios, especialmente para zonas sensibles como Makoko y los concurridos distritos comerciales, con el fin de garantizar una interacci\u00f3n respetuosa y una asistencia inmediata en caso necesario.<\/li><li class=\"p1\">Asistencia sanitaria y de emergencia con primeros auxilios espec\u00edficos, rutas de evacuaci\u00f3n de emergencia y procedimientos establecidos y compartidos durante la sesi\u00f3n de orientaci\u00f3n. Tambi\u00e9n se recopilar\u00e1n con antelaci\u00f3n los contactos de emergencia de los participantes.<\/li><li class=\"p1\">Evaluaciones de seguridad del lugar antes de cada visita, para identificar posibles riesgos y garantizar que se proporcionen instrucciones de seguridad espec\u00edficas del lugar a todos los participantes.<\/li><li class=\"p1\">Notificaci\u00f3n de incidentes, con protocolos claros para abordar los incidentes de seguridad o salud descritos y la informaci\u00f3n de contacto del personal clave distribuida a todos los participantes.<\/li><li><p class=\"p2\">Colaboraci\u00f3n con gu\u00edas locales experimentados, custodios, traductores y coordinadores log\u00edsticos para facilitar todos los aspectos del tour. Sus funciones incluyen ayudar con el control de multitudes, garantizar un paso seguro en lugares concurridos o sensibles y facilitar la comunicaci\u00f3n en caso de emergencia.<\/p><\/li><\/ul><\/li><\/ul><h4>Arreglos de alojamiento<\/h4><ul><li>Alojamiento: El precio de la preconferencia incluye dos noches de alojamiento (30 y 31 de agosto). Los participantes se alojar\u00e1n en el hotel elegido durante el proceso de inscripci\u00f3n, que se encuentra muy cerca del lugar donde se celebra la conferencia.<\/li><li>Asistencia in situ: El hotel ofrece servicio de recepci\u00f3n las 24 horas, entrada segura y desayuno diario. Las reuniones informativas y de an\u00e1lisis de los grupos se celebrar\u00e1n cada tarde en una sala de reuniones designada.<\/li><li>Transporte desde y hacia el alojamiento: El transporte diario en grupo saldr\u00e1 y regresar\u00e1 al hotel a las horas programadas, con planes de contingencia para llegadas tard\u00edas o emergencias.<\/li><\/ul><h4>Costo de inscripci\u00f3n previa a la conferencia<\/h4><p>El costo de inscripci\u00f3n previa a la conferencia es de $540 USD por persona; Whova y Stripe cobran una tarifa adicional de procesamiento de pagos de $34.14. Esto incluye dos d\u00edas de alojamiento, t\u00e9, almuerzo, cena, seguridad, transporte, int\u00e9rpretes (franc\u00e9s y espa\u00f1ol), coordinaci\u00f3n y facilitaci\u00f3n de visitas tur\u00edsticas y entretenimiento.\u00a0<\/p><p>Para inscribirse en la preconferencia, los asistentes pueden seleccionar y enviar el pago para la excursi\u00f3n previa a la conferencia \u201cThis Is Lagos\u201d (Esto es Lagos), que se celebrar\u00e1 los d\u00edas 30 y 31 de agosto, a trav\u00e9s del portal de inscripci\u00f3n.<\/p><h6 class=\"small-theme\">Comit\u00e9 de Planificaci\u00f3n Pre y Post Conferencia del ICCP 2026<\/h6><h6 class=\"small-theme\">Comit\u00e9 de Planificaci\u00f3n<\/h6><ul class=\"preconference-list\"><li>Tiffeny Jim\u00e9nez<\/li><li>Nkiru Nnawulezi<\/li><li>Moshood Olanrewaju<\/li><li>Leo Wilton<\/li><\/ul>\t\t\t\t\t\t\t\t<\/div>\n\t\t\t\t<\/div>\n\t\t\t\t<\/div>\n\t\t\t\t\t<\/div>\n\t\t\t\t<\/div>\n\t\t<div class=\"elementor-element elementor-element-714fbc2 e-flex e-con-boxed e-con e-parent\" data-id=\"714fbc2\" data-element_type=\"container\" data-settings=\"{&quot;background_background&quot;:&quot;classic&quot;}\">\n\t\t\t\t\t<div class=\"e-con-inner\">\n\t\t\t\t<div class=\"elementor-element elementor-element-49666151 elementor-widget elementor-widget-heading\" data-id=\"49666151\" data-element_type=\"widget\" data-widget_type=\"heading.default\">\n\t\t\t\t<div class=\"elementor-widget-container\">\n\t\t\t\t\t<h2 class=\"elementor-heading-title elementor-size-default\">S\u00c9 PARTE DEL CAMBIO<\/h2>\t\t\t\t<\/div>\n\t\t\t\t<\/div>\n\t\t\t\t<div class=\"elementor-element elementor-element-5acfe687 elementor-widget elementor-widget-heading\" data-id=\"5acfe687\" data-element_type=\"widget\" data-widget_type=\"heading.default\">\n\t\t\t\t<div class=\"elementor-widget-container\">\n\t\t\t\t\t<h2 class=\"elementor-heading-title elementor-size-default\">Reg\u00edstrese en ICCP2026 o colabore con nosotros para ampliar el impacto.<\/h2>\t\t\t\t<\/div>\n\t\t\t\t<\/div>\n\t\t<div class=\"elementor-element elementor-element-57216bec e-grid e-con-full elementor-hidden-mobile e-con e-child\" data-id=\"57216bec\" data-element_type=\"container\">\n\t\t\t\t<div class=\"elementor-element elementor-element-3698d1cb elementor-align-right elementor-widget elementor-widget-button\" data-id=\"3698d1cb\" data-element_type=\"widget\" data-widget_type=\"button.default\">\n\t\t\t\t<div class=\"elementor-widget-container\">\n\t\t\t\t\t\t\t\t\t<div class=\"elementor-button-wrapper\">\n\t\t\t\t\t<a class=\"elementor-button elementor-button-link elementor-size-sm\" href=\"https:\/\/iccplagos.com\/es\/wp\/registrarse\/\">\n\t\t\t\t\t\t<span class=\"elementor-button-content-wrapper\">\n\t\t\t\t\t\t\t\t\t<span class=\"elementor-button-text\">Reg\u00edstrate<\/span>\n\t\t\t\t\t<\/span>\n\t\t\t\t\t<\/a>\n\t\t\t\t<\/div>\n\t\t\t\t\t\t\t\t<\/div>\n\t\t\t\t<\/div>\n\t\t\t\t<div class=\"elementor-element elementor-element-1281f74 elementor-mobile-align-center elementor-widget elementor-widget-button\" data-id=\"1281f74\" data-element_type=\"widget\" data-widget_type=\"button.default\">\n\t\t\t\t<div class=\"elementor-widget-container\">\n\t\t\t\t\t\t\t\t\t<div class=\"elementor-button-wrapper\">\n\t\t\t\t\t<a class=\"elementor-button elementor-button-link elementor-size-sm\" href=\"https:\/\/iccplagos.com\/es\/wp\/asociese-con-nosotros\/\">\n\t\t\t\t\t\t<span class=\"elementor-button-content-wrapper\">\n\t\t\t\t\t\t\t\t\t<span class=\"elementor-button-text\">Colabora con nosotros <\/span>\n\t\t\t\t\t<\/span>\n\t\t\t\t\t<\/a>\n\t\t\t\t<\/div>\n\t\t\t\t\t\t\t\t<\/div>\n\t\t\t\t<\/div>\n\t\t\t\t<\/div>\n\t\t\t\t\t<\/div>\n\t\t\t\t<\/div>\n\t\t\t\t<\/div>","protected":false},"excerpt":{"rendered":"<p>PRECONFERENCEAugust 30-31, 2026 This is Lagos Preconference Description The \u201cThis is Lagos\u201d Pre-Conference Tour is designed as a signature experiential [&hellip;]<\/p>","protected":false},"author":1,"featured_media":0,"parent":0,"menu_order":0,"comment_status":"closed","ping_status":"closed","template":"","meta":{"site-sidebar-layout":"no-sidebar","site-content-layout":"","ast-site-content-layout":"full-width-container","site-content-style":"default","site-sidebar-style":"default","ast-global-header-display":"","ast-banner-title-visibility":"","ast-main-header-display":"","ast-hfb-above-header-display":"","ast-hfb-below-header-display":"","ast-hfb-mobile-header-display":"","site-post-title":"disabled","ast-breadcrumbs-content":"","ast-featured-img":"disabled","footer-sml-layout":"","theme-transparent-header-meta":"","adv-header-id-meta":"","stick-header-meta":"","header-above-stick-meta":"","header-main-stick-meta":"","header-below-stick-meta":"","astra-migrate-meta-layouts":"default","ast-page-background-enabled":"default","ast-page-background-meta":{"desktop":{"background-color":"var(--ast-global-color-5)","background-image":"","background-repeat":"repeat","background-position":"center center","background-size":"auto","background-attachment":"scroll","background-type":"","background-media":"","overlay-type":"","overlay-color":"","overlay-opacity":"","overlay-gradient":""},"tablet":{"background-color":"","background-image":"","background-repeat":"repeat","background-position":"center center","background-size":"auto","background-attachment":"scroll","background-type":"","background-media":"","overlay-type":"","overlay-color":"","overlay-opacity":"","overlay-gradient":""},"mobile":{"background-color":"","background-image":"","background-repeat":"repeat","background-position":"center center","background-size":"auto","background-attachment":"scroll","background-type":"","background-media":"","overlay-type":"","overlay-color":"","overlay-opacity":"","overlay-gradient":""}},"ast-content-background-meta":{"desktop":{"background-color":"var(--ast-global-color-4)","background-image":"","background-repeat":"repeat","background-position":"center center","background-size":"auto","background-attachment":"scroll","background-type":"","background-media":"","overlay-type":"","overlay-color":"","overlay-opacity":"","overlay-gradient":""},"tablet":{"background-color":"var(--ast-global-color-4)","background-image":"","background-repeat":"repeat","background-position":"center center","background-size":"auto","background-attachment":"scroll","background-type":"","background-media":"","overlay-type":"","overlay-color":"","overlay-opacity":"","overlay-gradient":""},"mobile":{"background-color":"var(--ast-global-color-4)","background-image":"","background-repeat":"repeat","background-position":"center center","background-size":"auto","background-attachment":"scroll","background-type":"","background-media":"","overlay-type":"","overlay-color":"","overlay-opacity":"","overlay-gradient":""}},"footnotes":""},"class_list":["post-885","page","type-page","status-publish","hentry"],"_links":{"self":[{"href":"https:\/\/iccplagos.com\/es\/wp-json\/wp\/v2\/pages\/885","targetHints":{"allow":["GET"]}}],"collection":[{"href":"https:\/\/iccplagos.com\/es\/wp-json\/wp\/v2\/pages"}],"about":[{"href":"https:\/\/iccplagos.com\/es\/wp-json\/wp\/v2\/types\/page"}],"author":[{"embeddable":true,"href":"https:\/\/iccplagos.com\/es\/wp-json\/wp\/v2\/users\/1"}],"replies":[{"embeddable":true,"href":"https:\/\/iccplagos.com\/es\/wp-json\/wp\/v2\/comments?post=885"}],"version-history":[{"count":41,"href":"https:\/\/iccplagos.com\/es\/wp-json\/wp\/v2\/pages\/885\/revisions"}],"predecessor-version":[{"id":1137,"href":"https:\/\/iccplagos.com\/es\/wp-json\/wp\/v2\/pages\/885\/revisions\/1137"}],"wp:attachment":[{"href":"https:\/\/iccplagos.com\/es\/wp-json\/wp\/v2\/media?parent=885"}],"curies":[{"name":"wp","href":"https:\/\/api.w.org\/{rel}","templated":true}]}}