{"id":888,"date":"2025-11-04T00:59:18","date_gmt":"2025-11-04T00:59:18","guid":{"rendered":"https:\/\/iccplagos.com\/?page_id=888"},"modified":"2026-02-19T22:02:19","modified_gmt":"2026-02-19T22:02:19","slug":"poscongreso","status":"publish","type":"page","link":"https:\/\/iccplagos.com\/es\/poscongreso\/","title":{"rendered":"Despu\u00e9s de la conferencia"},"content":{"rendered":"<div data-elementor-type=\"wp-page\" data-elementor-id=\"888\" class=\"elementor elementor-888\" data-elementor-post-type=\"page\">\n\t\t\t\t<div class=\"elementor-element elementor-element-afea79d e-flex e-con-boxed e-con e-parent\" data-id=\"afea79d\" data-element_type=\"container\" data-settings=\"{&quot;background_background&quot;:&quot;video&quot;,&quot;background_video_link&quot;:&quot;https:\\\/\\\/youtu.be\\\/9PPspCe32sw&quot;,&quot;background_play_on_mobile&quot;:&quot;yes&quot;}\">\n\t\t\t\t\t<div class=\"e-con-inner\">\n\t\t<div class=\"elementor-background-video-container\">\n\t\t\t\t\t\t\t<div class=\"elementor-background-video-embed\"><\/div>\n\t\t\t\t\t\t<\/div>\t\t<div class=\"elementor-element elementor-element-82727f3 elementor-widget elementor-widget-heading\" data-id=\"82727f3\" data-element_type=\"widget\" data-widget_type=\"heading.default\">\n\t\t\t\t<div class=\"elementor-widget-container\">\n\t\t\t\t\t<h2 class=\"elementor-heading-title elementor-size-default\">POSTCONFERENCIA<br>5-7 de septiembre<\/h2>\t\t\t\t<\/div>\n\t\t\t\t<\/div>\n\t\t\t\t<div class=\"elementor-element elementor-element-7902ff7 elementor-widget elementor-widget-heading\" data-id=\"7902ff7\" data-element_type=\"widget\" data-widget_type=\"heading.default\">\n\t\t\t\t<div class=\"elementor-widget-container\">\n\t\t\t\t\t<h2 class=\"elementor-heading-title elementor-size-default\">Los caminos del agua<\/h2>\t\t\t\t<\/div>\n\t\t\t\t<\/div>\n\t\t\t\t\t<\/div>\n\t\t\t\t<\/div>\n\t\t<div class=\"elementor-element elementor-element-1a392cbd e-flex e-con-boxed e-con e-parent\" data-id=\"1a392cbd\" data-element_type=\"container\">\n\t\t\t\t\t<div class=\"e-con-inner\">\n\t\t<div class=\"elementor-element elementor-element-5452a391 e-con-full e-flex e-con e-child\" data-id=\"5452a391\" data-element_type=\"container\">\n\t\t\t\t<div class=\"elementor-element elementor-element-27b978f4 elementor-widget elementor-widget-heading\" data-id=\"27b978f4\" data-element_type=\"widget\" data-widget_type=\"heading.default\">\n\t\t\t\t<div class=\"elementor-widget-container\">\n\t\t\t\t\t<h2 class=\"elementor-heading-title elementor-size-default\"><b>Descripci\u00f3n posterior a la conferencia<\/b><\/h2>\t\t\t\t<\/div>\n\t\t\t\t<\/div>\n\t\t\t\t<div class=\"elementor-element elementor-element-2c0d61d5 elementor-widget elementor-widget-text-editor\" data-id=\"2c0d61d5\" data-element_type=\"widget\" data-widget_type=\"text-editor.default\">\n\t\t\t\t<div class=\"elementor-widget-container\">\n\t\t\t\t\t\t\t\t\t<p>La \u201cExcursi\u00f3n did\u00e1ctica sobre el agua a Badagry\u201d (del 5 al 7 de septiembre de 2026) se concibe como una experiencia inmersiva posterior a la Conferencia Internacional de Psic\u00f3logos Comunitarios en Lagos. Esta iniciativa se basa en el significado simb\u00f3lico e hist\u00f3rico del agua como met\u00e1fora de la sanaci\u00f3n, la transformaci\u00f3n y la hospitalidad radical. En el contexto de Badagry, el agua tiene una doble funci\u00f3n: como testigo de los sufrimientos de la trata transatl\u00e1ntica de esclavos y como elemento de sanaci\u00f3n comunitaria de su trauma, purificaci\u00f3n, renovaci\u00f3n espiritual y resiliencia comunitaria.<\/p>\n<h3 class=\"p2\"><b>Antecedentes hist\u00f3ricos<\/b><\/h3>\n<p class=\"p2\">Badagry, situada en la costa atl\u00e1ntica occidental de Lagos, es una ciudad de gran importancia hist\u00f3rica, ya que fue uno de los principales puertos esclavistas de \u00c1frica Occidental durante la trata transatl\u00e1ntica de esclavos. Entre los siglos XVI y XIX, los historiadores estiman que cientos de miles de africanos esclavizados pasaron por Badagry. Aunque es dif\u00edcil determinar las cifras exactas debido a la incompletitud de los registros coloniales, las fuentes documentadas indican que entre 500 000 y un mill\u00f3n de africanos fueron transportados desde la regi\u00f3n de la bah\u00eda de Ben\u00edn, siendo Badagry el principal punto de embarque. La mayor\u00eda de los esclavos transportados a trav\u00e9s de Badagry proced\u00edan de los grupos \u00e9tnicos yoruba, ewe y fon, entre otros, originarios de lo que hoy es el suroeste de Nigeria, Ben\u00edn y Togo. A menudo, los cautivos eran conducidos a la fuerza desde el interior del pa\u00eds hasta Badagry, donde eran recluidos en barracones antes de ser embarcados en barcos y enviados a trav\u00e9s del Atl\u00e1ntico a destinos en Am\u00e9rica y el Caribe. Entre los puertos de llegada m\u00e1s destacados se encontraban Brasil, Cuba, Jamaica, Hait\u00ed, Trinidad y el sur de Estados Unidos, donde eran sometidos a trabajos forzados en las plantaciones y otras formas de explotaci\u00f3n. Los registros hist\u00f3ricos, como los documentos parlamentarios brit\u00e1nicos, la base de datos sobre el comercio transatl\u00e1ntico de esclavos y las historias orales locales, corroboran la magnitud y el alcance del comercio de esclavos a trav\u00e9s de Badagry. El paisaje cultural de la ciudad est\u00e1 marcado por este legado como lugar de partida y recuerdo, y las familias y custodios locales, incluidos los sacerdotes Olokun, mantienen tradiciones que honran el poder espiritual del oc\u00e9ano y su papel en la curaci\u00f3n y la vida comunitaria. La reverencia por el agua sigue transmiti\u00e9ndose de generaci\u00f3n en generaci\u00f3n, lo que refleja la importancia que sigue teniendo el agua en la identidad de Badagry.<\/p>\n<h3 class=\"p2\"><b>Objetivos del viaje de aprendizaje<\/b><\/h3>\n<p class=\"p2\">El tour tiene como objetivo facilitar la implicaci\u00f3n de los participantes con las dimensiones psicol\u00f3gicas, culturales e hist\u00f3ricas del agua, fomentando un encuentro entre el yo y el alma en un entorno profundamente marcado tanto por el trauma colectivo como por la resiliencia de la comunidad. M\u00e1s concretamente, el tour tendr\u00e1 como objetivo:<\/p>\n<ul>\n<li class=\"p2\">Profundizar en el conocimiento de los participantes sobre el papel simb\u00f3lico e hist\u00f3rico del agua en la vida cultural y comunitaria de Badagry.<\/li>\n<li class=\"p2\">Facilitar la comprensi\u00f3n del concepto de sanaci\u00f3n comunitaria a trav\u00e9s de reflexiones sobre el trauma hist\u00f3rico y la inmersi\u00f3n en las tradiciones locales en los sitios.<\/li>\n<li class=\"p2\">Fomentar la comunidad entre los participantes y los custodios locales, promoviendo el aprendizaje compartido sobre experiencias transformadoras espec\u00edficas de \u00c1frica.<\/li>\n<li class=\"p2\">Explora las intersecciones entre la psicolog\u00eda comunitaria, la custodia espiritual y el patrimonio cultural.<\/li>\n<li class=\"p2\">Capacitar a los participantes para mejorar su comprensi\u00f3n en sus interacciones con las respectivas comunidades africanas en la di\u00e1spora.<\/li>\n<\/ul>\n<h3>\u00c1reas tem\u00e1ticas de aprendizaje<\/h3>\n<p>En Badagry se perciben varios temas principales, entretejidos a trav\u00e9s de su paisaje, su historia y su vida cultural. Entre ellos destaca el legado perdurable de la trata transatl\u00e1ntica de esclavos, con Badagry como un poderoso lugar de memoria, trauma y testimonio. La ciudad tambi\u00e9n est\u00e1 marcada por el simbolismo del agua, que representa tanto el sufrimiento como el potencial de sanaci\u00f3n y renovaci\u00f3n espiritual. La resiliencia de la comunidad surge como otro tema clave, que se manifiesta en las tradiciones mantenidas por los guardianes locales y las familias que honran el significado espiritual del agua y facilitan la sanaci\u00f3n comunitaria. Estos temas interact\u00faan para fomentar un espacio de reflexi\u00f3n, transformaci\u00f3n y aprendizaje comunitario, lo que convierte a Badagry en un entorno profundo para el autodescubrimiento y el di\u00e1logo sobre las experiencias africanas hist\u00f3ricas y contempor\u00e1neas. Por lo tanto, la visita se centrar\u00e1 en los siguientes temas espec\u00edficos:<\/p>\n<ul>\n<li>Trauma hist\u00f3rico y sanaci\u00f3n: El legado de la trata transatl\u00e1ntica de esclavos y los procesos de limpieza y renovaci\u00f3n.<\/li>\n<li>El agua como met\u00e1fora: cambiar de forma, mantener el espacio y crear una hospitalidad radical en tiempos de transici\u00f3n y desaparici\u00f3n.<\/li>\n<li>Resiliencia comunitaria y custodia espiritual: El papel de los custodios locales, como los sacerdotes Olokun, en la orientaci\u00f3n de los rituales comunitarios y la sanaci\u00f3n.<\/li>\n<li>Autodescubrimiento e introspecci\u00f3n: Experimentar Badagry como un paisaje del alma, una oportunidad para fomentar el autodescubrimiento introspectivo, la evaluaci\u00f3n psicosocial y el renacimiento emocional, ofreciendo a los participantes la oportunidad de encontrar y sanar traumas previamente desconocidos dentro de s\u00ed mismos, la humanidad y la comunidad en general.<\/li>\n<\/ul>\n<h3 class=\"p2\"><b>Enfoque de impartici\u00f3n del aprendizaje<\/b><\/h3>\n<p class=\"p2\">Las visitas guiadas, dirigidas por custodios e historiadores locales, ofrecer\u00e1n narrativas contextuales y perspectivas personales. Los participantes se involucrar\u00e1n directamente con el paisaje y la historia \u00fanicos de Badagry, recorriendo los caminos de la memoria desde los puertos de esclavos hasta las aguas curativas. La visita destacar\u00e1 el papel de los custodios en el mantenimiento de las tradiciones de reverencia por el oc\u00e9ano, mostrando c\u00f3mo las pr\u00e1cticas locales de hospitalidad y orientaci\u00f3n espiritual se entrelazan en el tejido de la vida comunitaria. Este enfoque inmersivo anima a los visitantes a presenciar y participar en los procesos de sanaci\u00f3n comunitaria, no como forasteros, sino como invitados bienvenidos. El enfoque incluir\u00e1:<\/p>\n<ul>\n<li class=\"p2\">Sesiones de narraci\u00f3n de historias y reflexi\u00f3n participativa, invitando al di\u00e1logo entre los participantes y los miembros de la comunidad local.<\/li>\n<li class=\"p2\">Exposiciones de rituales y ceremonias en lugares relacionados con el agua, facilitadas por guardianes espirituales para fomentar la sanaci\u00f3n colectiva.<\/li>\n<li class=\"p2\">Talleres interactivos centrados en temas hist\u00f3ricos, culturales y psicol\u00f3gicos relevantes para la experiencia de Badagry.<\/li>\n<\/ul>\n<h3 class=\"p1\"><b>Lugares espec\u00edficos para visitas in situ<\/b><\/h3>\n<ul>\n<li>Museo de la Familia Mobee: Museo privado que conserva historias orales y artefactos. El museo est\u00e1 situado en la casa ancestral de una de las familias m\u00e1s importantes de Badagry, cuyo linaje est\u00e1 profundamente entrelazado con la participaci\u00f3n de la ciudad en el comercio transatl\u00e1ntico de esclavos. El museo documenta las experiencias de la familia Mobee, que hist\u00f3ricamente actu\u00f3 como intermediaria durante la \u00e9poca de la esclavitud, y a trav\u00e9s de sus exposiciones e historias familiares, ofrece a los visitantes una perspectiva \u00fanica sobre el complejo pasado de Badagry, fomentando la comprensi\u00f3n del impacto local de la esclavitud y los procesos continuos de recuerdo, di\u00e1logo y sanaci\u00f3n dentro de la comunidad.<\/li>\n<li>Mercado de esclavos y santuario de Vlekete: Santuario y mercado local con significado espiritual. Hist\u00f3ricamente, no solo sirvi\u00f3 como mercado donde se comerciaba con africanos esclavizados, sino tambi\u00e9n como espacio sagrado para rituales y ofrendas. Los custodios locales y los l\u00edderes espirituales, como los sacerdotes, realizaban ceremonias en el santuario para buscar protecci\u00f3n, ofrecer bendiciones y comunicarse con los esp\u00edritus ancestrales. Se cre\u00eda que estos rituales proporcionaban limpieza espiritual y orientaci\u00f3n tanto a los cautivos como a la comunidad, entrelazando la dolorosa historia del comercio de esclavos con tradiciones perdurables de sanaci\u00f3n y recuerdo. Hoy en d\u00eda, el sitio se erige como un poderoso s\u00edmbolo de resiliencia, honrando la memoria de aquellos que pasaron por \u00e9l y sirviendo como un lugar para la reflexi\u00f3n, la sanaci\u00f3n comunitaria y la conexi\u00f3n espiritual.<\/li>\n<li>Museo de la Esclavitud de Badagry: un importante sitio hist\u00f3rico que conserva los recuerdos y los objetos relacionados con el comercio transatl\u00e1ntico de esclavos. A trav\u00e9s de sus exposiciones y colecciones, el museo ofrece a los visitantes una visi\u00f3n impactante de las experiencias de las personas esclavizadas y del legado de la esclavitud en Badagry, con historias orales, documentos y testimonios que fomentan la reflexi\u00f3n y el di\u00e1logo sobre este profundo cap\u00edtulo de la historia africana y mundial.<\/li>\n<li>Punto sin retorno: Una caminata guiada por la ruta de los esclavos que sumerge a los participantes en el viaje hist\u00f3rico de los africanos esclavizados, gui\u00e1ndolos a trav\u00e9s de impactantes exposiciones y lugares emblem\u00e1ticos, siguiendo los pasos que dieron aquellos que fueron obligados a la esclavitud, y culminando en el simb\u00f3lico Punto sin retorno. Este viaje invita a la reflexi\u00f3n profunda, a la conexi\u00f3n emocional y a un sentido de sanaci\u00f3n comunitaria, honrando los recuerdos del pasado y fomentando el di\u00e1logo y la introspecci\u00f3n entre todos los participantes.<\/li>\n<li>Playa de Gberefu y santuario de Olokun: Estos dos lugares est\u00e1n intr\u00ednsecamente vinculados como centros de custodia espiritual y rituales acu\u00e1ticos en Badagry. Ambos lugares sirven como sitios para la purificaci\u00f3n ritual y la veneraci\u00f3n del oc\u00e9ano profundo, lo que refleja la conexi\u00f3n perdurable de la comunidad con el agua como fuente de sanaci\u00f3n, renovaci\u00f3n espiritual y comunicaci\u00f3n ancestral. La distancia f\u00edsica entre la playa de Gberefu y el santuario de Olokun es de aproximadamente 1 kil\u00f3metro (unos 10-15 minutos a pie), lo que permite a los participantes recorrer estos lugares sagrados a trav\u00e9s de un paisaje rico en historia y simbolismo. La playa ofrece un entorno natural para las ceremonias, mientras que el santuario de Olokun, dedicado a la deidad del oc\u00e9ano, afianza estas pr\u00e1cticas en la tradici\u00f3n y las creencias. Las experiencias en estos lugares invitan a los participantes a participar en rituales colectivos, fomentando el renacimiento emocional, la introspecci\u00f3n y la sanaci\u00f3n comunitaria al honrar el poder del agua y sus guardianes espirituales.<\/li>\n<\/ul>\n<h3>Log\u00edstica posterior a la conferencia<\/h3>\n<h4 class=\"p1\">Disposiciones de transporte<\/h4>\n<p>Se contratar\u00e1n autobuses ejecutivos para garantizar la seguridad de los desplazamientos en grupo entre Lagos y Badagry, as\u00ed como para todos los traslados locales. Los autobuses estar\u00e1n equipados con asientos c\u00f3modos, aire acondicionado, seguimiento por GPS y sistemas de comunicaci\u00f3n de emergencia. Los conductores ser\u00e1n seleccionados y recibir\u00e1n instrucciones sobre los protocolos de seguridad durante toda la excursi\u00f3n. Adem\u00e1s, se organizar\u00e1n descansos para tomar refrigerios y usar el ba\u00f1o durante el trayecto.<\/p>\n<h4>Disposiciones de seguridad<\/h4>\n<p>Se desplegar\u00e1 personal de seguridad totalmente equipado, armado y con licencia del Departamento de Seguridad del Estado (DSS) junto con escoltas de la polic\u00eda del estado de Lagos para viajar con el tour. Estos estar\u00e1n presentes durante todos los desplazamientos y actividades del grupo. Realizar\u00e1n recuentos peri\u00f3dicos y supervisar\u00e1n los puntos de entrada y salida en cada lugar. El equipo de seguridad estar\u00e1 compuesto por 4 oficiales del DSS, 12 escoltas de la polic\u00eda m\u00f3vil, 3 veh\u00edculos de escolta de seguridad y 1 veh\u00edculo todoterreno de emergencia. El equipo de seguridad tambi\u00e9n se encargar\u00e1 de:<\/p>\n<ul>\n<li>Coordinaci\u00f3n con las autoridades locales para mantener una comunicaci\u00f3n continua con las autoridades locales de Badagry, incluidos los servicios policiales y sanitarios, con el fin de responder r\u00e1pidamente ante cualquier incidente.<\/li>\n<li>Asistencia sanitaria y de emergencia con primeros auxilios espec\u00edficos, rutas de evacuaci\u00f3n de emergencia y procedimientos establecidos y compartidos durante la sesi\u00f3n de orientaci\u00f3n. Tambi\u00e9n se recopilar\u00e1n con antelaci\u00f3n los contactos de emergencia de los participantes.<\/li>\n<li>Evaluaciones de seguridad del lugar antes de cada visita, para identificar posibles riesgos y garantizar que se proporcionen instrucciones de seguridad espec\u00edficas del lugar a todos los participantes.<\/li>\n<li>Notificaci\u00f3n de incidentes, con protocolos claros para abordar los incidentes de seguridad o salud descritos y la informaci\u00f3n de contacto del personal clave distribuida a todos los participantes.<\/li>\n<li>Se contar\u00e1 con la coordinaci\u00f3n de gu\u00edas locales experimentados, custodios, traductores y coordinadores log\u00edsticos para facilitar todos los aspectos del tour. Sus funciones incluyen ayudar con el control de multitudes, garantizar un paso seguro en lugares concurridos o sensibles y apoyar la comunicaci\u00f3n en caso de emergencia.<\/li>\n<\/ul>\n<h4>Arreglos de alojamiento<\/h4>\n<p>La conferencia se encargar\u00e1 de reservar con antelaci\u00f3n el hotel para los participantes en la excursi\u00f3n a Badagry. Las habitaciones se asignar\u00e1n tras el pago de las cuotas de la excursi\u00f3n y habr\u00e1n sido revisadas para garantizar su seguridad, limpieza y comodidad. Las opciones de alojamiento incluir\u00e1n habitaciones dobles o con dos camas individuales, con la posibilidad de solicitar habitaciones individuales con antelaci\u00f3n y con un costo adicional. Todas las habitaciones contar\u00e1n con servicios esenciales como aire acondicionado, ba\u00f1o privado y caja fuerte para objetos de valor. Durante toda la estancia se ofrecer\u00e1n servicios de limpieza diarios y asistencia en recepci\u00f3n las 24 horas. El paquete de alojamiento incluir\u00e1 el desayuno cada ma\u00f1ana, que se servir\u00e1 en el comedor del hotel. El almuerzo ser\u00e1 organizado por la conferencia, ya sea en el lugar o en el hotel, y ofrecer\u00e1 una variedad de opciones locales y continentales. Se organizar\u00e1n dos cenas como comida de grupo en el restaurante del hotel, para dar la bienvenida y la despedida, con cocina local y entretenimiento. Se proporcionar\u00e1 agua embotellada potable durante todo el recorrido y con todas las comidas.<\/p>\n<h4>Costo de inscripci\u00f3n despu\u00e9s de la conferencia<\/h4>\n<p>El costo de inscripci\u00f3n despu\u00e9s de la conferencia es de $598 USD por persona; Whova y Stripe cobran una tarifa adicional de $37.66 por procesamiento del pago. Esto incluye dos d\u00edas de alojamiento, t\u00e9, almuerzo, cena y tres d\u00edas de seguridad, transporte, int\u00e9rpretes (franc\u00e9s y espa\u00f1ol), coordinaci\u00f3n y facilitaci\u00f3n de excursiones y entretenimiento.<\/p>\n<p>Para inscribirse en la conferencia posterior, los asistentes pueden seleccionar y enviar el pago para la conferencia posterior \u201cLecciones sobre el agua\u201d (del 5 al 7 de septiembre) a trav\u00e9s del portal de inscripci\u00f3n.<\/p>\n<h6 class=\"small-theme\">Comit\u00e9 de Planificaci\u00f3n Pre y Post Conferencia del ICCP 2026<\/h6>\n<ul class=\"preconference-list\">\n<li>Tiffeny Jim\u00e9nez<\/li>\n<li>Nkiru Nnawulezi<\/li>\n<li>Moshood Olanrewaju<\/li>\n<li>Leo Wilton<\/li>\n<\/ul>\t\t\t\t\t\t\t\t<\/div>\n\t\t\t\t<\/div>\n\t\t\t\t<\/div>\n\t\t\t\t\t<\/div>\n\t\t\t\t<\/div>\n\t\t<div class=\"elementor-element elementor-element-714fbc2 e-flex e-con-boxed e-con e-parent\" data-id=\"714fbc2\" data-element_type=\"container\" data-settings=\"{&quot;background_background&quot;:&quot;classic&quot;}\">\n\t\t\t\t\t<div class=\"e-con-inner\">\n\t\t\t\t<div class=\"elementor-element elementor-element-49666151 elementor-widget elementor-widget-heading\" data-id=\"49666151\" data-element_type=\"widget\" data-widget_type=\"heading.default\">\n\t\t\t\t<div class=\"elementor-widget-container\">\n\t\t\t\t\t<h2 class=\"elementor-heading-title elementor-size-default\">S\u00c9 PARTE DEL CAMBIO<\/h2>\t\t\t\t<\/div>\n\t\t\t\t<\/div>\n\t\t\t\t<div class=\"elementor-element elementor-element-5acfe687 elementor-widget elementor-widget-heading\" data-id=\"5acfe687\" data-element_type=\"widget\" data-widget_type=\"heading.default\">\n\t\t\t\t<div class=\"elementor-widget-container\">\n\t\t\t\t\t<h2 class=\"elementor-heading-title elementor-size-default\">Reg\u00edstrese en ICCP2026 o colabore con nosotros para ampliar el impacto.<\/h2>\t\t\t\t<\/div>\n\t\t\t\t<\/div>\n\t\t<div class=\"elementor-element elementor-element-57216bec e-grid e-con-full elementor-hidden-mobile e-con e-child\" data-id=\"57216bec\" data-element_type=\"container\">\n\t\t\t\t<div class=\"elementor-element elementor-element-3698d1cb elementor-align-right elementor-widget elementor-widget-button\" data-id=\"3698d1cb\" data-element_type=\"widget\" data-widget_type=\"button.default\">\n\t\t\t\t<div class=\"elementor-widget-container\">\n\t\t\t\t\t\t\t\t\t<div class=\"elementor-button-wrapper\">\n\t\t\t\t\t<a class=\"elementor-button elementor-button-link elementor-size-sm\" href=\"https:\/\/iccplagos.com\/es\/wp\/registrarse\/\">\n\t\t\t\t\t\t<span class=\"elementor-button-content-wrapper\">\n\t\t\t\t\t\t\t\t\t<span class=\"elementor-button-text\">Reg\u00edstrate<\/span>\n\t\t\t\t\t<\/span>\n\t\t\t\t\t<\/a>\n\t\t\t\t<\/div>\n\t\t\t\t\t\t\t\t<\/div>\n\t\t\t\t<\/div>\n\t\t\t\t<div class=\"elementor-element elementor-element-1281f74 elementor-mobile-align-center elementor-widget elementor-widget-button\" data-id=\"1281f74\" data-element_type=\"widget\" data-widget_type=\"button.default\">\n\t\t\t\t<div class=\"elementor-widget-container\">\n\t\t\t\t\t\t\t\t\t<div class=\"elementor-button-wrapper\">\n\t\t\t\t\t<a class=\"elementor-button elementor-button-link elementor-size-sm\" href=\"https:\/\/iccplagos.com\/es\/wp\/asociese-con-nosotros\/\">\n\t\t\t\t\t\t<span class=\"elementor-button-content-wrapper\">\n\t\t\t\t\t\t\t\t\t<span class=\"elementor-button-text\">Colabora con nosotros <\/span>\n\t\t\t\t\t<\/span>\n\t\t\t\t\t<\/a>\n\t\t\t\t<\/div>\n\t\t\t\t\t\t\t\t<\/div>\n\t\t\t\t<\/div>\n\t\t\t\t<\/div>\n\t\t\t\t\t<\/div>\n\t\t\t\t<\/div>\n\t\t\t\t<\/div>","protected":false},"excerpt":{"rendered":"<p>POSTCONFERENCESeptember 5-7 The Ways of Water Postconference Description The \u201cLessons In the Ways of Water Tour to Badagry\u201d (September 5-7, [&hellip;]<\/p>","protected":false},"author":1,"featured_media":0,"parent":0,"menu_order":0,"comment_status":"closed","ping_status":"closed","template":"","meta":{"site-sidebar-layout":"no-sidebar","site-content-layout":"","ast-site-content-layout":"full-width-container","site-content-style":"default","site-sidebar-style":"default","ast-global-header-display":"","ast-banner-title-visibility":"","ast-main-header-display":"","ast-hfb-above-header-display":"","ast-hfb-below-header-display":"","ast-hfb-mobile-header-display":"","site-post-title":"disabled","ast-breadcrumbs-content":"","ast-featured-img":"disabled","footer-sml-layout":"","theme-transparent-header-meta":"","adv-header-id-meta":"","stick-header-meta":"","header-above-stick-meta":"","header-main-stick-meta":"","header-below-stick-meta":"","astra-migrate-meta-layouts":"default","ast-page-background-enabled":"default","ast-page-background-meta":{"desktop":{"background-color":"var(--ast-global-color-5)","background-image":"","background-repeat":"repeat","background-position":"center center","background-size":"auto","background-attachment":"scroll","background-type":"","background-media":"","overlay-type":"","overlay-color":"","overlay-opacity":"","overlay-gradient":""},"tablet":{"background-color":"","background-image":"","background-repeat":"repeat","background-position":"center center","background-size":"auto","background-attachment":"scroll","background-type":"","background-media":"","overlay-type":"","overlay-color":"","overlay-opacity":"","overlay-gradient":""},"mobile":{"background-color":"","background-image":"","background-repeat":"repeat","background-position":"center center","background-size":"auto","background-attachment":"scroll","background-type":"","background-media":"","overlay-type":"","overlay-color":"","overlay-opacity":"","overlay-gradient":""}},"ast-content-background-meta":{"desktop":{"background-color":"var(--ast-global-color-4)","background-image":"","background-repeat":"repeat","background-position":"center center","background-size":"auto","background-attachment":"scroll","background-type":"","background-media":"","overlay-type":"","overlay-color":"","overlay-opacity":"","overlay-gradient":""},"tablet":{"background-color":"var(--ast-global-color-4)","background-image":"","background-repeat":"repeat","background-position":"center center","background-size":"auto","background-attachment":"scroll","background-type":"","background-media":"","overlay-type":"","overlay-color":"","overlay-opacity":"","overlay-gradient":""},"mobile":{"background-color":"var(--ast-global-color-4)","background-image":"","background-repeat":"repeat","background-position":"center center","background-size":"auto","background-attachment":"scroll","background-type":"","background-media":"","overlay-type":"","overlay-color":"","overlay-opacity":"","overlay-gradient":""}},"footnotes":""},"class_list":["post-888","page","type-page","status-publish","hentry"],"_links":{"self":[{"href":"https:\/\/iccplagos.com\/es\/wp-json\/wp\/v2\/pages\/888","targetHints":{"allow":["GET"]}}],"collection":[{"href":"https:\/\/iccplagos.com\/es\/wp-json\/wp\/v2\/pages"}],"about":[{"href":"https:\/\/iccplagos.com\/es\/wp-json\/wp\/v2\/types\/page"}],"author":[{"embeddable":true,"href":"https:\/\/iccplagos.com\/es\/wp-json\/wp\/v2\/users\/1"}],"replies":[{"embeddable":true,"href":"https:\/\/iccplagos.com\/es\/wp-json\/wp\/v2\/comments?post=888"}],"version-history":[{"count":21,"href":"https:\/\/iccplagos.com\/es\/wp-json\/wp\/v2\/pages\/888\/revisions"}],"predecessor-version":[{"id":1121,"href":"https:\/\/iccplagos.com\/es\/wp-json\/wp\/v2\/pages\/888\/revisions\/1121"}],"wp:attachment":[{"href":"https:\/\/iccplagos.com\/es\/wp-json\/wp\/v2\/media?parent=888"}],"curies":[{"name":"wp","href":"https:\/\/api.w.org\/{rel}","templated":true}]}}