{"id":304,"date":"2025-05-12T08:15:49","date_gmt":"2025-05-12T08:15:49","guid":{"rendered":"https:\/\/iccplagos.com\/wp\/?page_id=304"},"modified":"2025-05-24T23:03:31","modified_gmt":"2025-05-24T23:03:31","slug":"dontae","status":"publish","type":"page","link":"https:\/\/iccplagos.com\/fr\/dontae\/","title":{"rendered":"Faire un don"},"content":{"rendered":"<div data-elementor-type=\"wp-page\" data-elementor-id=\"304\" class=\"elementor elementor-304\" data-elementor-post-type=\"page\">\n\t\t\t\t<div class=\"elementor-element elementor-element-7d5392e e-flex e-con-boxed e-con e-parent\" data-id=\"7d5392e\" data-element_type=\"container\" data-settings=\"{&quot;background_background&quot;:&quot;video&quot;,&quot;background_video_link&quot;:&quot;https:\\\/\\\/youtu.be\\\/9PPspCe32sw&quot;,&quot;background_play_on_mobile&quot;:&quot;yes&quot;}\">\n\t\t\t\t\t<div class=\"e-con-inner\">\n\t\t<div class=\"elementor-background-video-container\">\n\t\t\t\t\t\t\t<div class=\"elementor-background-video-embed\"><\/div>\n\t\t\t\t\t\t<\/div>\t\t\t<\/div>\n\t\t\t\t<\/div>\n\t\t<div class=\"elementor-element elementor-element-7b8d82df e-flex e-con-boxed e-con e-parent\" data-id=\"7b8d82df\" data-element_type=\"container\">\n\t\t\t\t\t<div class=\"e-con-inner\">\n\t\t<div class=\"elementor-element elementor-element-45bb50b9 e-con-full e-flex e-con e-child\" data-id=\"45bb50b9\" data-element_type=\"container\">\n\t\t\t\t<div class=\"elementor-element elementor-element-577f7a2a elementor-widget elementor-widget-heading\" data-id=\"577f7a2a\" data-element_type=\"widget\" data-widget_type=\"heading.default\">\n\t\t\t\t<div class=\"elementor-widget-container\">\n\t\t\t\t\t<h2 class=\"elementor-heading-title elementor-size-default\">DONS<\/h2>\t\t\t\t<\/div>\n\t\t\t\t<\/div>\n\t\t\t\t<div class=\"elementor-element elementor-element-408d6597 elementor-widget elementor-widget-heading\" data-id=\"408d6597\" data-element_type=\"widget\" data-widget_type=\"heading.default\">\n\t\t\t\t<div class=\"elementor-widget-container\">\n\t\t\t\t\t<h2 class=\"elementor-heading-title elementor-size-default\">Donation QRCode pour ICCP Nigeria 202<\/h2>\t\t\t\t<\/div>\n\t\t\t\t<\/div>\n\t\t\t\t<div class=\"elementor-element elementor-element-72a03fba elementor-widget elementor-widget-text-editor\" data-id=\"72a03fba\" data-element_type=\"widget\" data-widget_type=\"text-editor.default\">\n\t\t\t\t<div class=\"elementor-widget-container\">\n\t\t\t\t\t\t\t\t\t<p>Chaque contribution, petite ou grande, fait la diff\u00e9rence. Votre g\u00e9n\u00e9rosit\u00e9 nous aide \u00e0 stimuler les \u00e9nergies pour construire un site de compostage collectif afin de pratiquer une appr\u00e9ciation de nos modes d'existence locaux naturels, notre sens profond de l'interconnexion, et une fiert\u00e9 renouvel\u00e9e de mettre en \u0153uvre nos propres psychologies pour la gu\u00e9rison, la r\u00e9sistance et l'organisation de la communaut\u00e9.<\/p><p>Veuillez utiliser le QRCode pour effectuer votre don via PayPal, Cash App ou Venmo.<\/p>\t\t\t\t\t\t\t\t<\/div>\n\t\t\t\t<\/div>\n\t\t\t\t<\/div>\n\t\t<div class=\"elementor-element elementor-element-c4a28dd e-con-full e-flex e-con e-child\" data-id=\"c4a28dd\" data-element_type=\"container\" data-settings=\"{&quot;background_background&quot;:&quot;classic&quot;}\">\n\t\t\t\t<div class=\"elementor-element elementor-element-29f8354 elementor-widget elementor-widget-heading\" data-id=\"29f8354\" data-element_type=\"widget\" data-widget_type=\"heading.default\">\n\t\t\t\t<div class=\"elementor-widget-container\">\n\t\t\t\t\t<h2 class=\"elementor-heading-title elementor-size-default\">Scanner le QRCode pour faire un don\n<\/h2>\t\t\t\t<\/div>\n\t\t\t\t<\/div>\n\t\t\t\t<div class=\"elementor-element elementor-element-ff98707 elementor-widget elementor-widget-image\" data-id=\"ff98707\" data-element_type=\"widget\" data-widget_type=\"image.default\">\n\t\t\t\t<div class=\"elementor-widget-container\">\n\t\t\t\t\t\t\t\t\t\t\t\t\t\t\t<img fetchpriority=\"high\" decoding=\"async\" width=\"935\" height=\"323\" src=\"https:\/\/iccplagos.com\/wp-content\/uploads\/2025\/05\/qrcodes.png\" class=\"attachment-large size-large wp-image-306\" alt=\"\" srcset=\"https:\/\/iccplagos.com\/wp-content\/uploads\/2025\/05\/qrcodes.png 935w, https:\/\/iccplagos.com\/wp-content\/uploads\/2025\/05\/qrcodes-300x104.png 300w, https:\/\/iccplagos.com\/wp-content\/uploads\/2025\/05\/qrcodes-768x265.png 768w\" sizes=\"(max-width: 935px) 100vw, 935px\" \/>\t\t\t\t\t\t\t\t\t\t\t\t\t\t\t<\/div>\n\t\t\t\t<\/div>\n\t\t\t\t<\/div>\n\t\t\t\t\t<\/div>\n\t\t\t\t<\/div>\n\t\t<div class=\"elementor-element elementor-element-1c25b92d e-flex e-con-boxed e-con e-parent\" data-id=\"1c25b92d\" data-element_type=\"container\">\n\t\t\t\t\t<div class=\"e-con-inner\">\n\t\t\t\t<div class=\"elementor-element elementor-element-5eedb96a elementor-widget elementor-widget-heading\" data-id=\"5eedb96a\" data-element_type=\"widget\" data-widget_type=\"heading.default\">\n\t\t\t\t<div class=\"elementor-widget-container\">\n\t\t\t\t\t<h2 class=\"elementor-heading-title elementor-size-default\">Nos pr\u00e9cieux partenaires<\/h2>\t\t\t\t<\/div>\n\t\t\t\t<\/div>\n\t\t\t\t<div class=\"elementor-element elementor-element-746b79f3 elementor-widget elementor-widget-heading\" data-id=\"746b79f3\" data-element_type=\"widget\" data-widget_type=\"heading.default\">\n\t\t\t\t<div class=\"elementor-widget-container\">\n\t\t\t\t\t<h2 class=\"elementor-heading-title elementor-size-default\">Quelques partenaires de nos \u00e9v\u00e9nements<\/h2>\t\t\t\t<\/div>\n\t\t\t\t<\/div>\n\t\t\t\t<div class=\"elementor-element elementor-element-5ce91e16 elementor-widget elementor-widget-image\" data-id=\"5ce91e16\" data-element_type=\"widget\" data-widget_type=\"image.default\">\n\t\t\t\t<div class=\"elementor-widget-container\">\n\t\t\t\t\t\t\t\t\t\t\t\t\t\t\t<img decoding=\"async\" width=\"1024\" height=\"606\" src=\"https:\/\/iccplagos.com\/wp-content\/uploads\/2025\/05\/logos-1024x606.png\" class=\"attachment-large size-large wp-image-59\" alt=\"\" srcset=\"https:\/\/iccplagos.com\/wp-content\/uploads\/2025\/05\/logos-1024x606.png 1024w, https:\/\/iccplagos.com\/wp-content\/uploads\/2025\/05\/logos-300x177.png 300w, https:\/\/iccplagos.com\/wp-content\/uploads\/2025\/05\/logos-768x454.png 768w, https:\/\/iccplagos.com\/wp-content\/uploads\/2025\/05\/logos-1536x908.png 1536w, https:\/\/iccplagos.com\/wp-content\/uploads\/2025\/05\/logos-2048x1211.png 2048w\" sizes=\"(max-width: 1024px) 100vw, 1024px\" \/>\t\t\t\t\t\t\t\t\t\t\t\t\t\t\t<\/div>\n\t\t\t\t<\/div>\n\t\t\t\t\t<\/div>\n\t\t\t\t<\/div>\n\t\t<div class=\"elementor-element elementor-element-66205be1 e-flex e-con-boxed e-con e-parent\" data-id=\"66205be1\" data-element_type=\"container\" data-settings=\"{&quot;background_background&quot;:&quot;classic&quot;}\">\n\t\t\t\t\t<div class=\"e-con-inner\">\n\t\t\t\t<div class=\"elementor-element elementor-element-6c08d844 elementor-widget elementor-widget-heading\" data-id=\"6c08d844\" data-element_type=\"widget\" data-widget_type=\"heading.default\">\n\t\t\t\t<div class=\"elementor-widget-container\">\n\t\t\t\t\t<h2 class=\"elementor-heading-title elementor-size-default\">PARTICIPEZ AU CHANGEMENT<\/h2>\t\t\t\t<\/div>\n\t\t\t\t<\/div>\n\t\t\t\t<div class=\"elementor-element elementor-element-347b1bcd elementor-widget elementor-widget-heading\" data-id=\"347b1bcd\" data-element_type=\"widget\" data-widget_type=\"heading.default\">\n\t\t\t\t<div class=\"elementor-widget-container\">\n\t\t\t\t\t<h2 class=\"elementor-heading-title elementor-size-default\">Inscrivez-vous \u00e0 ICCP2026 ou devenez notre partenaire pour amplifier l'impact.<\/h2>\t\t\t\t<\/div>\n\t\t\t\t<\/div>\n\t\t<div class=\"elementor-element elementor-element-363dbfb5 e-grid e-con-full elementor-hidden-mobile e-con e-child\" data-id=\"363dbfb5\" data-element_type=\"container\">\n\t\t\t\t<div class=\"elementor-element elementor-element-7ec9b28c elementor-align-right elementor-widget elementor-widget-button\" data-id=\"7ec9b28c\" data-element_type=\"widget\" data-widget_type=\"button.default\">\n\t\t\t\t<div class=\"elementor-widget-container\">\n\t\t\t\t\t\t\t\t\t<div class=\"elementor-button-wrapper\">\n\t\t\t\t\t<a class=\"elementor-button elementor-button-link elementor-size-sm\" href=\"https:\/\/iccplagos.com\/fr\/wp\/registre\/\">\n\t\t\t\t\t\t<span class=\"elementor-button-content-wrapper\">\n\t\t\t\t\t\t\t\t\t<span class=\"elementor-button-text\">Registre<\/span>\n\t\t\t\t\t<\/span>\n\t\t\t\t\t<\/a>\n\t\t\t\t<\/div>\n\t\t\t\t\t\t\t\t<\/div>\n\t\t\t\t<\/div>\n\t\t\t\t<div class=\"elementor-element elementor-element-713c28de elementor-mobile-align-center elementor-widget elementor-widget-button\" data-id=\"713c28de\" data-element_type=\"widget\" data-widget_type=\"button.default\">\n\t\t\t\t<div class=\"elementor-widget-container\">\n\t\t\t\t\t\t\t\t\t<div class=\"elementor-button-wrapper\">\n\t\t\t\t\t<a class=\"elementor-button elementor-button-link elementor-size-sm\" href=\"https:\/\/iccplagos.com\/fr\/wp\/sassocier-avec-nous\/\">\n\t\t\t\t\t\t<span class=\"elementor-button-content-wrapper\">\n\t\t\t\t\t\t\t\t\t<span class=\"elementor-button-text\">Partenariat avec nous <\/span>\n\t\t\t\t\t<\/span>\n\t\t\t\t\t<\/a>\n\t\t\t\t<\/div>\n\t\t\t\t\t\t\t\t<\/div>\n\t\t\t\t<\/div>\n\t\t\t\t<\/div>\n\t\t\t\t\t<\/div>\n\t\t\t\t<\/div>\n\t\t\t\t<\/div>","protected":false},"excerpt":{"rendered":"<p>DONATIONS Donation QRCode for ICCP Nigeria 202 Every contribution, big or small, makes a difference. Your generosity helps us to [&hellip;]<\/p>","protected":false},"author":1,"featured_media":0,"parent":0,"menu_order":0,"comment_status":"closed","ping_status":"closed","template":"","meta":{"site-sidebar-layout":"no-sidebar","site-content-layout":"","ast-site-content-layout":"full-width-container","site-content-style":"default","site-sidebar-style":"default","ast-global-header-display":"","ast-banner-title-visibility":"","ast-main-header-display":"","ast-hfb-above-header-display":"","ast-hfb-below-header-display":"","ast-hfb-mobile-header-display":"","site-post-title":"disabled","ast-breadcrumbs-content":"","ast-featured-img":"disabled","footer-sml-layout":"","theme-transparent-header-meta":"","adv-header-id-meta":"","stick-header-meta":"","header-above-stick-meta":"","header-main-stick-meta":"","header-below-stick-meta":"","astra-migrate-meta-layouts":"default","ast-page-background-enabled":"default","ast-page-background-meta":{"desktop":{"background-color":"var(--ast-global-color-5)","background-image":"","background-repeat":"repeat","background-position":"center center","background-size":"auto","background-attachment":"scroll","background-type":"","background-media":"","overlay-type":"","overlay-color":"","overlay-opacity":"","overlay-gradient":""},"tablet":{"background-color":"","background-image":"","background-repeat":"repeat","background-position":"center center","background-size":"auto","background-attachment":"scroll","background-type":"","background-media":"","overlay-type":"","overlay-color":"","overlay-opacity":"","overlay-gradient":""},"mobile":{"background-color":"","background-image":"","background-repeat":"repeat","background-position":"center center","background-size":"auto","background-attachment":"scroll","background-type":"","background-media":"","overlay-type":"","overlay-color":"","overlay-opacity":"","overlay-gradient":""}},"ast-content-background-meta":{"desktop":{"background-color":"var(--ast-global-color-4)","background-image":"","background-repeat":"repeat","background-position":"center center","background-size":"auto","background-attachment":"scroll","background-type":"","background-media":"","overlay-type":"","overlay-color":"","overlay-opacity":"","overlay-gradient":""},"tablet":{"background-color":"var(--ast-global-color-4)","background-image":"","background-repeat":"repeat","background-position":"center center","background-size":"auto","background-attachment":"scroll","background-type":"","background-media":"","overlay-type":"","overlay-color":"","overlay-opacity":"","overlay-gradient":""},"mobile":{"background-color":"var(--ast-global-color-4)","background-image":"","background-repeat":"repeat","background-position":"center center","background-size":"auto","background-attachment":"scroll","background-type":"","background-media":"","overlay-type":"","overlay-color":"","overlay-opacity":"","overlay-gradient":""}},"footnotes":""},"class_list":["post-304","page","type-page","status-publish","hentry"],"_links":{"self":[{"href":"https:\/\/iccplagos.com\/fr\/wp-json\/wp\/v2\/pages\/304","targetHints":{"allow":["GET"]}}],"collection":[{"href":"https:\/\/iccplagos.com\/fr\/wp-json\/wp\/v2\/pages"}],"about":[{"href":"https:\/\/iccplagos.com\/fr\/wp-json\/wp\/v2\/types\/page"}],"author":[{"embeddable":true,"href":"https:\/\/iccplagos.com\/fr\/wp-json\/wp\/v2\/users\/1"}],"replies":[{"embeddable":true,"href":"https:\/\/iccplagos.com\/fr\/wp-json\/wp\/v2\/comments?post=304"}],"version-history":[{"count":13,"href":"https:\/\/iccplagos.com\/fr\/wp-json\/wp\/v2\/pages\/304\/revisions"}],"predecessor-version":[{"id":716,"href":"https:\/\/iccplagos.com\/fr\/wp-json\/wp\/v2\/pages\/304\/revisions\/716"}],"wp:attachment":[{"href":"https:\/\/iccplagos.com\/fr\/wp-json\/wp\/v2\/media?parent=304"}],"curies":[{"name":"wp","href":"https:\/\/api.w.org\/{rel}","templated":true}]}}