{"id":839,"date":"2025-11-01T17:41:07","date_gmt":"2025-11-01T17:41:07","guid":{"rendered":"https:\/\/iccplagos.com\/?page_id=839"},"modified":"2026-04-16T03:57:38","modified_gmt":"2026-04-16T03:57:38","slug":"hebergement","status":"publish","type":"page","link":"https:\/\/iccplagos.com\/fr\/hebergement\/","title":{"rendered":"H\u00e9bergement"},"content":{"rendered":"<div data-elementor-type=\"wp-page\" data-elementor-id=\"839\" class=\"elementor elementor-839\" data-elementor-post-type=\"page\">\n\t\t\t\t<div class=\"elementor-element elementor-element-6bd42948 e-flex e-con-boxed e-con e-parent\" data-id=\"6bd42948\" data-element_type=\"container\" data-settings=\"{&quot;background_background&quot;:&quot;video&quot;,&quot;background_video_link&quot;:&quot;https:\\\/\\\/youtu.be\\\/FOCUKb2gQqY&quot;,&quot;background_play_on_mobile&quot;:&quot;yes&quot;}\">\n\t\t\t\t\t<div class=\"e-con-inner\">\n\t\t<div class=\"elementor-background-video-container\">\n\t\t\t\t\t\t\t<div class=\"elementor-background-video-embed\"><\/div>\n\t\t\t\t\t\t<\/div>\t\t<div class=\"elementor-element elementor-element-60772e9b elementor-widget elementor-widget-heading\" data-id=\"60772e9b\" data-element_type=\"widget\" data-widget_type=\"heading.default\">\n\t\t\t\t<div class=\"elementor-widget-container\">\n\t\t\t\t\t<h2 class=\"elementor-heading-title elementor-size-default\">H\u00e9bergement pendant l'ICCP Lagos 2026<\/h2>\t\t\t\t<\/div>\n\t\t\t\t<\/div>\n\t\t\t\t\t<\/div>\n\t\t\t\t<\/div>\n\t\t<div class=\"elementor-element elementor-element-15d52c8 e-con-full e-flex e-con e-parent\" data-id=\"15d52c8\" data-element_type=\"container\" data-settings=\"{&quot;background_background&quot;:&quot;classic&quot;}\">\n\t\t\t\t<div class=\"elementor-element elementor-element-aa7a2b9 elementor-widget elementor-widget-spacer\" data-id=\"aa7a2b9\" data-element_type=\"widget\" data-widget_type=\"spacer.default\">\n\t\t\t\t<div class=\"elementor-widget-container\">\n\t\t\t\t\t\t\t<div class=\"elementor-spacer\">\n\t\t\t<div class=\"elementor-spacer-inner\"><\/div>\n\t\t<\/div>\n\t\t\t\t\t\t<\/div>\n\t\t\t\t<\/div>\n\t\t\t\t<div class=\"elementor-element elementor-element-f7d9e63 elementor-widget elementor-widget-text-editor\" data-id=\"f7d9e63\" data-element_type=\"widget\" data-widget_type=\"text-editor.default\">\n\t\t\t\t<div class=\"elementor-widget-container\">\n\t\t\t\t\t\t\t\t\t<h2>H\u00f4tel de conf\u00e9rence<\/h2><p>L'ICCP Lagos se d\u00e9roulera principalement \u00e0 l'adresse suivante <a href=\"https:\/\/www.marriott.com\/en-us\/hotels\/loslg-lagos-marriott-hotel-ikeja\/overview\/\">H\u00f4tel Lagos Marriott Ikeja<\/a>. Dans le cadre de notre accord, nous avons pr\u00e9-r\u00e9serv\u00e9 50 chambres (chambres d'h\u00f4tes standard avec 1 lit King) au tarif de $220 USD pour un forfait de 4 nuits (check-in le 1er septembre et check-out le 5 septembre). Afin de maintenir ce tarif r\u00e9duit, au moins 30 de ces chambres devront \u00eatre occup\u00e9es pendant la conf\u00e9rence ICCP Lagos.<\/p><p>Ce forfait de 4 nuits comprend \u00e9galement un petit-d\u00e9jeuner buffet international par jour et par personne au restaurant Kariko &amp; Co de l'h\u00f4tel, l'acc\u00e8s \u00e0 Internet sans fil dans les chambres, de l'eau, du th\u00e9 et du caf\u00e9 dans les chambres. L'heure d'arriv\u00e9e est 15 heures et l'heure de d\u00e9part est 12 heures.<\/p><p>Pour garantir la r\u00e9servation d'une chambre dans le cadre du forfait de 4 nuits, les participants peuvent s\u00e9lectionner l'option suppl\u00e9mentaire \"Forfait Marriott Lodging 4 nuits\" via le portail d'inscription. Les s\u00e9lections et paiements du tarif par nuit et des frais de traitement ($31,47 pour le traitement des paiements par Whova et Stripe) devront \u00eatre effectu\u00e9s avant le 20 f\u00e9vrier 2026. Pass\u00e9 ce d\u00e9lai, les r\u00e9servations seront effectu\u00e9es sous r\u00e9serve de disponibilit\u00e9. L'\u00e9quipe d'organisation de la conf\u00e9rence communiquera fr\u00e9quemment avec l'h\u00f4tel de la conf\u00e9rence et mettra \u00e0 jour le portail d'inscription si des options d'h\u00e9bergement deviennent indisponibles.<\/p><p>Si vous avez besoin d'ajouter des jours suppl\u00e9mentaires avant ou apr\u00e8s la dur\u00e9e du s\u00e9jour, veuillez nous contacter \u00e0 l'adresse iccplagos2026@gmail.com. Nous mettrons \u00e0 jour les informations de votre r\u00e9servation aupr\u00e8s du Marriott ou d'autres h\u00f4tels locaux. Nous anticipons que le paiement de ces nuits suppl\u00e9mentaires devra \u00eatre effectu\u00e9 directement \u00e0 l'h\u00f4tel ; cependant, nous communiquerons directement avec les participants une fois que nous aurons plus d'informations de la part de nos partenaires h\u00f4teliers.<\/p><h2>Autres options h\u00f4teli\u00e8res<\/h2><p>Our local conference team has worked with other nearby hotels to hold blocks of rooms at discounted rates as well. To book these rooms, attendees can select one of these options through the Registration Portal as add-ons as well. Selections and payments of the nightly rate and processing fees (Whova and Stripe payment processing) would need to be made by February 20, 2026, to guarantee the bookings; reservations made after this date will be accepted pending available space. These add-ons will also be a 4-night package with check-in on September 1, 2026, and check-out on September 5, 2026. If you need to add any extra days before or after the stay duration, please contact us at iccplagos2026@gmail.com. We will update your booking information with the other local hotels. We anticipate payment for those additional nights will need to be made directly to the hotel; however, we will communicate with attendees directly once we receive more information from our hotel partners.<\/p><p>\u00a0<\/p><table><thead><tr><th><strong>Nom de l'h\u00f4tel<\/strong><\/th><th><strong>Quantit\u00e9 bloqu\u00e9e<\/strong><\/th><th><strong>Prix de la nuit (en USD)<\/strong><\/th><th>Distance en voiture<\/th><th><strong>Distance de marche<\/strong><\/th><\/tr><\/thead><tbody><tr><td><a href=\"https:\/\/www.thesafronhotel.com\/\"><strong>Safron Hotel Ikeja<\/strong><\/a><\/td><td style=\"text-align: center;\">96<\/td><td style=\"text-align: center;\">$124<\/td><td style=\"text-align: center;\">1 minute<\/td><td style=\"text-align: center;\">4 minutes<\/td><\/tr><tr><td><a href=\"https:\/\/shoregatehotels.com\/\"><strong>H\u00f4tel Shoregate Ikeja<\/strong><\/a><\/td><td style=\"text-align: center;\">50<\/td><td style=\"text-align: center;\">$83<\/td><td style=\"text-align: center;\">5 minutes<\/td><td style=\"text-align: center;\">9 minutes<\/td><\/tr><tr><td><a href=\"https:\/\/www.sojournerbygenesis.com\/\"><strong>H\u00f4tel Sojourner Ikeja<\/strong><\/a><\/td><td style=\"text-align: center;\">30<\/td><td style=\"text-align: center;\">$83<\/td><td style=\"text-align: center;\">5 minutes<\/td><td style=\"text-align: center;\">10 minutes<\/td><\/tr><tr><td><a href=\"https:\/\/www.radissonhotels.com\/\"><strong>Radison Blu Anchorage Hotel Ikeja<\/strong><\/a><\/td><td style=\"text-align: center;\">50<\/td><td style=\"text-align: center;\">$137<\/td><td style=\"text-align: center;\">5 minutes<\/td><td style=\"text-align: center;\">9 minutes<\/td><\/tr><\/tbody><\/table>\t\t\t\t\t\t\t\t<\/div>\n\t\t\t\t<\/div>\n\t\t\t\t<div class=\"elementor-element elementor-element-c3a40e4 elementor-widget elementor-widget-text-editor\" data-id=\"c3a40e4\" data-element_type=\"widget\" data-widget_type=\"text-editor.default\">\n\t\t\t\t<div class=\"elementor-widget-container\">\n\t\t\t\t\t\t\t\t\t<div class=\"elementor-element elementor-element-dcad8fc elementor-widget elementor-widget-text-editor\" data-id=\"dcad8fc\" data-element_type=\"widget\" data-widget_type=\"text-editor.default\"><div class=\"elementor-widget-container\"><div><p>Les questions relatives \u00e0 l'h\u00e9bergement peuvent \u00eatre envoy\u00e9es \u00e0 : iccplagos2026@gmail.com<\/p><\/div><\/div><\/div>\t\t\t\t\t\t\t\t<\/div>\n\t\t\t\t<\/div>\n\t\t\t\t<\/div>\n\t\t\t\t<\/div>","protected":false},"excerpt":{"rendered":"<p>Lodging during ICCP Lagos 2026 Conference Hotel ICCP Lagos will be taking place primarily at the Lagos Marriott Hotel Ikeja. [&hellip;]<\/p>","protected":false},"author":1,"featured_media":0,"parent":0,"menu_order":0,"comment_status":"closed","ping_status":"closed","template":"elementor_header_footer","meta":{"site-sidebar-layout":"no-sidebar","site-content-layout":"","ast-site-content-layout":"full-width-container","site-content-style":"default","site-sidebar-style":"default","ast-global-header-display":"","ast-banner-title-visibility":"","ast-main-header-display":"","ast-hfb-above-header-display":"","ast-hfb-below-header-display":"","ast-hfb-mobile-header-display":"","site-post-title":"disabled","ast-breadcrumbs-content":"","ast-featured-img":"disabled","footer-sml-layout":"","theme-transparent-header-meta":"","adv-header-id-meta":"","stick-header-meta":"","header-above-stick-meta":"","header-main-stick-meta":"","header-below-stick-meta":"","astra-migrate-meta-layouts":"default","ast-page-background-enabled":"default","ast-page-background-meta":{"desktop":{"background-color":"var(--ast-global-color-5)","background-image":"","background-repeat":"repeat","background-position":"center center","background-size":"auto","background-attachment":"scroll","background-type":"","background-media":"","overlay-type":"","overlay-color":"","overlay-opacity":"","overlay-gradient":""},"tablet":{"background-color":"","background-image":"","background-repeat":"repeat","background-position":"center center","background-size":"auto","background-attachment":"scroll","background-type":"","background-media":"","overlay-type":"","overlay-color":"","overlay-opacity":"","overlay-gradient":""},"mobile":{"background-color":"","background-image":"","background-repeat":"repeat","background-position":"center center","background-size":"auto","background-attachment":"scroll","background-type":"","background-media":"","overlay-type":"","overlay-color":"","overlay-opacity":"","overlay-gradient":""}},"ast-content-background-meta":{"desktop":{"background-color":"var(--ast-global-color-4)","background-image":"","background-repeat":"repeat","background-position":"center center","background-size":"auto","background-attachment":"scroll","background-type":"","background-media":"","overlay-type":"","overlay-color":"","overlay-opacity":"","overlay-gradient":""},"tablet":{"background-color":"var(--ast-global-color-4)","background-image":"","background-repeat":"repeat","background-position":"center center","background-size":"auto","background-attachment":"scroll","background-type":"","background-media":"","overlay-type":"","overlay-color":"","overlay-opacity":"","overlay-gradient":""},"mobile":{"background-color":"var(--ast-global-color-4)","background-image":"","background-repeat":"repeat","background-position":"center center","background-size":"auto","background-attachment":"scroll","background-type":"","background-media":"","overlay-type":"","overlay-color":"","overlay-opacity":"","overlay-gradient":""}},"footnotes":""},"class_list":["post-839","page","type-page","status-publish","hentry"],"_links":{"self":[{"href":"https:\/\/iccplagos.com\/fr\/wp-json\/wp\/v2\/pages\/839","targetHints":{"allow":["GET"]}}],"collection":[{"href":"https:\/\/iccplagos.com\/fr\/wp-json\/wp\/v2\/pages"}],"about":[{"href":"https:\/\/iccplagos.com\/fr\/wp-json\/wp\/v2\/types\/page"}],"author":[{"embeddable":true,"href":"https:\/\/iccplagos.com\/fr\/wp-json\/wp\/v2\/users\/1"}],"replies":[{"embeddable":true,"href":"https:\/\/iccplagos.com\/fr\/wp-json\/wp\/v2\/comments?post=839"}],"version-history":[{"count":43,"href":"https:\/\/iccplagos.com\/fr\/wp-json\/wp\/v2\/pages\/839\/revisions"}],"predecessor-version":[{"id":1147,"href":"https:\/\/iccplagos.com\/fr\/wp-json\/wp\/v2\/pages\/839\/revisions\/1147"}],"wp:attachment":[{"href":"https:\/\/iccplagos.com\/fr\/wp-json\/wp\/v2\/media?parent=839"}],"curies":[{"name":"wp","href":"https:\/\/api.w.org\/{rel}","templated":true}]}}