{"id":885,"date":"2025-11-04T00:40:10","date_gmt":"2025-11-04T00:40:10","guid":{"rendered":"https:\/\/iccplagos.com\/?page_id=885"},"modified":"2026-03-05T21:52:11","modified_gmt":"2026-03-05T21:52:11","slug":"preconference","status":"publish","type":"page","link":"https:\/\/iccplagos.com\/fr\/preconference\/","title":{"rendered":"Pr\u00e9conf\u00e9rence"},"content":{"rendered":"<div data-elementor-type=\"wp-page\" data-elementor-id=\"885\" class=\"elementor elementor-885\" data-elementor-post-type=\"page\">\n\t\t\t\t<div class=\"elementor-element elementor-element-afea79d e-flex e-con-boxed e-con e-parent\" data-id=\"afea79d\" data-element_type=\"container\" data-settings=\"{&quot;background_background&quot;:&quot;video&quot;,&quot;background_video_link&quot;:&quot;https:\\\/\\\/youtu.be\\\/9PPspCe32sw&quot;,&quot;background_play_on_mobile&quot;:&quot;yes&quot;}\">\n\t\t\t\t\t<div class=\"e-con-inner\">\n\t\t<div class=\"elementor-background-video-container\">\n\t\t\t\t\t\t\t<div class=\"elementor-background-video-embed\"><\/div>\n\t\t\t\t\t\t<\/div>\t\t<div class=\"elementor-element elementor-element-82727f3 elementor-widget elementor-widget-heading\" data-id=\"82727f3\" data-element_type=\"widget\" data-widget_type=\"heading.default\">\n\t\t\t\t<div class=\"elementor-widget-container\">\n\t\t\t\t\t<h2 class=\"elementor-heading-title elementor-size-default\">PR\u00c9CONF\u00c9RENCE<br>30-31 ao\u00fbt 2026<\/h2>\t\t\t\t<\/div>\n\t\t\t\t<\/div>\n\t\t\t\t<div class=\"elementor-element elementor-element-7902ff7 elementor-widget elementor-widget-heading\" data-id=\"7902ff7\" data-element_type=\"widget\" data-widget_type=\"heading.default\">\n\t\t\t\t<div class=\"elementor-widget-container\">\n\t\t\t\t\t<h2 class=\"elementor-heading-title elementor-size-default\">Voici Lagos<\/h2>\t\t\t\t<\/div>\n\t\t\t\t<\/div>\n\t\t\t\t\t<\/div>\n\t\t\t\t<\/div>\n\t\t<div class=\"elementor-element elementor-element-1a392cbd e-flex e-con-boxed e-con e-parent\" data-id=\"1a392cbd\" data-element_type=\"container\">\n\t\t\t\t\t<div class=\"e-con-inner\">\n\t\t<div class=\"elementor-element elementor-element-5452a391 e-con-full e-flex e-con e-child\" data-id=\"5452a391\" data-element_type=\"container\">\n\t\t\t\t<div class=\"elementor-element elementor-element-27b978f4 elementor-widget elementor-widget-heading\" data-id=\"27b978f4\" data-element_type=\"widget\" data-widget_type=\"heading.default\">\n\t\t\t\t<div class=\"elementor-widget-container\">\n\t\t\t\t\t<h2 class=\"elementor-heading-title elementor-size-default\">Description de la pr\u00e9conf\u00e9rence<\/h2>\t\t\t\t<\/div>\n\t\t\t\t<\/div>\n\t\t\t\t<div class=\"elementor-element elementor-element-2c0d61d5 elementor-widget elementor-widget-text-editor\" data-id=\"2c0d61d5\" data-element_type=\"widget\" data-widget_type=\"text-editor.default\">\n\t\t\t\t<div class=\"elementor-widget-container\">\n\t\t\t\t\t\t\t\t\t<p class=\"p2\">La visite pr\u00e9-conf\u00e9rence \u201cThis is Lagos\u201d est con\u00e7ue comme un \u00e9v\u00e9nement exp\u00e9rientiel de premier plan pr\u00e9vu les 30 et 31 ao\u00fbt 2026 \u00e0 Lagos, au Nig\u00e9ria. Cette visite servira de pr\u00e9curseur immersif \u00e0 la 26e Conf\u00e9rence internationale des psychologues communautaires, offrant aux participants une occasion unique d'explorer le riche patrimoine culturel de Lagos, ses communaut\u00e9s dynamiques et son paysage urbain en pleine \u00e9volution. La visite a pour but de favoriser une meilleure compr\u00e9hension, une r\u00e9flexion critique et un engagement significatif dans les dimensions socioculturelles, historiques et \u00e9cologiques de Lagos en tant que no man's land.<\/p><h3 class=\"p2\"><b>Historique de Lagos<\/b><\/h3><p class=\"p2\"><b> <\/b>Lagos, souvent surnomm\u00e9e la \u201cville de la splendeur aquatique\u201d, est l'une des villes les plus dynamiques et les plus peupl\u00e9es d'Afrique. Historiquement, son d\u00e9veloppement a \u00e9t\u00e9 fa\u00e7onn\u00e9 par sa proximit\u00e9 avec l'oc\u00e9an Atlantique et ses vastes syst\u00e8mes lagunaires. La gestion du littoral atlantique par la famille royale Oniru, descendante des premiers gardiens du littoral de Lagos, met en \u00e9vidence l'intersection de l'autorit\u00e9 traditionnelle et de la gouvernance urbaine moderne. La ville abrite \u00e9galement diverses communaut\u00e9s aquatiques, telles que Makoko, qui ont longtemps navigu\u00e9 entre les d\u00e9fis et les opportunit\u00e9s de la vie sur l'eau, menant une lutte acharn\u00e9e contre la pollution d\u00e9sastreuse de la ville ainsi que les menaces constantes d'expulsion et toutes les autres pressions li\u00e9es \u00e0 l'expansion urbaine. La visite situera les participants dans ces histoires stratifi\u00e9es, en mettant l'accent sur le r\u00f4le de la gestion, de la r\u00e9silience et de la contestation des indig\u00e8nes dans la formation de l'identit\u00e9 de Lagos.<\/p><p class=\"p2\">Lagos est souvent qualifi\u00e9e de \u201cno man's land\u201d, car c'est un creuset de cultures, d'ethnies et d'histoires diverses, fa\u00e7onn\u00e9 par des vagues de migration interne et une urbanisation rapide. Ce statut unique a contribu\u00e9 \u00e0 la fois \u00e0 son dynamisme et \u00e0 ses luttes, les habitants d'origines diverses se disputant l'espace, les ressources et la reconnaissance au sein d'une ville en constante \u00e9volution. L'absence d'un groupe indig\u00e8ne dominant unique a parfois conduit \u00e0 des revendications contest\u00e9es sur la terre, l'identit\u00e9 et l'appartenance, intensifiant les d\u00e9fis li\u00e9s \u00e0 la coh\u00e9sion sociale, au d\u00e9veloppement \u00e9quitable et \u00e0 la pr\u00e9servation de l'h\u00e9ritage culturel.<\/p><h3>Objectifs de la tourn\u00e9e<\/h3><p>La visite pr\u00e9-conf\u00e9rence \u201cThis Is Lagos\u201d \u00e0 Lagos offrira aux participants internationaux une exp\u00e9rience d'apprentissage enrichissante et multidimensionnelle, mettant en lumi\u00e8re le patrimoine unique de Lagos, la r\u00e9silience de la communaut\u00e9 et la dynamique urbaine. Gr\u00e2ce \u00e0 des visites soigneusement s\u00e9lectionn\u00e9es, des ateliers collaboratifs et un engagement inclusif, la tourn\u00e9e vise \u00e0 promouvoir la compr\u00e9hension interculturelle, \u00e0 soutenir les initiatives locales et \u00e0 inspirer des actions futures dans le domaine de la psychologie communautaire. Les objectifs sp\u00e9cifiques de la tourn\u00e9e sont les suivants<\/p><ul><li>Fournir aux participants des informations de premi\u00e8re main sur les interconnexions entre l'eau, la communaut\u00e9, le patrimoine et le d\u00e9veloppement urbain \u00e0 Lagos.<\/li><li>Favoriser le dialogue interculturel et l'apprentissage en s'engageant aupr\u00e8s des communaut\u00e9s locales, des autorit\u00e9s traditionnelles et des urbanistes.<\/li><li>Mettre en \u00e9vidence les d\u00e9fis et les innovations en mati\u00e8re de gestion des espaces aquatiques dans un contexte d'urbanisation rapide.<\/li><li>Soutenir les initiatives communautaires et faire entendre la voix des communaut\u00e9s marginalis\u00e9es qui vivent de l'eau, en particulier \u00e0 Makoko.<\/li><li>Cr\u00e9er une plateforme pour des actions de collaboration et des partenariats futurs entre les parties prenantes universitaires, politiques et locales.<\/li><\/ul><h3>Domaines th\u00e9matiques d'apprentissage<\/h3><ul><li>Patrimoine et gestion de l'eau : Exploration de la garde traditionnelle et de la gestion contemporaine des cours d'eau de Lagos.<\/li><li>R\u00e9silience des communaut\u00e9s : Comprendre les exp\u00e9riences v\u00e9cues, les strat\u00e9gies d'adaptation et les efforts de d\u00e9fense des communaut\u00e9s vivant de l'eau.<\/li><li>D\u00e9veloppement urbain et d\u00e9placements : Analyse des impacts de l'urbanisation, des projets d'infrastructure et des menaces d'expulsion sur les populations locales.<\/li><li>Dynamique socio-\u00e9conomique : Examen du r\u00f4le de l'eau dans l'\u00e9volution des moyens de subsistance, de la mobilit\u00e9 et du d\u00e9veloppement urbain.<\/li><\/ul><h3>Approche de la formation<\/h3><ul><li>Visites guid\u00e9es des sites cl\u00e9s.<\/li><li>Ateliers interactifs et tables rondes, anim\u00e9s par des guides touristiques professionnels, des experts locaux et des facilitateurs, ax\u00e9s sur les besoins en services, la d\u00e9fense des politiques et le d\u00e9veloppement durable.<\/li><li>Possibilit\u00e9s d'engagement ax\u00e9 sur le service, en particulier dans les communaut\u00e9s vuln\u00e9rables telles que Makoko.<\/li><li>Utilisation de divers modes de transport (ferry, m\u00e9tro, bus et train) pour d\u00e9couvrir de pr\u00e8s les infrastructures li\u00e9es \u00e0 l'eau de la ville.<\/li><\/ul><h3>Emplacement des sites sp\u00e9cifiques<\/h3><ul><li>Royaume d'Oniru et Aqua Atlantic City : Rencontrez la famille royale d'Oniru, explorez la gestion historique de la c\u00f4te atlantique et discutez d'un d\u00e9veloppement urbain tourn\u00e9 vers l'avenir.<\/li><li>Communaut\u00e9 flottante de Makoko : Visite guid\u00e9e (avec accord pr\u00e9alable et consentement de la communaut\u00e9) pour comprendre les d\u00e9fis, les innovations et les efforts de plaidoyer de cet \u00e9tablissement aquatique embl\u00e9matique en difficult\u00e9.<\/li><li>L'\u00eele de Lagos : Ferry ou bus Promenade le long du littoral, d\u00e9couverte des sites historiques et embl\u00e9matiques de la ville, des principales voies navigables et de l'infrastructure urbaine.<\/li><li>Le march\u00e9 des arts et de l'artisanat de Lekki : Visites du march\u00e9 organis\u00e9es avec des chaperons pour assurer la s\u00e9curit\u00e9 et maximiser l'apprentissage et l'exp\u00e9rience culturelle.<\/li><li>Randle Center : Visite \u00e0 pied du Lagos Randle Center, une remarquable institution culturelle situ\u00e9e \u00e0 Lagos, au Nigeria, cr\u00e9\u00e9e en l'honneur du Dr John Randle, un \u00e9minent m\u00e9decin et philanthrope qui a jou\u00e9 un r\u00f4le important dans le d\u00e9veloppement social et civique de la ville au d\u00e9but du XXe si\u00e8cle. Le centre sert de plaque tournante pour les expositions culturelles, les \u00e9v\u00e9nements communautaires et les programmes \u00e9ducatifs, refl\u00e9tant le riche h\u00e9ritage et les contributions des diverses communaut\u00e9s de Lagos.<\/li><li>Mus\u00e9e national : Le Mus\u00e9e national de Lagos, fond\u00e9 en 1957, est l'un des plus importants d\u00e9positaires d'artefacts historiques et culturels du Nigeria. Il abrite une vaste collection d'objets arch\u00e9ologiques, ethnographiques et artistiques, dont des pi\u00e8ces remarquables telles que les bronzes du B\u00e9nin et les terres cuites de Nok. Le mus\u00e9e donne un aper\u00e7u de l'histoire pr\u00e9coloniale du Nigeria, de son parcours \u00e0 l'\u00e9poque coloniale et de l'\u00e9volution de sa soci\u00e9t\u00e9 contemporaine, ce qui en fait une destination cl\u00e9 pour comprendre le pass\u00e9 et l'identit\u00e9 culturelle de la nation.<\/li><\/ul><h3>Logistique de la pr\u00e9conf\u00e9rence<\/h3><h4 class=\"p1\">Dispositions en mati\u00e8re de transport<\/h4><ul><li class=\"p2\">Transport multimodal : Les participants utiliseront une combinaison de bus affr\u00e9t\u00e9s, de trains et de ferries pour naviguer entre les sites cl\u00e9s, notamment Oniru Kingdom, Makoko, Lagos Island et Randle Center. Chaque mode de transport est s\u00e9lectionn\u00e9 pour offrir une exposition authentique \u00e0 l'infrastructure li\u00e9e \u00e0 l'eau de Lagos, tout en garantissant un voyage efficace et s\u00fbr.<\/li><li class=\"p2\">Horaires pr\u00e9\u00e9tablis : Tous les transferts sont programm\u00e9s pour des d\u00e9parts et des retours anticip\u00e9s afin de minimiser l'exposition aux pics de trafic et d'assurer des arriv\u00e9es en temps voulu \u00e0 chaque destination.<\/li><li class=\"p2\">V\u00e9hicules et ferries d\u00e9di\u00e9s : Des bus et des ferries affr\u00e9t\u00e9s seront r\u00e9serv\u00e9s exclusivement pour le groupe, avec des capacit\u00e9s d'accueil ajust\u00e9es pour le confort et la s\u00e9curit\u00e9. Tous les v\u00e9hicules sont \u00e9quip\u00e9s de l'air conditionn\u00e9, de mat\u00e9riel de premiers secours et de protocoles de contact en cas d'urgence.<\/li><li class=\"p2\">Visites guid\u00e9es \u00e0 pied : Les segments de marche, en particulier dans les march\u00e9s et les sites culturels, seront dirig\u00e9s par des guides et des accompagnateurs locaux, avec des points de rencontre clairs et des contr\u00f4les du groupe \u00e0 intervalles r\u00e9guliers.<\/li><\/ul><h4>Dispositions en mati\u00e8re de s\u00e9curit\u00e9<\/h4><ul><li class=\"p1\">Du personnel de s\u00e9curit\u00e9 du D\u00e9partement de la s\u00e9curit\u00e9 de l'\u00c9tat (DSS), enti\u00e8rement \u00e9quip\u00e9, arm\u00e9 et agr\u00e9\u00e9, sera d\u00e9ploy\u00e9 avec des escortes de la police de l'\u00c9tat de Lagos pour accompagner le voyage. Ils seront pr\u00e9sents lors de tous les d\u00e9placements et activit\u00e9s du groupe. Ils proc\u00e9deront \u00e0 des comptages r\u00e9guliers et surveilleront les points d'entr\u00e9e et de sortie de chaque site. L'\u00e9quipe de s\u00e9curit\u00e9 comprendra 4 agents du DSS, 12 escortes de la police mobile, 3 v\u00e9hicules d'escorte de s\u00e9curit\u00e9 et 1 v\u00e9hicule tout-terrain d'urgence. L'\u00e9quipe de s\u00e9curit\u00e9 sera \u00e9galement charg\u00e9e de<ul><li class=\"p1\">Les dispositifs de s\u00e9curit\u00e9 des autorit\u00e9s locales ont \u00e9t\u00e9 \u00e9labor\u00e9s en collaboration avec la police locale et les chefs de communaut\u00e9s, en particulier dans les zones sensibles telles que Makoko et les quartiers anim\u00e9s des march\u00e9s, afin de garantir un engagement respectueux et un soutien imm\u00e9diat en cas de besoin.<\/li><li class=\"p1\">Sant\u00e9 et soutien en cas d'urgence : premiers soins, itin\u00e9raires et proc\u00e9dures d'\u00e9vacuation d'urgence \u00e9tablis et communiqu\u00e9s lors de la s\u00e9ance d'orientation. Les contacts d'urgence des participants seront \u00e9galement collect\u00e9s \u00e0 l'avance.<\/li><li class=\"p1\">\u00c9valuations de la s\u00e9curit\u00e9 du site avant chaque visite, afin d'identifier les risques potentiels et de s'assurer que des consignes de s\u00e9curit\u00e9 sp\u00e9cifiques au site sont donn\u00e9es \u00e0 tous les participants.<\/li><li class=\"p1\">Rapport d'incident, avec des protocoles clairs pour traiter les incidents de s\u00e9curit\u00e9 ou de sant\u00e9 et des informations de contact pour le personnel cl\u00e9 distribu\u00e9es \u00e0 tous les participants.<\/li><li><p class=\"p2\">Engagements avec la population locale Des guides exp\u00e9riment\u00e9s, des gardiens, des traducteurs et des coordinateurs logistiques facilitent tous les aspects de la visite. Leur r\u00f4le consiste notamment \u00e0 aider \u00e0 la gestion des foules, \u00e0 assurer la s\u00e9curit\u00e9 du passage dans les lieux tr\u00e8s fr\u00e9quent\u00e9s ou sensibles, et \u00e0 soutenir la communication en cas d'urgence.<\/p><\/li><\/ul><\/li><\/ul><h4>Dispositions relatives \u00e0 l'h\u00e9bergement<\/h4><ul><li>H\u00e9bergement : Deux nuits d'h\u00e9bergement (30 et 31 ao\u00fbt) sont incluses dans les frais de pr\u00e9-conf\u00e9rence. Les participants seront log\u00e9s dans l'h\u00f4tel choisi lors de l'inscription, qui se trouve \u00e0 proximit\u00e9 du lieu de la conf\u00e9rence.<\/li><li>Assistance sur place : L'h\u00f4tel offre un service de r\u00e9ception 24 heures sur 24, une entr\u00e9e s\u00e9curis\u00e9e et un petit d\u00e9jeuner quotidien. Les briefings et d\u00e9briefings de groupe se tiendront dans une salle de r\u00e9union d\u00e9sign\u00e9e chaque soir.<\/li><li>Transport vers et depuis l'h\u00e9bergement : Le transport quotidien du groupe partira de l'h\u00f4tel et y reviendra aux heures pr\u00e9vues, avec des plans d'urgence en cas d'arriv\u00e9e tardive ou d'urgence.<\/li><\/ul><h4>Co\u00fbt de l'inscription \u00e0 la pr\u00e9conf\u00e9rence<\/h4><p>Les frais d'inscription \u00e0 la pr\u00e9conf\u00e9rence s'\u00e9l\u00e8vent \u00e0 $540 USD par personne ; des frais suppl\u00e9mentaires de traitement des paiements de $34.14 sont pr\u00e9lev\u00e9s par Whova et Stripe. Ces frais comprennent l'h\u00e9bergement pendant deux jours, le th\u00e9, le d\u00e9jeuner, le d\u00eener, la s\u00e9curit\u00e9, le transport, les interpr\u00e8tes (fran\u00e7ais et espagnol), la coordination et la facilitation des visites, et les divertissements.\u00a0<\/p><p>Pour s'inscrire \u00e0 la pr\u00e9conf\u00e9rence, les participants peuvent s\u00e9lectionner et payer la tourn\u00e9e de pr\u00e9conf\u00e9rence \u201cThis Is Lagos\u201d - 30-31 ao\u00fbt - via le portail d'inscription.<\/p><h6 class=\"small-theme\">Comit\u00e9 de planification pr\u00e9 et post conf\u00e9rence ICCP 2026<\/h6><h6 class=\"small-theme\">Comit\u00e9 de planification<\/h6><ul class=\"preconference-list\"><li>Tiffeny Jimenez<\/li><li>Nkiru Nnawulezi<\/li><li>Moshood Olanrewaju<\/li><li>Leo Wilton<\/li><\/ul>\t\t\t\t\t\t\t\t<\/div>\n\t\t\t\t<\/div>\n\t\t\t\t<\/div>\n\t\t\t\t\t<\/div>\n\t\t\t\t<\/div>\n\t\t<div class=\"elementor-element elementor-element-714fbc2 e-flex e-con-boxed e-con e-parent\" data-id=\"714fbc2\" data-element_type=\"container\" data-settings=\"{&quot;background_background&quot;:&quot;classic&quot;}\">\n\t\t\t\t\t<div class=\"e-con-inner\">\n\t\t\t\t<div class=\"elementor-element elementor-element-49666151 elementor-widget elementor-widget-heading\" data-id=\"49666151\" data-element_type=\"widget\" data-widget_type=\"heading.default\">\n\t\t\t\t<div class=\"elementor-widget-container\">\n\t\t\t\t\t<h2 class=\"elementor-heading-title elementor-size-default\">PARTICIPEZ AU CHANGEMENT<\/h2>\t\t\t\t<\/div>\n\t\t\t\t<\/div>\n\t\t\t\t<div class=\"elementor-element elementor-element-5acfe687 elementor-widget elementor-widget-heading\" data-id=\"5acfe687\" data-element_type=\"widget\" data-widget_type=\"heading.default\">\n\t\t\t\t<div class=\"elementor-widget-container\">\n\t\t\t\t\t<h2 class=\"elementor-heading-title elementor-size-default\">Inscrivez-vous \u00e0 ICCP2026 ou devenez notre partenaire pour amplifier l'impact.<\/h2>\t\t\t\t<\/div>\n\t\t\t\t<\/div>\n\t\t<div class=\"elementor-element elementor-element-57216bec e-grid e-con-full elementor-hidden-mobile e-con e-child\" data-id=\"57216bec\" data-element_type=\"container\">\n\t\t\t\t<div class=\"elementor-element elementor-element-3698d1cb elementor-align-right elementor-widget elementor-widget-button\" data-id=\"3698d1cb\" data-element_type=\"widget\" data-widget_type=\"button.default\">\n\t\t\t\t<div class=\"elementor-widget-container\">\n\t\t\t\t\t\t\t\t\t<div class=\"elementor-button-wrapper\">\n\t\t\t\t\t<a class=\"elementor-button elementor-button-link elementor-size-sm\" href=\"https:\/\/iccplagos.com\/fr\/wp\/registre\/\">\n\t\t\t\t\t\t<span class=\"elementor-button-content-wrapper\">\n\t\t\t\t\t\t\t\t\t<span class=\"elementor-button-text\">Registre<\/span>\n\t\t\t\t\t<\/span>\n\t\t\t\t\t<\/a>\n\t\t\t\t<\/div>\n\t\t\t\t\t\t\t\t<\/div>\n\t\t\t\t<\/div>\n\t\t\t\t<div class=\"elementor-element elementor-element-1281f74 elementor-mobile-align-center elementor-widget elementor-widget-button\" data-id=\"1281f74\" data-element_type=\"widget\" data-widget_type=\"button.default\">\n\t\t\t\t<div class=\"elementor-widget-container\">\n\t\t\t\t\t\t\t\t\t<div class=\"elementor-button-wrapper\">\n\t\t\t\t\t<a class=\"elementor-button elementor-button-link elementor-size-sm\" href=\"https:\/\/iccplagos.com\/fr\/wp\/sassocier-avec-nous\/\">\n\t\t\t\t\t\t<span class=\"elementor-button-content-wrapper\">\n\t\t\t\t\t\t\t\t\t<span class=\"elementor-button-text\">Partenariat avec nous <\/span>\n\t\t\t\t\t<\/span>\n\t\t\t\t\t<\/a>\n\t\t\t\t<\/div>\n\t\t\t\t\t\t\t\t<\/div>\n\t\t\t\t<\/div>\n\t\t\t\t<\/div>\n\t\t\t\t\t<\/div>\n\t\t\t\t<\/div>\n\t\t\t\t<\/div>","protected":false},"excerpt":{"rendered":"<p>PRECONFERENCEAugust 30-31, 2026 This is Lagos Preconference Description The \u201cThis is Lagos\u201d Pre-Conference Tour is designed as a signature experiential [&hellip;]<\/p>","protected":false},"author":1,"featured_media":0,"parent":0,"menu_order":0,"comment_status":"closed","ping_status":"closed","template":"","meta":{"site-sidebar-layout":"no-sidebar","site-content-layout":"","ast-site-content-layout":"full-width-container","site-content-style":"default","site-sidebar-style":"default","ast-global-header-display":"","ast-banner-title-visibility":"","ast-main-header-display":"","ast-hfb-above-header-display":"","ast-hfb-below-header-display":"","ast-hfb-mobile-header-display":"","site-post-title":"disabled","ast-breadcrumbs-content":"","ast-featured-img":"disabled","footer-sml-layout":"","theme-transparent-header-meta":"","adv-header-id-meta":"","stick-header-meta":"","header-above-stick-meta":"","header-main-stick-meta":"","header-below-stick-meta":"","astra-migrate-meta-layouts":"default","ast-page-background-enabled":"default","ast-page-background-meta":{"desktop":{"background-color":"var(--ast-global-color-5)","background-image":"","background-repeat":"repeat","background-position":"center center","background-size":"auto","background-attachment":"scroll","background-type":"","background-media":"","overlay-type":"","overlay-color":"","overlay-opacity":"","overlay-gradient":""},"tablet":{"background-color":"","background-image":"","background-repeat":"repeat","background-position":"center center","background-size":"auto","background-attachment":"scroll","background-type":"","background-media":"","overlay-type":"","overlay-color":"","overlay-opacity":"","overlay-gradient":""},"mobile":{"background-color":"","background-image":"","background-repeat":"repeat","background-position":"center center","background-size":"auto","background-attachment":"scroll","background-type":"","background-media":"","overlay-type":"","overlay-color":"","overlay-opacity":"","overlay-gradient":""}},"ast-content-background-meta":{"desktop":{"background-color":"var(--ast-global-color-4)","background-image":"","background-repeat":"repeat","background-position":"center center","background-size":"auto","background-attachment":"scroll","background-type":"","background-media":"","overlay-type":"","overlay-color":"","overlay-opacity":"","overlay-gradient":""},"tablet":{"background-color":"var(--ast-global-color-4)","background-image":"","background-repeat":"repeat","background-position":"center center","background-size":"auto","background-attachment":"scroll","background-type":"","background-media":"","overlay-type":"","overlay-color":"","overlay-opacity":"","overlay-gradient":""},"mobile":{"background-color":"var(--ast-global-color-4)","background-image":"","background-repeat":"repeat","background-position":"center center","background-size":"auto","background-attachment":"scroll","background-type":"","background-media":"","overlay-type":"","overlay-color":"","overlay-opacity":"","overlay-gradient":""}},"footnotes":""},"class_list":["post-885","page","type-page","status-publish","hentry"],"_links":{"self":[{"href":"https:\/\/iccplagos.com\/fr\/wp-json\/wp\/v2\/pages\/885","targetHints":{"allow":["GET"]}}],"collection":[{"href":"https:\/\/iccplagos.com\/fr\/wp-json\/wp\/v2\/pages"}],"about":[{"href":"https:\/\/iccplagos.com\/fr\/wp-json\/wp\/v2\/types\/page"}],"author":[{"embeddable":true,"href":"https:\/\/iccplagos.com\/fr\/wp-json\/wp\/v2\/users\/1"}],"replies":[{"embeddable":true,"href":"https:\/\/iccplagos.com\/fr\/wp-json\/wp\/v2\/comments?post=885"}],"version-history":[{"count":41,"href":"https:\/\/iccplagos.com\/fr\/wp-json\/wp\/v2\/pages\/885\/revisions"}],"predecessor-version":[{"id":1137,"href":"https:\/\/iccplagos.com\/fr\/wp-json\/wp\/v2\/pages\/885\/revisions\/1137"}],"wp:attachment":[{"href":"https:\/\/iccplagos.com\/fr\/wp-json\/wp\/v2\/media?parent=885"}],"curies":[{"name":"wp","href":"https:\/\/api.w.org\/{rel}","templated":true}]}}