{"id":839,"date":"2025-11-01T17:41:07","date_gmt":"2025-11-01T17:41:07","guid":{"rendered":"https:\/\/iccplagos.com\/?page_id=839"},"modified":"2026-04-16T03:57:38","modified_gmt":"2026-04-16T03:57:38","slug":"alloggio","status":"publish","type":"page","link":"https:\/\/iccplagos.com\/it\/alloggio\/","title":{"rendered":"Alloggio"},"content":{"rendered":"<div data-elementor-type=\"wp-page\" data-elementor-id=\"839\" class=\"elementor elementor-839\" data-elementor-post-type=\"page\">\n\t\t\t\t<div class=\"elementor-element elementor-element-6bd42948 e-flex e-con-boxed e-con e-parent\" data-id=\"6bd42948\" data-element_type=\"container\" data-settings=\"{&quot;background_background&quot;:&quot;video&quot;,&quot;background_video_link&quot;:&quot;https:\\\/\\\/youtu.be\\\/FOCUKb2gQqY&quot;,&quot;background_play_on_mobile&quot;:&quot;yes&quot;}\">\n\t\t\t\t\t<div class=\"e-con-inner\">\n\t\t<div class=\"elementor-background-video-container\">\n\t\t\t\t\t\t\t<div class=\"elementor-background-video-embed\"><\/div>\n\t\t\t\t\t\t<\/div>\t\t<div class=\"elementor-element elementor-element-60772e9b elementor-widget elementor-widget-heading\" data-id=\"60772e9b\" data-element_type=\"widget\" data-widget_type=\"heading.default\">\n\t\t\t\t<div class=\"elementor-widget-container\">\n\t\t\t\t\t<h2 class=\"elementor-heading-title elementor-size-default\">Alloggio durante l'ICCP Lagos 2026<\/h2>\t\t\t\t<\/div>\n\t\t\t\t<\/div>\n\t\t\t\t\t<\/div>\n\t\t\t\t<\/div>\n\t\t<div class=\"elementor-element elementor-element-15d52c8 e-con-full e-flex e-con e-parent\" data-id=\"15d52c8\" data-element_type=\"container\" data-settings=\"{&quot;background_background&quot;:&quot;classic&quot;}\">\n\t\t\t\t<div class=\"elementor-element elementor-element-aa7a2b9 elementor-widget elementor-widget-spacer\" data-id=\"aa7a2b9\" data-element_type=\"widget\" data-widget_type=\"spacer.default\">\n\t\t\t\t<div class=\"elementor-widget-container\">\n\t\t\t\t\t\t\t<div class=\"elementor-spacer\">\n\t\t\t<div class=\"elementor-spacer-inner\"><\/div>\n\t\t<\/div>\n\t\t\t\t\t\t<\/div>\n\t\t\t\t<\/div>\n\t\t\t\t<div class=\"elementor-element elementor-element-f7d9e63 elementor-widget elementor-widget-text-editor\" data-id=\"f7d9e63\" data-element_type=\"widget\" data-widget_type=\"text-editor.default\">\n\t\t\t\t<div class=\"elementor-widget-container\">\n\t\t\t\t\t\t\t\t\t<h2>Hotel per conferenze<\/h2><p>L'ICCP di Lagos si svolger\u00e0 principalmente presso il <a href=\"https:\/\/www.marriott.com\/en-us\/hotels\/loslg-lagos-marriott-hotel-ikeja\/overview\/\">Albergo Lagos Marriott Ikeja<\/a>. Come parte del nostro accordo, abbiamo prenotato 50 camere (Standard Guest Rooms con 1 letto King) a una tariffa notturna di $220 USD per un pacchetto di 4 notti (check-in il 1\u00b0 settembre e check-out il 5 settembre). Per mantenere questa tariffa scontata, almeno 30 delle camere dovranno essere occupate durante la conferenza ICCP di Lagos.<\/p><p>Questo pacchetto di 4 notti include anche 1 colazione internazionale a buffet al giorno per persona presso il ristorante Kariko &amp; Co dell'hotel, WiFi in camera, servizi in camera di acqua\/t\u00e8 e caff\u00e8. Il check-in \u00e8 previsto alle 15:00 e il check-out alle 12:00.<\/p><p>Per assicurarsi una camera nel pacchetto di 4 notti, i partecipanti possono selezionare il supplemento Marriott Lodging 4-Night Package attraverso il portale di registrazione. Le selezioni e i pagamenti della tariffa notturna e delle spese di elaborazione ($31,47 per l'elaborazione dei pagamenti Whova e Stripe) devono essere effettuati entro il 20 febbraio 2026. Dopo tale data, le prenotazioni potranno essere effettuate in base allo spazio disponibile. Il team organizzativo della conferenza comunicher\u00e0 spesso con l'hotel della conferenza e aggiorner\u00e0 il portale di registrazione nel caso in cui le opzioni di alloggio non siano disponibili.<\/p><p>Se hai bisogno di aggiungere giorni extra prima o dopo la durata del soggiorno, ti preghiamo di contattarci all'indirizzo iccplagos2026@gmail.com. Aggiorneremo le informazioni della tua prenotazione presso il Marriott o altri hotel locali. Prevediamo che il pagamento per queste notti aggiuntive dovr\u00e0 essere effettuato direttamente all'hotel; tuttavia, comunicheremo direttamente con i partecipanti una volta ricevute ulteriori informazioni dai nostri partner alberghieri.<\/p><h2>Altre opzioni alberghiere<\/h2><p>Our local conference team has worked with other nearby hotels to hold blocks of rooms at discounted rates as well. To book these rooms, attendees can select one of these options through the Registration Portal as add-ons as well. Selections and payments of the nightly rate and processing fees (Whova and Stripe payment processing) would need to be made by February 20, 2026, to guarantee the bookings; reservations made after this date will be accepted pending available space. These add-ons will also be a 4-night package with check-in on September 1, 2026, and check-out on September 5, 2026. If you need to add any extra days before or after the stay duration, please contact us at iccplagos2026@gmail.com. We will update your booking information with the other local hotels. We anticipate payment for those additional nights will need to be made directly to the hotel; however, we will communicate with attendees directly once we receive more information from our hotel partners.<\/p><p>\u00a0<\/p><table><thead><tr><th><strong>Nome dell'hotel<\/strong><\/th><th><strong>Quantit\u00e0 bloccata<\/strong><\/th><th><strong>Tariffa notturna (in USD)<\/strong><\/th><th>Distanza in auto<\/th><th><strong>Distanza a piedi<\/strong><\/th><\/tr><\/thead><tbody><tr><td><a href=\"https:\/\/www.thesafronhotel.com\/\"><strong>Albergo Safron Ikeja<\/strong><\/a><\/td><td style=\"text-align: center;\">96<\/td><td style=\"text-align: center;\">$124<\/td><td style=\"text-align: center;\">1 minuto<\/td><td style=\"text-align: center;\">4 minuti<\/td><\/tr><tr><td><a href=\"https:\/\/shoregatehotels.com\/\"><strong>Albergo Shoregate Ikeja<\/strong><\/a><\/td><td style=\"text-align: center;\">50<\/td><td style=\"text-align: center;\">$83<\/td><td style=\"text-align: center;\">5 minuti<\/td><td style=\"text-align: center;\">9 minuti<\/td><\/tr><tr><td><a href=\"https:\/\/www.sojournerbygenesis.com\/\"><strong>Il Sojourner Hotel Ikeja<\/strong><\/a><\/td><td style=\"text-align: center;\">30<\/td><td style=\"text-align: center;\">$83<\/td><td style=\"text-align: center;\">5 minuti<\/td><td style=\"text-align: center;\">10 minuti<\/td><\/tr><tr><td><a href=\"https:\/\/www.radissonhotels.com\/\"><strong>Albergo Radison Blu Anchorage Ikeja<\/strong><\/a><\/td><td style=\"text-align: center;\">50<\/td><td style=\"text-align: center;\">$137<\/td><td style=\"text-align: center;\">5 minuti<\/td><td style=\"text-align: center;\">9 minuti<\/td><\/tr><\/tbody><\/table>\t\t\t\t\t\t\t\t<\/div>\n\t\t\t\t<\/div>\n\t\t\t\t<div class=\"elementor-element elementor-element-c3a40e4 elementor-widget elementor-widget-text-editor\" data-id=\"c3a40e4\" data-element_type=\"widget\" data-widget_type=\"text-editor.default\">\n\t\t\t\t<div class=\"elementor-widget-container\">\n\t\t\t\t\t\t\t\t\t<div class=\"elementor-element elementor-element-dcad8fc elementor-widget elementor-widget-text-editor\" data-id=\"dcad8fc\" data-element_type=\"widget\" data-widget_type=\"text-editor.default\"><div class=\"elementor-widget-container\"><div><p>Le domande relative all'alloggio possono essere inviate a: iccplagos2026@gmail.com<\/p><\/div><\/div><\/div>\t\t\t\t\t\t\t\t<\/div>\n\t\t\t\t<\/div>\n\t\t\t\t<\/div>\n\t\t\t\t<\/div>","protected":false},"excerpt":{"rendered":"<p>Lodging during ICCP Lagos 2026 Conference Hotel ICCP Lagos will be taking place primarily at the Lagos Marriott Hotel Ikeja. [&hellip;]<\/p>","protected":false},"author":1,"featured_media":0,"parent":0,"menu_order":0,"comment_status":"closed","ping_status":"closed","template":"elementor_header_footer","meta":{"site-sidebar-layout":"no-sidebar","site-content-layout":"","ast-site-content-layout":"full-width-container","site-content-style":"default","site-sidebar-style":"default","ast-global-header-display":"","ast-banner-title-visibility":"","ast-main-header-display":"","ast-hfb-above-header-display":"","ast-hfb-below-header-display":"","ast-hfb-mobile-header-display":"","site-post-title":"disabled","ast-breadcrumbs-content":"","ast-featured-img":"disabled","footer-sml-layout":"","theme-transparent-header-meta":"","adv-header-id-meta":"","stick-header-meta":"","header-above-stick-meta":"","header-main-stick-meta":"","header-below-stick-meta":"","astra-migrate-meta-layouts":"default","ast-page-background-enabled":"default","ast-page-background-meta":{"desktop":{"background-color":"var(--ast-global-color-5)","background-image":"","background-repeat":"repeat","background-position":"center center","background-size":"auto","background-attachment":"scroll","background-type":"","background-media":"","overlay-type":"","overlay-color":"","overlay-opacity":"","overlay-gradient":""},"tablet":{"background-color":"","background-image":"","background-repeat":"repeat","background-position":"center center","background-size":"auto","background-attachment":"scroll","background-type":"","background-media":"","overlay-type":"","overlay-color":"","overlay-opacity":"","overlay-gradient":""},"mobile":{"background-color":"","background-image":"","background-repeat":"repeat","background-position":"center center","background-size":"auto","background-attachment":"scroll","background-type":"","background-media":"","overlay-type":"","overlay-color":"","overlay-opacity":"","overlay-gradient":""}},"ast-content-background-meta":{"desktop":{"background-color":"var(--ast-global-color-4)","background-image":"","background-repeat":"repeat","background-position":"center center","background-size":"auto","background-attachment":"scroll","background-type":"","background-media":"","overlay-type":"","overlay-color":"","overlay-opacity":"","overlay-gradient":""},"tablet":{"background-color":"var(--ast-global-color-4)","background-image":"","background-repeat":"repeat","background-position":"center center","background-size":"auto","background-attachment":"scroll","background-type":"","background-media":"","overlay-type":"","overlay-color":"","overlay-opacity":"","overlay-gradient":""},"mobile":{"background-color":"var(--ast-global-color-4)","background-image":"","background-repeat":"repeat","background-position":"center center","background-size":"auto","background-attachment":"scroll","background-type":"","background-media":"","overlay-type":"","overlay-color":"","overlay-opacity":"","overlay-gradient":""}},"footnotes":""},"class_list":["post-839","page","type-page","status-publish","hentry"],"_links":{"self":[{"href":"https:\/\/iccplagos.com\/it\/wp-json\/wp\/v2\/pages\/839","targetHints":{"allow":["GET"]}}],"collection":[{"href":"https:\/\/iccplagos.com\/it\/wp-json\/wp\/v2\/pages"}],"about":[{"href":"https:\/\/iccplagos.com\/it\/wp-json\/wp\/v2\/types\/page"}],"author":[{"embeddable":true,"href":"https:\/\/iccplagos.com\/it\/wp-json\/wp\/v2\/users\/1"}],"replies":[{"embeddable":true,"href":"https:\/\/iccplagos.com\/it\/wp-json\/wp\/v2\/comments?post=839"}],"version-history":[{"count":43,"href":"https:\/\/iccplagos.com\/it\/wp-json\/wp\/v2\/pages\/839\/revisions"}],"predecessor-version":[{"id":1147,"href":"https:\/\/iccplagos.com\/it\/wp-json\/wp\/v2\/pages\/839\/revisions\/1147"}],"wp:attachment":[{"href":"https:\/\/iccplagos.com\/it\/wp-json\/wp\/v2\/media?parent=839"}],"curies":[{"name":"wp","href":"https:\/\/api.w.org\/{rel}","templated":true}]}}