{"id":885,"date":"2025-11-04T00:40:10","date_gmt":"2025-11-04T00:40:10","guid":{"rendered":"https:\/\/iccplagos.com\/?page_id=885"},"modified":"2026-03-05T21:52:11","modified_gmt":"2026-03-05T21:52:11","slug":"preconferenza","status":"publish","type":"page","link":"https:\/\/iccplagos.com\/it\/preconferenza\/","title":{"rendered":"Preconferenza"},"content":{"rendered":"<div data-elementor-type=\"wp-page\" data-elementor-id=\"885\" class=\"elementor elementor-885\" data-elementor-post-type=\"page\">\n\t\t\t\t<div class=\"elementor-element elementor-element-afea79d e-flex e-con-boxed e-con e-parent\" data-id=\"afea79d\" data-element_type=\"container\" data-settings=\"{&quot;background_background&quot;:&quot;video&quot;,&quot;background_video_link&quot;:&quot;https:\\\/\\\/youtu.be\\\/9PPspCe32sw&quot;,&quot;background_play_on_mobile&quot;:&quot;yes&quot;}\">\n\t\t\t\t\t<div class=\"e-con-inner\">\n\t\t<div class=\"elementor-background-video-container\">\n\t\t\t\t\t\t\t<div class=\"elementor-background-video-embed\"><\/div>\n\t\t\t\t\t\t<\/div>\t\t<div class=\"elementor-element elementor-element-82727f3 elementor-widget elementor-widget-heading\" data-id=\"82727f3\" data-element_type=\"widget\" data-widget_type=\"heading.default\">\n\t\t\t\t<div class=\"elementor-widget-container\">\n\t\t\t\t\t<h2 class=\"elementor-heading-title elementor-size-default\">PRECONFERENZA<br>30-31 agosto 2026<\/h2>\t\t\t\t<\/div>\n\t\t\t\t<\/div>\n\t\t\t\t<div class=\"elementor-element elementor-element-7902ff7 elementor-widget elementor-widget-heading\" data-id=\"7902ff7\" data-element_type=\"widget\" data-widget_type=\"heading.default\">\n\t\t\t\t<div class=\"elementor-widget-container\">\n\t\t\t\t\t<h2 class=\"elementor-heading-title elementor-size-default\">Questa \u00e8 Lagos<\/h2>\t\t\t\t<\/div>\n\t\t\t\t<\/div>\n\t\t\t\t\t<\/div>\n\t\t\t\t<\/div>\n\t\t<div class=\"elementor-element elementor-element-1a392cbd e-flex e-con-boxed e-con e-parent\" data-id=\"1a392cbd\" data-element_type=\"container\">\n\t\t\t\t\t<div class=\"e-con-inner\">\n\t\t<div class=\"elementor-element elementor-element-5452a391 e-con-full e-flex e-con e-child\" data-id=\"5452a391\" data-element_type=\"container\">\n\t\t\t\t<div class=\"elementor-element elementor-element-27b978f4 elementor-widget elementor-widget-heading\" data-id=\"27b978f4\" data-element_type=\"widget\" data-widget_type=\"heading.default\">\n\t\t\t\t<div class=\"elementor-widget-container\">\n\t\t\t\t\t<h2 class=\"elementor-heading-title elementor-size-default\">Descrizione della preconferenza<\/h2>\t\t\t\t<\/div>\n\t\t\t\t<\/div>\n\t\t\t\t<div class=\"elementor-element elementor-element-2c0d61d5 elementor-widget elementor-widget-text-editor\" data-id=\"2c0d61d5\" data-element_type=\"widget\" data-widget_type=\"text-editor.default\">\n\t\t\t\t<div class=\"elementor-widget-container\">\n\t\t\t\t\t\t\t\t\t<p class=\"p2\">Il tour pre-congressuale \u201cThis is Lagos\u201d \u00e8 stato concepito come un evento esperienziale d'eccezione previsto per il 30-31 agosto 2026 a Lagos, in Nigeria. Questo tour servir\u00e0 come precursore della 26a Conferenza Internazionale degli Psicologi di Comunit\u00e0, offrendo ai partecipanti un'opportunit\u00e0 unica di esplorare il ricco patrimonio culturale, le comunit\u00e0 dinamiche e il paesaggio urbano in evoluzione di Lagos. Il tour mira a promuovere una comprensione pi\u00f9 profonda, una riflessione critica e un impegno significativo con le dimensioni socioculturali, storiche ed ecologiche di Lagos come Terra di nessuno.<\/p><h3 class=\"p2\"><b>Il contesto storico di Lagos<\/b><\/h3><p class=\"p2\"><b> <\/b>Lagos, spesso definita la \u201cCitt\u00e0 dello Splendore Acquatico\u201d, \u00e8 una delle citt\u00e0 pi\u00f9 vivaci e popolose dell'Africa. Storicamente, il suo sviluppo \u00e8 stato plasmato dalla sua vicinanza all'Oceano Atlantico e ai suoi estesi sistemi lagunari. La gestione della costa atlantica da parte della famiglia reale Oniru, discendente dei primi custodi del litorale di Lagos, evidenzia l'intersezione tra l'autorit\u00e0 tradizionale e la moderna governance urbana. La citt\u00e0 ospita anche diverse comunit\u00e0 acquatiche, come Makoko, che hanno a lungo affrontato le sfide e le opportunit\u00e0 della vita sull'acqua, combattendo un'aspra lotta con il disastroso inquinamento della citt\u00e0 e le costanti minacce di sfratto e tutte le altre pressioni dell'espansione urbana. Il tour collocher\u00e0 i partecipanti all'interno di queste storie stratificate, sottolineando il ruolo della gestione indigena, della resilienza e della contestazione nella formazione dell'identit\u00e0 di Lagos.<\/p><p class=\"p2\">Lagos \u00e8 spesso caratterizzata come una \u201cterra di nessuno\u201d, essendo un crogiolo di culture, etnie e storie diverse, modellate da ondate di migrazioni interne e da una rapida urbanizzazione. Questo status unico ha contribuito sia alla sua vivacit\u00e0 che alle sue lotte, in quanto i residenti di varie origini si contendono spazio, risorse e riconoscimento all'interno di una citt\u00e0 in continua evoluzione. L'assenza di un unico gruppo indigeno dominante ha talvolta portato a rivendicazioni contestate su terra, identit\u00e0 e appartenenza, intensificando le sfide legate alla coesione sociale, allo sviluppo equo e alla conservazione del patrimonio culturale.<\/p><h3>Obiettivi del tour<\/h3><p>Il tour pre-congressuale \u201cThis Is Lagos\u201d offrir\u00e0 ai partecipanti internazionali un'esperienza di apprendimento arricchente e multidimensionale, mettendo in luce il patrimonio unico di Lagos, la resilienza della comunit\u00e0 e le dinamiche urbane. Attraverso visite accuratamente curate, workshop collaborativi e impegno inclusivo, il tour mira a promuovere la comprensione interculturale, a sostenere le iniziative locali e a ispirare azioni future nel campo della psicologia di comunit\u00e0. Gli obiettivi specifici del tour sono<\/p><ul><li>Fornire ai partecipanti una visione di prima mano delle interconnessioni tra acqua, comunit\u00e0, patrimonio e sviluppo urbano a Lagos.<\/li><li>Promuovere il dialogo interculturale e l'apprendimento attraverso l'impegno con le comunit\u00e0 locali, le autorit\u00e0 tradizionali e gli urbanisti.<\/li><li>Evidenziare sia le sfide che le innovazioni nella gestione degli spazi idrici in un contesto di rapida urbanizzazione.<\/li><li>Sostenere le iniziative della comunit\u00e0 e amplificare le voci delle comunit\u00e0 idriche emarginate, in particolare a Makoko.<\/li><li>Creare una piattaforma per un'azione collaborativa e future partnership tra mondo accademico, politico e stakeholder locali.<\/li><\/ul><h3>Aree tematiche di apprendimento<\/h3><ul><li>Patrimonio e gestione dell'acqua: Esplorare la custodia tradizionale e la gestione contemporanea dei corsi d'acqua di Lagos.<\/li><li>Resilienza della comunit\u00e0: Comprendere le esperienze vissute, le strategie di adattamento e gli sforzi di advocacy delle comunit\u00e0 acquatiche.<\/li><li>Sviluppo urbano e sfollamento: Analizzare l'impatto dell'urbanizzazione, dei progetti infrastrutturali e delle minacce di sfratto sulle popolazioni locali.<\/li><li>Dinamiche socioeconomiche: Esaminare il ruolo dell'acqua nel plasmare i mezzi di sussistenza, la mobilit\u00e0 e lo sviluppo urbano.<\/li><\/ul><h3>Approccio di erogazione dell'apprendimento<\/h3><ul><li>Visite guidate ai luoghi chiave.<\/li><li>Workshop interattivi e tavole rotonde, condotti da guide turistiche professionali, esperti locali e facilitatori, incentrati sulle esigenze dei servizi, sulla difesa delle politiche e sullo sviluppo sostenibile.<\/li><li>Opportunit\u00e0 di impegno orientato al servizio, in particolare nelle comunit\u00e0 vulnerabili come Makoko.<\/li><li>Utilizzo di diverse modalit\u00e0 di trasporto (traghetto, metropolitana, autobus e treno) per sperimentare in prima persona le infrastrutture idriche della citt\u00e0.<\/li><\/ul><h3>Luoghi specifici del sito<\/h3><ul><li>Regno di Oniru e Aqua Atlantic City: Incontrare la famiglia reale Oniru, esplorare la gestione storica della costa atlantica e discutere di uno sviluppo urbano orientato al futuro.<\/li><li>Comunit\u00e0 galleggiante di Makoko: Visita guidata (previo accordo e consenso della comunit\u00e0) per comprendere le sfide, le innovazioni e gli sforzi di advocacy di questo insediamento acquatico in difficolt\u00e0.<\/li><li>Isola di Lagos: Traghetto o autobus Percorrete il litorale, esplorando i punti di riferimento storici e iconici della citt\u00e0, le principali vie d'acqua e le infrastrutture urbane.<\/li><li>Il mercato delle arti e dell'artigianato di Lekki: Visite al mercato curate con accompagnatori per garantire la sicurezza e massimizzare l'esperienza culturale e di apprendimento.<\/li><li>Centro Randle: Tour a piedi del Lagos Randle Center, un'importante istituzione culturale situata a Lagos, in Nigeria, fondata in onore del Dr. John Randle, un importante medico e filantropo che ha svolto un ruolo significativo nello sviluppo sociale e civile della citt\u00e0 all'inizio del XX secolo. Il centro funge da centro per mostre culturali, eventi comunitari e programmi educativi, riflettendo il ricco patrimonio e i contributi delle diverse comunit\u00e0 di Lagos.<\/li><li>Museo Nazionale: Il Museo Nazionale di Lagos, fondato nel 1957, \u00e8 uno dei pi\u00f9 importanti depositi di reperti storici e culturali della Nigeria. Ospita una vasta collezione di oggetti archeologici, etnografici e artistici, tra cui pezzi notevoli come i Bronzi di Benin e la Terracotta di Nok. Il museo offre una visione della storia precoloniale della Nigeria, del suo viaggio attraverso l'epoca coloniale e dell'evoluzione della sua societ\u00e0 contemporanea, rendendolo una destinazione chiave per comprendere il passato e l'identit\u00e0 culturale della nazione.<\/li><\/ul><h3>Logistica preconferenza<\/h3><h4 class=\"p1\">Disposizioni per il trasporto<\/h4><ul><li class=\"p2\">Transito multimodale: I partecipanti utilizzeranno una combinazione di autobus noleggiati, treni e traghetti per spostarsi tra i siti chiave, tra cui Oniru Kingdom, Makoko, Lagos Island e Randle Center. Ciascuna modalit\u00e0 di trasporto \u00e8 stata selezionata per offrire un'esposizione autentica delle infrastrutture idriche di Lagos, garantendo al contempo un viaggio efficiente e sicuro.<\/li><li class=\"p2\">Orari prestabiliti: Tutti i trasferimenti sono programmati con partenze e ritorni anticipati per ridurre al minimo l'esposizione ai picchi di traffico e garantire arrivi puntuali a ogni destinazione.<\/li><li class=\"p2\">Veicoli e traghetti dedicati: Gli autobus e i traghetti noleggiati saranno riservati esclusivamente al gruppo, con posti a sedere regolati per garantire comfort e sicurezza. Tutti i veicoli sono dotati di aria condizionata, materiale di pronto soccorso e protocolli di contatto per le emergenze.<\/li><li class=\"p2\">Visite guidate a piedi: I segmenti a piedi, soprattutto nei mercati e nei siti culturali, saranno condotti da guide e accompagnatori locali, con punti di incontro chiari e check-in del gruppo a intervalli regolari.<\/li><\/ul><h4>Disposizioni di sicurezza<\/h4><ul><li class=\"p1\">Il personale di sicurezza del Dipartimento di Sicurezza dello Stato (DSS), completamente equipaggiato, armato e con licenza, sar\u00e0 schierato insieme alle scorte della Polizia dello Stato di Lagos per accompagnare il tour. Questi saranno presenti durante tutti gli spostamenti e le attivit\u00e0 del gruppo. Effettueranno controlli regolari e monitoreranno i punti di ingresso\/uscita in ogni sito. La squadra di sicurezza sar\u00e0 composta da 4 agenti del DSS, 12 scorte mobili della polizia, 3 veicoli per la scorta di sicurezza e 1 veicolo di emergenza \"All Terraine\". La squadra di sicurezza sar\u00e0 inoltre responsabile di:<ul><li class=\"p1\">Disposizioni di sicurezza delle autorit\u00e0 locali sviluppate in collaborazione con la polizia locale e i leader delle comunit\u00e0, in particolare per le aree sensibili come Makoko e i quartieri di mercato affollati, per garantire un impegno rispettoso e un sostegno immediato in caso di necessit\u00e0.<\/li><li class=\"p1\">Supporto sanitario e di emergenza, con percorsi e procedure di primo soccorso e di evacuazione di emergenza stabiliti e condivisi durante la sessione di orientamento. Saranno inoltre raccolti in anticipo i contatti di emergenza dei partecipanti.<\/li><li class=\"p1\">Valutazione della sicurezza del sito prima di ogni visita, per identificare i rischi potenziali e garantire che tutti i partecipanti ricevano istruzioni specifiche sulla sicurezza del sito.<\/li><li class=\"p1\">Segnalazione degli incidenti, con la delineazione di protocolli chiari per affrontare gli incidenti di sicurezza o sanitari e la distribuzione a tutti i partecipanti delle informazioni di contatto per il personale chiave.<\/li><li><p class=\"p2\">Impegni con i locali Guide esperte, custodi, traduttori e coordinatori logistici per facilitare tutti gli aspetti del tour. I loro ruoli comprendono l'assistenza nella gestione della folla, la garanzia di un passaggio sicuro in luoghi affollati o sensibili e il supporto alla comunicazione in caso di emergenza.<\/p><\/li><\/ul><\/li><\/ul><h4>Sistemazione degli alloggi<\/h4><ul><li>Alloggio: Due notti di alloggio (30 e 31 agosto) sono incluse nella quota di partecipazione alla pre-congresso. I partecipanti alloggeranno nell'hotel scelto durante la procedura di registrazione, che si trova nelle immediate vicinanze della sede della conferenza.<\/li><li>Assistenza in loco: L'hotel offre un servizio di reception 24 ore su 24, un ingresso sicuro e una colazione giornaliera. I briefing e i debriefing di gruppo si terranno ogni sera in una sala riunioni designata.<\/li><li>Trasporto da e per l'alloggio: Il trasporto giornaliero di gruppo partir\u00e0 e torner\u00e0 all'hotel a orari prestabiliti, con piani di emergenza in caso di arrivi tardivi o emergenze.<\/li><\/ul><h4>Costo di registrazione alla preconferenza<\/h4><p>Il costo di registrazione alla preconferenza \u00e8 di $540 USD a persona; Whova e Stripe applicano una commissione aggiuntiva di $34,14 per l'elaborazione dei pagamenti. Il costo include 2 giorni di alloggio, t\u00e8, pranzo, cena, sicurezza, trasporto, interpreti di lingua (francese e spagnolo), coordinamento e facilitazione del tour e intrattenimento.\u00a0<\/p><p>Per iscriversi alla Preconferenza, i partecipanti possono selezionare e inviare il pagamento per il Tour Pre-Conferenza \u201cThis Is Lagos\u201d - 30-31 agosto attraverso il portale di registrazione.<\/p><h6 class=\"small-theme\">Comitato di pianificazione pre e post conferenza ICCP 2026<\/h6><h6 class=\"small-theme\">Comitato di pianificazione<\/h6><ul class=\"preconference-list\"><li>Tiffeny Jimenez<\/li><li>Nkiru Nnawulezi<\/li><li>Moshood Olanrewaju<\/li><li>Leo Wilton<\/li><\/ul>\t\t\t\t\t\t\t\t<\/div>\n\t\t\t\t<\/div>\n\t\t\t\t<\/div>\n\t\t\t\t\t<\/div>\n\t\t\t\t<\/div>\n\t\t<div class=\"elementor-element elementor-element-714fbc2 e-flex e-con-boxed e-con e-parent\" data-id=\"714fbc2\" data-element_type=\"container\" data-settings=\"{&quot;background_background&quot;:&quot;classic&quot;}\">\n\t\t\t\t\t<div class=\"e-con-inner\">\n\t\t\t\t<div class=\"elementor-element elementor-element-49666151 elementor-widget elementor-widget-heading\" data-id=\"49666151\" data-element_type=\"widget\" data-widget_type=\"heading.default\">\n\t\t\t\t<div class=\"elementor-widget-container\">\n\t\t\t\t\t<h2 class=\"elementor-heading-title elementor-size-default\">ESSERE PARTE DEL CAMBIAMENTO<\/h2>\t\t\t\t<\/div>\n\t\t\t\t<\/div>\n\t\t\t\t<div class=\"elementor-element elementor-element-5acfe687 elementor-widget elementor-widget-heading\" data-id=\"5acfe687\" data-element_type=\"widget\" data-widget_type=\"heading.default\">\n\t\t\t\t<div class=\"elementor-widget-container\">\n\t\t\t\t\t<h2 class=\"elementor-heading-title elementor-size-default\">Registratevi per l'ICCP2026 o collaborate con noi per amplificarne l'impatto<\/h2>\t\t\t\t<\/div>\n\t\t\t\t<\/div>\n\t\t<div class=\"elementor-element elementor-element-57216bec e-grid e-con-full elementor-hidden-mobile e-con e-child\" data-id=\"57216bec\" data-element_type=\"container\">\n\t\t\t\t<div class=\"elementor-element elementor-element-3698d1cb elementor-align-right elementor-widget elementor-widget-button\" data-id=\"3698d1cb\" data-element_type=\"widget\" data-widget_type=\"button.default\">\n\t\t\t\t<div class=\"elementor-widget-container\">\n\t\t\t\t\t\t\t\t\t<div class=\"elementor-button-wrapper\">\n\t\t\t\t\t<a class=\"elementor-button elementor-button-link elementor-size-sm\" href=\"https:\/\/iccplagos.com\/it\/wp\/registro\/\">\n\t\t\t\t\t\t<span class=\"elementor-button-content-wrapper\">\n\t\t\t\t\t\t\t\t\t<span class=\"elementor-button-text\">Registro<\/span>\n\t\t\t\t\t<\/span>\n\t\t\t\t\t<\/a>\n\t\t\t\t<\/div>\n\t\t\t\t\t\t\t\t<\/div>\n\t\t\t\t<\/div>\n\t\t\t\t<div class=\"elementor-element elementor-element-1281f74 elementor-mobile-align-center elementor-widget elementor-widget-button\" data-id=\"1281f74\" data-element_type=\"widget\" data-widget_type=\"button.default\">\n\t\t\t\t<div class=\"elementor-widget-container\">\n\t\t\t\t\t\t\t\t\t<div class=\"elementor-button-wrapper\">\n\t\t\t\t\t<a class=\"elementor-button elementor-button-link elementor-size-sm\" href=\"https:\/\/iccplagos.com\/it\/wp\/partner-con-noi\/\">\n\t\t\t\t\t\t<span class=\"elementor-button-content-wrapper\">\n\t\t\t\t\t\t\t\t\t<span class=\"elementor-button-text\">Collabora con noi <\/span>\n\t\t\t\t\t<\/span>\n\t\t\t\t\t<\/a>\n\t\t\t\t<\/div>\n\t\t\t\t\t\t\t\t<\/div>\n\t\t\t\t<\/div>\n\t\t\t\t<\/div>\n\t\t\t\t\t<\/div>\n\t\t\t\t<\/div>\n\t\t\t\t<\/div>","protected":false},"excerpt":{"rendered":"<p>PRECONFERENCEAugust 30-31, 2026 This is Lagos Preconference Description The \u201cThis is Lagos\u201d Pre-Conference Tour is designed as a signature experiential [&hellip;]<\/p>","protected":false},"author":1,"featured_media":0,"parent":0,"menu_order":0,"comment_status":"closed","ping_status":"closed","template":"","meta":{"site-sidebar-layout":"no-sidebar","site-content-layout":"","ast-site-content-layout":"full-width-container","site-content-style":"default","site-sidebar-style":"default","ast-global-header-display":"","ast-banner-title-visibility":"","ast-main-header-display":"","ast-hfb-above-header-display":"","ast-hfb-below-header-display":"","ast-hfb-mobile-header-display":"","site-post-title":"disabled","ast-breadcrumbs-content":"","ast-featured-img":"disabled","footer-sml-layout":"","theme-transparent-header-meta":"","adv-header-id-meta":"","stick-header-meta":"","header-above-stick-meta":"","header-main-stick-meta":"","header-below-stick-meta":"","astra-migrate-meta-layouts":"default","ast-page-background-enabled":"default","ast-page-background-meta":{"desktop":{"background-color":"var(--ast-global-color-5)","background-image":"","background-repeat":"repeat","background-position":"center center","background-size":"auto","background-attachment":"scroll","background-type":"","background-media":"","overlay-type":"","overlay-color":"","overlay-opacity":"","overlay-gradient":""},"tablet":{"background-color":"","background-image":"","background-repeat":"repeat","background-position":"center center","background-size":"auto","background-attachment":"scroll","background-type":"","background-media":"","overlay-type":"","overlay-color":"","overlay-opacity":"","overlay-gradient":""},"mobile":{"background-color":"","background-image":"","background-repeat":"repeat","background-position":"center center","background-size":"auto","background-attachment":"scroll","background-type":"","background-media":"","overlay-type":"","overlay-color":"","overlay-opacity":"","overlay-gradient":""}},"ast-content-background-meta":{"desktop":{"background-color":"var(--ast-global-color-4)","background-image":"","background-repeat":"repeat","background-position":"center center","background-size":"auto","background-attachment":"scroll","background-type":"","background-media":"","overlay-type":"","overlay-color":"","overlay-opacity":"","overlay-gradient":""},"tablet":{"background-color":"var(--ast-global-color-4)","background-image":"","background-repeat":"repeat","background-position":"center center","background-size":"auto","background-attachment":"scroll","background-type":"","background-media":"","overlay-type":"","overlay-color":"","overlay-opacity":"","overlay-gradient":""},"mobile":{"background-color":"var(--ast-global-color-4)","background-image":"","background-repeat":"repeat","background-position":"center center","background-size":"auto","background-attachment":"scroll","background-type":"","background-media":"","overlay-type":"","overlay-color":"","overlay-opacity":"","overlay-gradient":""}},"footnotes":""},"class_list":["post-885","page","type-page","status-publish","hentry"],"_links":{"self":[{"href":"https:\/\/iccplagos.com\/it\/wp-json\/wp\/v2\/pages\/885","targetHints":{"allow":["GET"]}}],"collection":[{"href":"https:\/\/iccplagos.com\/it\/wp-json\/wp\/v2\/pages"}],"about":[{"href":"https:\/\/iccplagos.com\/it\/wp-json\/wp\/v2\/types\/page"}],"author":[{"embeddable":true,"href":"https:\/\/iccplagos.com\/it\/wp-json\/wp\/v2\/users\/1"}],"replies":[{"embeddable":true,"href":"https:\/\/iccplagos.com\/it\/wp-json\/wp\/v2\/comments?post=885"}],"version-history":[{"count":41,"href":"https:\/\/iccplagos.com\/it\/wp-json\/wp\/v2\/pages\/885\/revisions"}],"predecessor-version":[{"id":1137,"href":"https:\/\/iccplagos.com\/it\/wp-json\/wp\/v2\/pages\/885\/revisions\/1137"}],"wp:attachment":[{"href":"https:\/\/iccplagos.com\/it\/wp-json\/wp\/v2\/media?parent=885"}],"curies":[{"name":"wp","href":"https:\/\/api.w.org\/{rel}","templated":true}]}}