{"id":888,"date":"2025-11-04T00:59:18","date_gmt":"2025-11-04T00:59:18","guid":{"rendered":"https:\/\/iccplagos.com\/?page_id=888"},"modified":"2026-02-19T22:02:19","modified_gmt":"2026-02-19T22:02:19","slug":"post-congresso","status":"publish","type":"page","link":"https:\/\/iccplagos.com\/it\/post-congresso\/","title":{"rendered":"Post-conferenza"},"content":{"rendered":"<div data-elementor-type=\"wp-page\" data-elementor-id=\"888\" class=\"elementor elementor-888\" data-elementor-post-type=\"page\">\n\t\t\t\t<div class=\"elementor-element elementor-element-afea79d e-flex e-con-boxed e-con e-parent\" data-id=\"afea79d\" data-element_type=\"container\" data-settings=\"{&quot;background_background&quot;:&quot;video&quot;,&quot;background_video_link&quot;:&quot;https:\\\/\\\/youtu.be\\\/9PPspCe32sw&quot;,&quot;background_play_on_mobile&quot;:&quot;yes&quot;}\">\n\t\t\t\t\t<div class=\"e-con-inner\">\n\t\t<div class=\"elementor-background-video-container\">\n\t\t\t\t\t\t\t<div class=\"elementor-background-video-embed\"><\/div>\n\t\t\t\t\t\t<\/div>\t\t<div class=\"elementor-element elementor-element-82727f3 elementor-widget elementor-widget-heading\" data-id=\"82727f3\" data-element_type=\"widget\" data-widget_type=\"heading.default\">\n\t\t\t\t<div class=\"elementor-widget-container\">\n\t\t\t\t\t<h2 class=\"elementor-heading-title elementor-size-default\">POST-CONFERENZA<br>5-7 settembre<\/h2>\t\t\t\t<\/div>\n\t\t\t\t<\/div>\n\t\t\t\t<div class=\"elementor-element elementor-element-7902ff7 elementor-widget elementor-widget-heading\" data-id=\"7902ff7\" data-element_type=\"widget\" data-widget_type=\"heading.default\">\n\t\t\t\t<div class=\"elementor-widget-container\">\n\t\t\t\t\t<h2 class=\"elementor-heading-title elementor-size-default\">Le vie dell'acqua<\/h2>\t\t\t\t<\/div>\n\t\t\t\t<\/div>\n\t\t\t\t\t<\/div>\n\t\t\t\t<\/div>\n\t\t<div class=\"elementor-element elementor-element-1a392cbd e-flex e-con-boxed e-con e-parent\" data-id=\"1a392cbd\" data-element_type=\"container\">\n\t\t\t\t\t<div class=\"e-con-inner\">\n\t\t<div class=\"elementor-element elementor-element-5452a391 e-con-full e-flex e-con e-child\" data-id=\"5452a391\" data-element_type=\"container\">\n\t\t\t\t<div class=\"elementor-element elementor-element-27b978f4 elementor-widget elementor-widget-heading\" data-id=\"27b978f4\" data-element_type=\"widget\" data-widget_type=\"heading.default\">\n\t\t\t\t<div class=\"elementor-widget-container\">\n\t\t\t\t\t<h2 class=\"elementor-heading-title elementor-size-default\"><b>Descrizione della postconferenza<\/b><\/h2>\t\t\t\t<\/div>\n\t\t\t\t<\/div>\n\t\t\t\t<div class=\"elementor-element elementor-element-2c0d61d5 elementor-widget elementor-widget-text-editor\" data-id=\"2c0d61d5\" data-element_type=\"widget\" data-widget_type=\"text-editor.default\">\n\t\t\t\t<div class=\"elementor-widget-container\">\n\t\t\t\t\t\t\t\t\t<p>Il \u201cLessons In the Ways of Water Tour to Badagry\u201d (5-7 settembre 2026) \u00e8 concepito come un'esperienza immersiva, successiva alla Conferenza internazionale degli psicologi di comunit\u00e0 di Lagos. Questa iniziativa si basa sul significato simbolico e storico dell'acqua come metafora di guarigione, trasformazione e ospitalit\u00e0 radicale. Nel contesto di Badagry, l'acqua ha un duplice ruolo: quello di testimone delle sofferenze della tratta transatlantica degli schiavi e quello di elemento di guarigione comunitaria dal trauma, di pulizia, di rinnovamento spirituale e di resilienza della comunit\u00e0.<\/p>\n<h3 class=\"p2\"><b>Contesto storico<\/b><\/h3>\n<p class=\"p2\">Badagry, situata sulla costa atlantica occidentale di Lagos, \u00e8 una citt\u00e0 dal profondo significato storico in quanto uno dei principali porti dell'Africa occidentale durante la tratta transatlantica degli schiavi. Tra il XVI e il XIX secolo, gli storici stimano che centinaia di migliaia di africani schiavizzati siano passati per Badagry. Sebbene sia difficile determinare i numeri precisi a causa dell'incompletezza dei registri coloniali, le fonti documentate indicano che tra i 500.000 e il milione di africani furono spediti dalla regione dell'Ansa del Benin, con Badagry come principale punto di imbarco. La maggior parte degli schiavi trasportati attraverso Badagry proveniva dai gruppi etnici Yoruba, Ewe e Fon, tra gli altri, provenienti dall'attuale Nigeria sud-occidentale, dal Benin e dal Togo. I prigionieri venivano spesso portati con la forza dall'entroterra a Badagry, dove venivano tenuti in baracche prima di essere caricati sulle navi e inviati attraverso l'Atlantico verso destinazioni nelle Americhe e nei Caraibi. Tra i principali porti di arrivo vi erano Brasile, Cuba, Giamaica, Haiti, Trinidad e gli Stati Uniti meridionali, dove venivano sottoposti al lavoro nelle piantagioni e ad altre forme di sfruttamento. I documenti storici, come i documenti del Parlamento britannico, il database della tratta transatlantica degli schiavi e le storie orali locali, confermano l'entit\u00e0 e la portata della tratta degli schiavi a Badagry. Il paesaggio culturale della citt\u00e0 \u00e8 plasmato da questa eredit\u00e0 come sito di partenza e di ricordo, con le famiglie locali e i custodi, tra cui i sacerdoti Olokun, che mantengono tradizioni che onorano il potere spirituale dell'oceano e il suo ruolo nella guarigione e nella vita della comunit\u00e0. La venerazione per l'acqua continua a essere tramandata di generazione in generazione, riflettendo la perdurante centralit\u00e0 dell'acqua nell'identit\u00e0 di Badagry.<\/p>\n<h3 class=\"p2\"><b>Obiettivi del tour di apprendimento<\/b><\/h3>\n<p class=\"p2\">Il tour mira a facilitare l'impegno dei partecipanti con le dimensioni psicologiche, culturali e storiche dell'acqua, favorendo l'incontro tra s\u00e9 e le anime in un ambiente profondamente segnato sia dal trauma collettivo che dalla resilienza della comunit\u00e0. In particolare, il tour si propone di:<\/p>\n<ul>\n<li class=\"p2\">Approfondire la comprensione del ruolo simbolico e storico dell'acqua nella vita culturale e comunitaria di Badagry.<\/li>\n<li class=\"p2\">Facilitare la comprensione del concetto di guarigione della comunit\u00e0 attraverso la riflessione sul trauma storico e l'impegno immersivo con le tradizioni locali nei siti.<\/li>\n<li class=\"p2\">Favorire la comunanza tra i partecipanti e i custodi locali, incoraggiando l'apprendimento condiviso di esperienze trasformative specifiche dell'Africa.<\/li>\n<li class=\"p2\">Esplorare le intersezioni tra psicologia della comunit\u00e0, custodia spirituale e patrimonio culturale.<\/li>\n<li class=\"p2\">Formare i partecipanti per migliorare la comprensione nei loro impegni con le rispettive comunit\u00e0 africane in diaspora.<\/li>\n<\/ul>\n<h3>Aree tematiche di apprendimento<\/h3>\n<p>A Badagry si percepiscono diversi temi principali, che si intrecciano con il paesaggio, la storia e la vita culturale. Tra questi, l'eredit\u00e0 duratura della tratta transatlantica degli schiavi, di cui Badagry \u00e8 un potente luogo di memoria, trauma e testimonianza. La citt\u00e0 \u00e8 anche plasmata dal simbolismo dell'acqua, che rappresenta sia la sofferenza che il potenziale di guarigione e rinnovamento spirituale. La resilienza della comunit\u00e0 emerge come un altro tema chiave, che si manifesta nelle tradizioni mantenute dai custodi e dalle famiglie locali che onorano il significato spirituale dell'acqua e facilitano la guarigione comunitaria. Questi temi interagiscono per favorire uno spazio di riflessione, trasformazione e apprendimento comunitario, rendendo Badagry un ambiente profondo per la scoperta di s\u00e9 e il dialogo sulle esperienze africane storiche e contemporanee. Il tour si concentrer\u00e0 quindi sui temi specifici di:<\/p>\n<ul>\n<li>Trauma storico e guarigione: L'eredit\u00e0 della tratta transatlantica degli schiavi e i processi di pulizia e rinnovamento.<\/li>\n<li>L'acqua come metafora: mutare forma, mantenere lo spazio e creare un'ospitalit\u00e0 radicale in tempi di transizione e di morte.<\/li>\n<li>Resilienza comunitaria e custodia spirituale: Il ruolo dei custodi locali, come i sacerdoti Olokun, nel guidare i rituali comunitari e la guarigione.<\/li>\n<li>Scoperta di s\u00e9 e introspezione: Vivere Badagry come un paesaggio dell'anima, un'opportunit\u00e0 per favorire l'auto-scoperta introspettiva, la valutazione psicosociale e la rinascita emotiva, offrendo ai partecipanti la possibilit\u00e0 di incontrare e guarire traumi precedentemente sconosciuti in se stessi, nell'umanit\u00e0 e nella comunit\u00e0 in generale.<\/li>\n<\/ul>\n<h3 class=\"p2\"><b>Approccio di erogazione dell'apprendimento<\/b><\/h3>\n<p class=\"p2\">Le visite guidate, condotte da custodi e storici locali, offriranno narrazioni contestuali e approfondimenti personali. I partecipanti si confronteranno direttamente con il paesaggio e la storia unici di Badagry, percorrendo i sentieri della memoria dai porti degli schiavi alle acque curative. Il tour metter\u00e0 in evidenza il ruolo dei custodi nel mantenere le tradizioni di riverenza per l'oceano, mostrando come le pratiche locali di ospitalit\u00e0 e guida spirituale siano intessute nel tessuto della vita comunitaria. Questo approccio coinvolgente incoraggia i visitatori a testimoniare e a partecipare ai processi di guarigione comunitaria, non come estranei ma come ospiti graditi. L'approccio comprender\u00e0:<\/p>\n<ul>\n<li class=\"p2\">Sessioni di narrazione e riflessione partecipata, che invitano al dialogo tra i partecipanti e i membri della comunit\u00e0 locale.<\/li>\n<li class=\"p2\">Mostre di rituali e cerimonie nei siti acquatici, facilitate da custodi spirituali per favorire la guarigione collettiva.<\/li>\n<li class=\"p2\">I workshop interattivi si sono concentrati su temi storici, culturali e psicologici rilevanti per l'esperienza di Badagry.<\/li>\n<\/ul>\n<h3 class=\"p1\"><b>Luoghi di visita specifici<\/b><\/h3>\n<ul>\n<li>Museo della famiglia Mobee: Museo privato che conserva storie orali e manufatti. Il museo \u00e8 situato all'interno della casa ancestrale di una delle principali famiglie di Badagry, il cui lignaggio \u00e8 profondamente intrecciato con il coinvolgimento della citt\u00e0 nella tratta transatlantica degli schiavi. Il museo documenta le esperienze della famiglia Mobee, che storicamente ha agito da intermediario durante l'epoca della schiavit\u00f9. Attraverso le sue esposizioni e le storie di famiglia, il museo offre ai visitatori una prospettiva unica sul complesso passato di Badagry, favorendo la comprensione dell'impatto locale della schiavit\u00f9 e i processi di ricordo, dialogo e guarigione in corso all'interno della comunit\u00e0.<\/li>\n<li>Mercato degli schiavi e santuario di Vlekete: Santuario e mercato locale con un significato spirituale. Storicamente, non \u00e8 servito solo come mercato dove venivano commerciati gli africani schiavizzati, ma anche come spazio sacro per rituali e offerte. I custodi locali e i leader spirituali, come i sacerdoti, eseguivano cerimonie al santuario per cercare protezione, offrire benedizioni e comunicare con gli spiriti ancestrali. Si riteneva che questi rituali fornissero una pulizia spirituale e una guida sia per i prigionieri sia per la comunit\u00e0, intrecciando la dolorosa storia della tratta degli schiavi con tradizioni durature di guarigione e ricordo. Oggi il sito \u00e8 un potente simbolo di resilienza, che onora la memoria di coloro che sono passati di l\u00ec e funge da luogo di riflessione, guarigione comunitaria e connessione spirituale.<\/li>\n<li>Museo degli schiavi di Badagry: Un importante sito storico che conserva le memorie e i manufatti relativi alla tratta transatlantica degli schiavi. Attraverso le sue mostre e le sue collezioni, il museo offre ai visitatori una potente visione delle esperienze degli schiavi e dell'eredit\u00e0 della schiavit\u00f9 a Badagry, con storie orali, documenti e testimonianze che favoriscono la riflessione e il dialogo su questo profondo capitolo della storia africana e mondiale.<\/li>\n<li>Punto di non ritorno: Una passeggiata guidata lungo la via degli schiavi che immerge i partecipanti nel viaggio storico degli africani ridotti in schiavit\u00f9, guidandoli attraverso potenti esposizioni e punti di riferimento significativi, ripercorrendo i passi compiuti da coloro che furono costretti alla schiavit\u00f9 e culminando nel simbolico Punto di non ritorno. Questo viaggio invita a una riflessione profonda, a un legame emotivo e a un senso di guarigione comune, onorando le memorie del passato e favorendo il dialogo e l'introspezione tra tutti coloro che vi partecipano.<\/li>\n<li>Spiaggia di Gberefu e Santuario di Olokun: Questi due siti sono intrinsecamente legati come centri di custodia spirituale e rituali dell'acqua a Badagry. Entrambe le localit\u00e0 sono luoghi di pulizia rituale e di profonda venerazione dell'oceano, che riflettono il legame duraturo della comunit\u00e0 con l'acqua come fonte di guarigione, rinnovamento spirituale e comunicazione ancestrale. La distanza fisica tra la spiaggia di Gberefu e il santuario di Olokun \u00e8 di circa 1 chilometro (circa 10-15 minuti a piedi), consentendo ai partecipanti di viaggiare tra questi siti sacri attraverso un paesaggio ricco di storia e simbolismo. La spiaggia offre un ambiente naturale per le cerimonie, mentre il Santuario di Olokun, dedicato alla divinit\u00e0 dell'oceano, ancorer\u00e0 queste pratiche alla tradizione e alle credenze. Le esperienze in questi siti invitano i partecipanti a impegnarsi in rituali collettivi, favorendo la rinascita emotiva, l'introspezione e la guarigione comunitaria onorando il potere dell'acqua e dei suoi guardiani spirituali.<\/li>\n<\/ul>\n<h3>Logistica post-congressuale<\/h3>\n<h4 class=\"p1\">Disposizioni per il trasporto<\/h4>\n<p>Verranno organizzati autobus executive noleggiati per viaggi di gruppo sicuri tra Lagos e Badagry, nonch\u00e9 per tutti i trasferimenti locali. Gli autobus saranno dotati di sedili confortevoli, aria condizionata, localizzazione GPS e sistemi di comunicazione di emergenza. Gli autisti saranno controllati e istruiti sui protocolli di sicurezza per tutta la durata del tour. Saranno inoltre organizzati rinfreschi e pause nei bagni durante il viaggio.<\/p>\n<h4>Disposizioni di sicurezza<\/h4>\n<p>Il personale di sicurezza del Dipartimento di Sicurezza dello Stato (DSS), completamente equipaggiato, armato e con licenza, sar\u00e0 schierato insieme alle scorte della Polizia dello Stato di Lagos per accompagnare il tour. Questi saranno presenti durante tutti gli spostamenti e le attivit\u00e0 del gruppo. Effettueranno controlli regolari e monitoreranno i punti di ingresso\/uscita in ogni sito. La squadra di sicurezza sar\u00e0 composta da 4 agenti del DSS, 12 scorte mobili della polizia, 3 veicoli per la scorta di sicurezza e 1 veicolo di emergenza \"All Terraine\". La squadra di sicurezza sar\u00e0 inoltre responsabile di:<\/p>\n<ul>\n<li>Coordinamento delle autorit\u00e0 locali per mantenere una comunicazione continua con le autorit\u00e0 locali di Badagry, compresi la polizia e i servizi sanitari, per una risposta rapida a qualsiasi incidente.<\/li>\n<li>Supporto sanitario e di emergenza, con percorsi e procedure di primo soccorso e di evacuazione di emergenza stabiliti e condivisi durante la sessione di orientamento. Saranno inoltre raccolti in anticipo i contatti di emergenza dei partecipanti.<\/li>\n<li>Valutazione della sicurezza del sito prima di ogni visita, per identificare i rischi potenziali e garantire che tutti i partecipanti ricevano istruzioni specifiche sulla sicurezza del sito.<\/li>\n<li>Segnalazione degli incidenti, con la delineazione di protocolli chiari per affrontare gli incidenti di sicurezza o sanitari e la distribuzione a tutti i partecipanti delle informazioni di contatto per il personale chiave.<\/li>\n<li>Coordinamento con i locali Guide esperte, custodi, traduttori e coordinatori logistici saranno impegnati a facilitare tutti gli aspetti del tour. I loro ruoli comprendono l'assistenza nella gestione della folla, la garanzia di un passaggio sicuro nei luoghi pi\u00f9 affollati o sensibili e il supporto alla comunicazione in caso di emergenza.<\/li>\n<\/ul>\n<h4>Sistemazione degli alloggi<\/h4>\n<p>La Conferenza assicurer\u00e0 in anticipo le prenotazioni alberghiere per i partecipanti al tour di Badagry. Le camere saranno assegnate dopo il pagamento della quota di partecipazione al tour e saranno state controllate in termini di sicurezza, pulizia e comfort. Le opzioni di alloggio comprenderanno camere doppie o matrimoniali, con possibilit\u00e0 di camere singole su richiesta anticipata e a un costo aggiuntivo. Ogni camera includer\u00e0 servizi essenziali come l'aria condizionata, il bagno privato e un deposito sicuro per gli oggetti di valore. Il servizio di pulizia giornaliero e l'assistenza alla reception 24 ore su 24 saranno disponibili per tutta la durata del soggiorno. Il pacchetto di soggiorno comprende la prima colazione ogni mattina, servita nella sala da pranzo dell'hotel. Il pranzo sar\u00e0 organizzato dalla Conferenza in loco o presso l'hotel, offrendo una variet\u00e0 di opzioni locali e continentali. Due cene saranno organizzate come pasto di gruppo presso il ristorante dell'hotel, per un benvenuto e un saluto speciali con cucina locale e intrattenimento. Acqua potabile in bottiglia sar\u00e0 fornita per tutta la durata delle visite e per tutti i pasti.<\/p>\n<h4>Costo di registrazione post-congressuale<\/h4>\n<p>Il costo di registrazione post-congressuale \u00e8 di $598 USD a persona; Whova e Stripe applicano una commissione aggiuntiva di $37,66 per l'elaborazione dei pagamenti. Il costo comprende 2 giorni di alloggio, t\u00e8, pranzo, cena e 3 giorni di sicurezza, trasporto, interpreti di lingua (francese e spagnolo), coordinamento e facilitazione del tour e intrattenimento.<\/p>\n<p>Per iscriversi alla Postconferenza, i partecipanti possono selezionare e inviare il pagamento per la Postconferenza \u201cLessons In the Ways of Water\u201d - 5-7 settembre attraverso il portale di registrazione.<\/p>\n<h6 class=\"small-theme\">Comitato di pianificazione pre e post conferenza ICCP 2026<\/h6>\n<ul class=\"preconference-list\">\n<li>Tiffeny Jimenez<\/li>\n<li>Nkiru Nnawulezi<\/li>\n<li>Moshood Olanrewaju<\/li>\n<li>Leo Wilton<\/li>\n<\/ul>\t\t\t\t\t\t\t\t<\/div>\n\t\t\t\t<\/div>\n\t\t\t\t<\/div>\n\t\t\t\t\t<\/div>\n\t\t\t\t<\/div>\n\t\t<div class=\"elementor-element elementor-element-714fbc2 e-flex e-con-boxed e-con e-parent\" data-id=\"714fbc2\" data-element_type=\"container\" data-settings=\"{&quot;background_background&quot;:&quot;classic&quot;}\">\n\t\t\t\t\t<div class=\"e-con-inner\">\n\t\t\t\t<div class=\"elementor-element elementor-element-49666151 elementor-widget elementor-widget-heading\" data-id=\"49666151\" data-element_type=\"widget\" data-widget_type=\"heading.default\">\n\t\t\t\t<div class=\"elementor-widget-container\">\n\t\t\t\t\t<h2 class=\"elementor-heading-title elementor-size-default\">ESSERE PARTE DEL CAMBIAMENTO<\/h2>\t\t\t\t<\/div>\n\t\t\t\t<\/div>\n\t\t\t\t<div class=\"elementor-element elementor-element-5acfe687 elementor-widget elementor-widget-heading\" data-id=\"5acfe687\" data-element_type=\"widget\" data-widget_type=\"heading.default\">\n\t\t\t\t<div class=\"elementor-widget-container\">\n\t\t\t\t\t<h2 class=\"elementor-heading-title elementor-size-default\">Registratevi per l'ICCP2026 o collaborate con noi per amplificarne l'impatto<\/h2>\t\t\t\t<\/div>\n\t\t\t\t<\/div>\n\t\t<div class=\"elementor-element elementor-element-57216bec e-grid e-con-full elementor-hidden-mobile e-con e-child\" data-id=\"57216bec\" data-element_type=\"container\">\n\t\t\t\t<div class=\"elementor-element elementor-element-3698d1cb elementor-align-right elementor-widget elementor-widget-button\" data-id=\"3698d1cb\" data-element_type=\"widget\" data-widget_type=\"button.default\">\n\t\t\t\t<div class=\"elementor-widget-container\">\n\t\t\t\t\t\t\t\t\t<div class=\"elementor-button-wrapper\">\n\t\t\t\t\t<a class=\"elementor-button elementor-button-link elementor-size-sm\" href=\"https:\/\/iccplagos.com\/it\/wp\/registro\/\">\n\t\t\t\t\t\t<span class=\"elementor-button-content-wrapper\">\n\t\t\t\t\t\t\t\t\t<span class=\"elementor-button-text\">Registro<\/span>\n\t\t\t\t\t<\/span>\n\t\t\t\t\t<\/a>\n\t\t\t\t<\/div>\n\t\t\t\t\t\t\t\t<\/div>\n\t\t\t\t<\/div>\n\t\t\t\t<div class=\"elementor-element elementor-element-1281f74 elementor-mobile-align-center elementor-widget elementor-widget-button\" data-id=\"1281f74\" data-element_type=\"widget\" data-widget_type=\"button.default\">\n\t\t\t\t<div class=\"elementor-widget-container\">\n\t\t\t\t\t\t\t\t\t<div class=\"elementor-button-wrapper\">\n\t\t\t\t\t<a class=\"elementor-button elementor-button-link elementor-size-sm\" href=\"https:\/\/iccplagos.com\/it\/wp\/partner-con-noi\/\">\n\t\t\t\t\t\t<span class=\"elementor-button-content-wrapper\">\n\t\t\t\t\t\t\t\t\t<span class=\"elementor-button-text\">Collabora con noi <\/span>\n\t\t\t\t\t<\/span>\n\t\t\t\t\t<\/a>\n\t\t\t\t<\/div>\n\t\t\t\t\t\t\t\t<\/div>\n\t\t\t\t<\/div>\n\t\t\t\t<\/div>\n\t\t\t\t\t<\/div>\n\t\t\t\t<\/div>\n\t\t\t\t<\/div>","protected":false},"excerpt":{"rendered":"<p>POSTCONFERENCESeptember 5-7 The Ways of Water Postconference Description The \u201cLessons In the Ways of Water Tour to Badagry\u201d (September 5-7, [&hellip;]<\/p>","protected":false},"author":1,"featured_media":0,"parent":0,"menu_order":0,"comment_status":"closed","ping_status":"closed","template":"","meta":{"site-sidebar-layout":"no-sidebar","site-content-layout":"","ast-site-content-layout":"full-width-container","site-content-style":"default","site-sidebar-style":"default","ast-global-header-display":"","ast-banner-title-visibility":"","ast-main-header-display":"","ast-hfb-above-header-display":"","ast-hfb-below-header-display":"","ast-hfb-mobile-header-display":"","site-post-title":"disabled","ast-breadcrumbs-content":"","ast-featured-img":"disabled","footer-sml-layout":"","theme-transparent-header-meta":"","adv-header-id-meta":"","stick-header-meta":"","header-above-stick-meta":"","header-main-stick-meta":"","header-below-stick-meta":"","astra-migrate-meta-layouts":"default","ast-page-background-enabled":"default","ast-page-background-meta":{"desktop":{"background-color":"var(--ast-global-color-5)","background-image":"","background-repeat":"repeat","background-position":"center center","background-size":"auto","background-attachment":"scroll","background-type":"","background-media":"","overlay-type":"","overlay-color":"","overlay-opacity":"","overlay-gradient":""},"tablet":{"background-color":"","background-image":"","background-repeat":"repeat","background-position":"center center","background-size":"auto","background-attachment":"scroll","background-type":"","background-media":"","overlay-type":"","overlay-color":"","overlay-opacity":"","overlay-gradient":""},"mobile":{"background-color":"","background-image":"","background-repeat":"repeat","background-position":"center center","background-size":"auto","background-attachment":"scroll","background-type":"","background-media":"","overlay-type":"","overlay-color":"","overlay-opacity":"","overlay-gradient":""}},"ast-content-background-meta":{"desktop":{"background-color":"var(--ast-global-color-4)","background-image":"","background-repeat":"repeat","background-position":"center center","background-size":"auto","background-attachment":"scroll","background-type":"","background-media":"","overlay-type":"","overlay-color":"","overlay-opacity":"","overlay-gradient":""},"tablet":{"background-color":"var(--ast-global-color-4)","background-image":"","background-repeat":"repeat","background-position":"center center","background-size":"auto","background-attachment":"scroll","background-type":"","background-media":"","overlay-type":"","overlay-color":"","overlay-opacity":"","overlay-gradient":""},"mobile":{"background-color":"var(--ast-global-color-4)","background-image":"","background-repeat":"repeat","background-position":"center center","background-size":"auto","background-attachment":"scroll","background-type":"","background-media":"","overlay-type":"","overlay-color":"","overlay-opacity":"","overlay-gradient":""}},"footnotes":""},"class_list":["post-888","page","type-page","status-publish","hentry"],"_links":{"self":[{"href":"https:\/\/iccplagos.com\/it\/wp-json\/wp\/v2\/pages\/888","targetHints":{"allow":["GET"]}}],"collection":[{"href":"https:\/\/iccplagos.com\/it\/wp-json\/wp\/v2\/pages"}],"about":[{"href":"https:\/\/iccplagos.com\/it\/wp-json\/wp\/v2\/types\/page"}],"author":[{"embeddable":true,"href":"https:\/\/iccplagos.com\/it\/wp-json\/wp\/v2\/users\/1"}],"replies":[{"embeddable":true,"href":"https:\/\/iccplagos.com\/it\/wp-json\/wp\/v2\/comments?post=888"}],"version-history":[{"count":21,"href":"https:\/\/iccplagos.com\/it\/wp-json\/wp\/v2\/pages\/888\/revisions"}],"predecessor-version":[{"id":1121,"href":"https:\/\/iccplagos.com\/it\/wp-json\/wp\/v2\/pages\/888\/revisions\/1121"}],"wp:attachment":[{"href":"https:\/\/iccplagos.com\/it\/wp-json\/wp\/v2\/media?parent=888"}],"curies":[{"name":"wp","href":"https:\/\/api.w.org\/{rel}","templated":true}]}}