{"id":285,"date":"2025-05-12T07:30:29","date_gmt":"2025-05-12T07:30:29","guid":{"rendered":"https:\/\/iccplagos.com\/wp\/?page_id=285"},"modified":"2025-11-03T14:54:30","modified_gmt":"2025-11-03T14:54:30","slug":"registro","status":"publish","type":"page","link":"https:\/\/iccplagos.com\/pt\/registro\/","title":{"rendered":"Registro"},"content":{"rendered":"<div data-elementor-type=\"wp-page\" data-elementor-id=\"285\" class=\"elementor elementor-285\" data-elementor-post-type=\"page\">\n\t\t\t\t<div class=\"elementor-element elementor-element-6bd42948 e-flex e-con-boxed e-con e-parent\" data-id=\"6bd42948\" data-element_type=\"container\" data-settings=\"{&quot;background_background&quot;:&quot;video&quot;,&quot;background_video_link&quot;:&quot;https:\\\/\\\/youtu.be\\\/FOCUKb2gQqY&quot;,&quot;background_play_on_mobile&quot;:&quot;yes&quot;}\">\n\t\t\t\t\t<div class=\"e-con-inner\">\n\t\t<div class=\"elementor-background-video-container\">\n\t\t\t\t\t\t\t<div class=\"elementor-background-video-embed\"><\/div>\n\t\t\t\t\t\t<\/div>\t\t<div class=\"elementor-element elementor-element-60772e9b elementor-widget elementor-widget-heading\" data-id=\"60772e9b\" data-element_type=\"widget\" data-widget_type=\"heading.default\">\n\t\t\t\t<div class=\"elementor-widget-container\">\n\t\t\t\t\t<h2 class=\"elementor-heading-title elementor-size-default\">Registre-se para o ICCP Lagos 2026<\/h2>\t\t\t\t<\/div>\n\t\t\t\t<\/div>\n\t\t\t\t\t<\/div>\n\t\t\t\t<\/div>\n\t\t<div class=\"elementor-element elementor-element-15d52c8 e-con-full e-flex e-con e-parent\" data-id=\"15d52c8\" data-element_type=\"container\" data-settings=\"{&quot;background_background&quot;:&quot;classic&quot;}\">\n\t\t\t\t<div class=\"elementor-element elementor-element-aa7a2b9 elementor-widget elementor-widget-spacer\" data-id=\"aa7a2b9\" data-element_type=\"widget\" data-widget_type=\"spacer.default\">\n\t\t\t\t<div class=\"elementor-widget-container\">\n\t\t\t\t\t\t\t<div class=\"elementor-spacer\">\n\t\t\t<div class=\"elementor-spacer-inner\"><\/div>\n\t\t<\/div>\n\t\t\t\t\t\t<\/div>\n\t\t\t\t<\/div>\n\t\t\t\t<div class=\"elementor-element elementor-element-f7d9e63 elementor-widget elementor-widget-text-editor\" data-id=\"f7d9e63\" data-element_type=\"widget\" data-widget_type=\"text-editor.default\">\n\t\t\t\t<div class=\"elementor-widget-container\">\n\t\t\t\t\t\t\t\t\t<table><thead><tr><th><strong>Per\u00edodos de registro<\/strong><\/th><th><strong>Profissionais<br \/>(Am\u00e9rica do Norte, Europa, \u00c1sia, Oceania)<\/strong><\/th><th><strong>Profissionais<br \/>(Am\u00e9rica Latina)<\/strong><\/th><th>Estudantes (Am\u00e9rica do Norte, Am\u00e9rica Latina, Europa, \u00c1sia)<strong>a, Oceania<\/strong><strong style=\"text-align: start; font-size: 1rem;\">)<\/strong><strong><br \/><\/strong><\/th><th><strong>Profissionais e estudantes<br \/>(\u00c1frica)<\/strong><\/th><\/tr><\/thead><tbody><tr><td><strong>Inscri\u00e7\u00e3o antecipada: <\/strong><br \/>Maio a dezembro de 2025<\/td><td style=\"text-align: center;\">$400<\/td><td style=\"text-align: center;\">$250<\/td><td style=\"text-align: center;\">$150<\/td><td style=\"text-align: center;\">$60<\/td><\/tr><tr><td><strong>Registro regular: <\/strong><br \/>Janeiro a junho de 2026<\/td><td style=\"text-align: center;\">$600<\/td><td style=\"text-align: center;\">$450<\/td><td style=\"text-align: center;\">$250<\/td><td style=\"text-align: center;\">$100<\/td><\/tr><tr><td><strong>Registro tardio: <\/strong><br \/>Julho a setembro de 2026<\/td><td style=\"text-align: center;\">$800<\/td><td style=\"text-align: center;\">$600<\/td><td style=\"text-align: center;\">$350<\/td><td style=\"text-align: center;\">$200<\/td><\/tr><\/tbody><\/table>\t\t\t\t\t\t\t\t<\/div>\n\t\t\t\t<\/div>\n\t\t\t\t<div class=\"elementor-element elementor-element-c3a40e4 elementor-widget elementor-widget-text-editor\" data-id=\"c3a40e4\" data-element_type=\"widget\" data-widget_type=\"text-editor.default\">\n\t\t\t\t<div class=\"elementor-widget-container\">\n\t\t\t\t\t\t\t\t\t<div class=\"elementor-element elementor-element-dcad8fc elementor-widget elementor-widget-text-editor\" data-id=\"dcad8fc\" data-element_type=\"widget\" data-widget_type=\"text-editor.default\"><div class=\"elementor-widget-container\"><div><p>Perguntas relacionadas ao registro podem ser enviadas para: iccplagos2026@gmail.com<\/p><\/div><\/div><\/div>\t\t\t\t\t\t\t\t<\/div>\n\t\t\t\t<\/div>\n\t\t\t\t<div class=\"elementor-element elementor-element-d5e2e90 elementor-align-center elementor-widget elementor-widget-button\" data-id=\"d5e2e90\" data-element_type=\"widget\" data-widget_type=\"button.default\">\n\t\t\t\t<div class=\"elementor-widget-container\">\n\t\t\t\t\t\t\t\t\t<div class=\"elementor-button-wrapper\">\n\t\t\t\t\t<a class=\"elementor-button elementor-button-link elementor-size-sm\" href=\"https:\/\/whova.com\/portal\/registration\/wL@SVIa@T5R2f9FSHC--\/\">\n\t\t\t\t\t\t<span class=\"elementor-button-content-wrapper\">\n\t\t\t\t\t\t\t\t\t<span class=\"elementor-button-text\">Registre-se agora<\/span>\n\t\t\t\t\t<\/span>\n\t\t\t\t\t<\/a>\n\t\t\t\t<\/div>\n\t\t\t\t\t\t\t\t<\/div>\n\t\t\t\t<\/div>\n\t\t\t\t<div class=\"elementor-element elementor-element-bd47bd9 elementor-widget elementor-widget-text-editor\" data-id=\"bd47bd9\" data-element_type=\"widget\" data-widget_type=\"text-editor.default\">\n\t\t\t\t<div class=\"elementor-widget-container\">\n\t\t\t\t\t\t\t\t\t<p><strong>O registro inclui:<\/strong><\/p><ul><li>Transporte de e para o aeroporto<\/li><li>Almo\u00e7o di\u00e1rio<\/li><li>Processamento de vistos e taxas*<\/li><\/ul><p>*O processo de visto de grupo exige que todos os materiais sejam enviados at\u00e9 30 de junho de 2026 para que sejam inclu\u00eddos no envio do grupo. N\u00e3o podemos garantir que os h\u00f3spedes que se inscreverem em 1\u00ba de julho de 2026 ser\u00e3o inclu\u00eddos no processo de visto de grupo, o que significa que eles podem ser respons\u00e1veis por seu pr\u00f3prio processo e taxas de visto.<\/p>\t\t\t\t\t\t\t\t<\/div>\n\t\t\t\t<\/div>\n\t\t\t\t<div class=\"elementor-element elementor-element-24e797d elementor-widget elementor-widget-spacer\" data-id=\"24e797d\" data-element_type=\"widget\" data-widget_type=\"spacer.default\">\n\t\t\t\t<div class=\"elementor-widget-container\">\n\t\t\t\t\t\t\t<div class=\"elementor-spacer\">\n\t\t\t<div class=\"elementor-spacer-inner\"><\/div>\n\t\t<\/div>\n\t\t\t\t\t\t<\/div>\n\t\t\t\t<\/div>\n\t\t\t\t<\/div>\n\t\t\t\t<\/div>","protected":false},"excerpt":{"rendered":"<p>Register for ICCP Lagos 2026 Registration Periods Professionals(North America, Europe, Asia, Oceania) Professionals(Latin America) Students (North America, Latin America, Europe, [&hellip;]<\/p>","protected":false},"author":1,"featured_media":0,"parent":0,"menu_order":0,"comment_status":"closed","ping_status":"closed","template":"elementor_header_footer","meta":{"site-sidebar-layout":"no-sidebar","site-content-layout":"","ast-site-content-layout":"full-width-container","site-content-style":"default","site-sidebar-style":"default","ast-global-header-display":"","ast-banner-title-visibility":"","ast-main-header-display":"","ast-hfb-above-header-display":"","ast-hfb-below-header-display":"","ast-hfb-mobile-header-display":"","site-post-title":"disabled","ast-breadcrumbs-content":"","ast-featured-img":"disabled","footer-sml-layout":"","theme-transparent-header-meta":"","adv-header-id-meta":"","stick-header-meta":"","header-above-stick-meta":"","header-main-stick-meta":"","header-below-stick-meta":"","astra-migrate-meta-layouts":"default","ast-page-background-enabled":"default","ast-page-background-meta":{"desktop":{"background-color":"var(--ast-global-color-5)","background-image":"","background-repeat":"repeat","background-position":"center center","background-size":"auto","background-attachment":"scroll","background-type":"","background-media":"","overlay-type":"","overlay-color":"","overlay-opacity":"","overlay-gradient":""},"tablet":{"background-color":"","background-image":"","background-repeat":"repeat","background-position":"center center","background-size":"auto","background-attachment":"scroll","background-type":"","background-media":"","overlay-type":"","overlay-color":"","overlay-opacity":"","overlay-gradient":""},"mobile":{"background-color":"","background-image":"","background-repeat":"repeat","background-position":"center center","background-size":"auto","background-attachment":"scroll","background-type":"","background-media":"","overlay-type":"","overlay-color":"","overlay-opacity":"","overlay-gradient":""}},"ast-content-background-meta":{"desktop":{"background-color":"var(--ast-global-color-4)","background-image":"","background-repeat":"repeat","background-position":"center center","background-size":"auto","background-attachment":"scroll","background-type":"","background-media":"","overlay-type":"","overlay-color":"","overlay-opacity":"","overlay-gradient":""},"tablet":{"background-color":"var(--ast-global-color-4)","background-image":"","background-repeat":"repeat","background-position":"center center","background-size":"auto","background-attachment":"scroll","background-type":"","background-media":"","overlay-type":"","overlay-color":"","overlay-opacity":"","overlay-gradient":""},"mobile":{"background-color":"var(--ast-global-color-4)","background-image":"","background-repeat":"repeat","background-position":"center center","background-size":"auto","background-attachment":"scroll","background-type":"","background-media":"","overlay-type":"","overlay-color":"","overlay-opacity":"","overlay-gradient":""}},"footnotes":""},"class_list":["post-285","page","type-page","status-publish","hentry"],"_links":{"self":[{"href":"https:\/\/iccplagos.com\/pt\/wp-json\/wp\/v2\/pages\/285","targetHints":{"allow":["GET"]}}],"collection":[{"href":"https:\/\/iccplagos.com\/pt\/wp-json\/wp\/v2\/pages"}],"about":[{"href":"https:\/\/iccplagos.com\/pt\/wp-json\/wp\/v2\/types\/page"}],"author":[{"embeddable":true,"href":"https:\/\/iccplagos.com\/pt\/wp-json\/wp\/v2\/users\/1"}],"replies":[{"embeddable":true,"href":"https:\/\/iccplagos.com\/pt\/wp-json\/wp\/v2\/comments?post=285"}],"version-history":[{"count":91,"href":"https:\/\/iccplagos.com\/pt\/wp-json\/wp\/v2\/pages\/285\/revisions"}],"predecessor-version":[{"id":858,"href":"https:\/\/iccplagos.com\/pt\/wp-json\/wp\/v2\/pages\/285\/revisions\/858"}],"wp:attachment":[{"href":"https:\/\/iccplagos.com\/pt\/wp-json\/wp\/v2\/media?parent=285"}],"curies":[{"name":"wp","href":"https:\/\/api.w.org\/{rel}","templated":true}]}}