{"id":839,"date":"2025-11-01T17:41:07","date_gmt":"2025-11-01T17:41:07","guid":{"rendered":"https:\/\/iccplagos.com\/?page_id=839"},"modified":"2026-04-16T03:57:38","modified_gmt":"2026-04-16T03:57:38","slug":"hospedagem","status":"publish","type":"page","link":"https:\/\/iccplagos.com\/pt\/hospedagem\/","title":{"rendered":"Hospedagem"},"content":{"rendered":"<div data-elementor-type=\"wp-page\" data-elementor-id=\"839\" class=\"elementor elementor-839\" data-elementor-post-type=\"page\">\n\t\t\t\t<div class=\"elementor-element elementor-element-6bd42948 e-flex e-con-boxed e-con e-parent\" data-id=\"6bd42948\" data-element_type=\"container\" data-settings=\"{&quot;background_background&quot;:&quot;video&quot;,&quot;background_video_link&quot;:&quot;https:\\\/\\\/youtu.be\\\/FOCUKb2gQqY&quot;,&quot;background_play_on_mobile&quot;:&quot;yes&quot;}\">\n\t\t\t\t\t<div class=\"e-con-inner\">\n\t\t<div class=\"elementor-background-video-container\">\n\t\t\t\t\t\t\t<div class=\"elementor-background-video-embed\"><\/div>\n\t\t\t\t\t\t<\/div>\t\t<div class=\"elementor-element elementor-element-60772e9b elementor-widget elementor-widget-heading\" data-id=\"60772e9b\" data-element_type=\"widget\" data-widget_type=\"heading.default\">\n\t\t\t\t<div class=\"elementor-widget-container\">\n\t\t\t\t\t<h2 class=\"elementor-heading-title elementor-size-default\">Hospedagem durante o ICCP Lagos 2026<\/h2>\t\t\t\t<\/div>\n\t\t\t\t<\/div>\n\t\t\t\t\t<\/div>\n\t\t\t\t<\/div>\n\t\t<div class=\"elementor-element elementor-element-15d52c8 e-con-full e-flex e-con e-parent\" data-id=\"15d52c8\" data-element_type=\"container\" data-settings=\"{&quot;background_background&quot;:&quot;classic&quot;}\">\n\t\t\t\t<div class=\"elementor-element elementor-element-aa7a2b9 elementor-widget elementor-widget-spacer\" data-id=\"aa7a2b9\" data-element_type=\"widget\" data-widget_type=\"spacer.default\">\n\t\t\t\t<div class=\"elementor-widget-container\">\n\t\t\t\t\t\t\t<div class=\"elementor-spacer\">\n\t\t\t<div class=\"elementor-spacer-inner\"><\/div>\n\t\t<\/div>\n\t\t\t\t\t\t<\/div>\n\t\t\t\t<\/div>\n\t\t\t\t<div class=\"elementor-element elementor-element-f7d9e63 elementor-widget elementor-widget-text-editor\" data-id=\"f7d9e63\" data-element_type=\"widget\" data-widget_type=\"text-editor.default\">\n\t\t\t\t<div class=\"elementor-widget-container\">\n\t\t\t\t\t\t\t\t\t<h2>Hotel para confer\u00eancias<\/h2><p>O ICCP Lagos ser\u00e1 realizado principalmente no <a href=\"https:\/\/www.marriott.com\/en-us\/hotels\/loslg-lagos-marriott-hotel-ikeja\/overview\/\">Lagos Marriott Hotel Ikeja<\/a>. Como parte de nosso acordo, fizemos uma pr\u00e9-reserva de 50 quartos (Standard Guest Rooms com 1 cama King) a uma tarifa noturna de US$ $220 para um pacote de 4 noites (check-in em 1\u00ba de setembro e check-out em 5 de setembro). Para manter essa tarifa com desconto, pelo menos 30 dos quartos precisar\u00e3o ser ocupados durante a confer\u00eancia do ICCP Lagos.<\/p><p>Esse pacote de 4 noites tamb\u00e9m inclui 1 buf\u00ea de caf\u00e9 da manh\u00e3 internacional por dia, por pessoa, no restaurante Kariko &amp; Co do hotel, WiFi no quarto de h\u00f3spedes, amenidades de \u00e1gua\/ch\u00e1 e caf\u00e9 no quarto. O hor\u00e1rio de check-in \u00e9 \u00e0s 15 horas e o hor\u00e1rio de check-out \u00e9 \u00e0s 12 horas.<\/p><p>Para garantir a reserva de um quarto no pacote de 4 noites, os participantes podem selecionar o complemento Marriott Lodging 4-Night Package no portal de registro. As sele\u00e7\u00f5es e os pagamentos da tarifa noturna e das taxas de processamento ($31.47 para o processamento de pagamentos do Whova e do Stripe) devem ser feitos at\u00e9 20 de fevereiro de 2026. Ap\u00f3s esse prazo, as reservas poder\u00e3o ser feitas dependendo do espa\u00e7o dispon\u00edvel. A equipe organizadora da confer\u00eancia se comunicar\u00e1 frequentemente com o hotel da confer\u00eancia e atualizar\u00e1 o Portal de Inscri\u00e7\u00f5es se alguma op\u00e7\u00e3o de hospedagem ficar indispon\u00edvel.<\/p><p>Se precisar adicionar dias extras antes ou depois da dura\u00e7\u00e3o da estadia, entre em contato conosco pelo e-mail iccplagos2026@gmail.com. Atualizaremos suas informa\u00e7\u00f5es de reserva no Marriott ou em outros hot\u00e9is locais. Prevemos que o pagamento dessas noites adicionais precisar\u00e1 ser feito diretamente ao hotel; no entanto, nos comunicaremos diretamente com os participantes assim que recebermos mais informa\u00e7\u00f5es de nossos parceiros hoteleiros.<\/p><h2>Outras op\u00e7\u00f5es de hot\u00e9is<\/h2><p>Our local conference team has worked with other nearby hotels to hold blocks of rooms at discounted rates as well. To book these rooms, attendees can select one of these options through the Registration Portal as add-ons as well. Selections and payments of the nightly rate and processing fees (Whova and Stripe payment processing) would need to be made by February 20, 2026, to guarantee the bookings; reservations made after this date will be accepted pending available space. These add-ons will also be a 4-night package with check-in on September 1, 2026, and check-out on September 5, 2026. If you need to add any extra days before or after the stay duration, please contact us at iccplagos2026@gmail.com. We will update your booking information with the other local hotels. We anticipate payment for those additional nights will need to be made directly to the hotel; however, we will communicate with attendees directly once we receive more information from our hotel partners.<\/p><p>\u00a0<\/p><table><thead><tr><th><strong>Nome do hotel<\/strong><\/th><th><strong>Quantidade bloqueada<\/strong><\/th><th><strong>Tarifa por noite (em USD)<\/strong><\/th><th>Dist\u00e2ncia para dirigir<\/th><th><strong>Dist\u00e2ncia a p\u00e9<\/strong><\/th><\/tr><\/thead><tbody><tr><td><a href=\"https:\/\/www.thesafronhotel.com\/\"><strong>Safron Hotel Ikeja<\/strong><\/a><\/td><td style=\"text-align: center;\">96<\/td><td style=\"text-align: center;\">$124<\/td><td style=\"text-align: center;\">1 minuto<\/td><td style=\"text-align: center;\">4 minutos<\/td><\/tr><tr><td><a href=\"https:\/\/shoregatehotels.com\/\"><strong>Shoregate Hotel Ikeja<\/strong><\/a><\/td><td style=\"text-align: center;\">50<\/td><td style=\"text-align: center;\">$83<\/td><td style=\"text-align: center;\">5 minutos<\/td><td style=\"text-align: center;\">9 minutos<\/td><\/tr><tr><td><a href=\"https:\/\/www.sojournerbygenesis.com\/\"><strong>The Sojourner Hotel Ikeja<\/strong><\/a><\/td><td style=\"text-align: center;\">30<\/td><td style=\"text-align: center;\">$83<\/td><td style=\"text-align: center;\">5 minutos<\/td><td style=\"text-align: center;\">10 minutos<\/td><\/tr><tr><td><a href=\"https:\/\/www.radissonhotels.com\/\"><strong>Radison Blu Anchorage Hotel Ikeja<\/strong><\/a><\/td><td style=\"text-align: center;\">50<\/td><td style=\"text-align: center;\">$137<\/td><td style=\"text-align: center;\">5 minutos<\/td><td style=\"text-align: center;\">9 minutos<\/td><\/tr><\/tbody><\/table>\t\t\t\t\t\t\t\t<\/div>\n\t\t\t\t<\/div>\n\t\t\t\t<div class=\"elementor-element elementor-element-c3a40e4 elementor-widget elementor-widget-text-editor\" data-id=\"c3a40e4\" data-element_type=\"widget\" data-widget_type=\"text-editor.default\">\n\t\t\t\t<div class=\"elementor-widget-container\">\n\t\t\t\t\t\t\t\t\t<div class=\"elementor-element elementor-element-dcad8fc elementor-widget elementor-widget-text-editor\" data-id=\"dcad8fc\" data-element_type=\"widget\" data-widget_type=\"text-editor.default\"><div class=\"elementor-widget-container\"><div><p>Perguntas relacionadas \u00e0 hospedagem podem ser enviadas para: iccplagos2026@gmail.com<\/p><\/div><\/div><\/div>\t\t\t\t\t\t\t\t<\/div>\n\t\t\t\t<\/div>\n\t\t\t\t<\/div>\n\t\t\t\t<\/div>","protected":false},"excerpt":{"rendered":"<p>Lodging during ICCP Lagos 2026 Conference Hotel ICCP Lagos will be taking place primarily at the Lagos Marriott Hotel Ikeja. [&hellip;]<\/p>","protected":false},"author":1,"featured_media":0,"parent":0,"menu_order":0,"comment_status":"closed","ping_status":"closed","template":"elementor_header_footer","meta":{"site-sidebar-layout":"no-sidebar","site-content-layout":"","ast-site-content-layout":"full-width-container","site-content-style":"default","site-sidebar-style":"default","ast-global-header-display":"","ast-banner-title-visibility":"","ast-main-header-display":"","ast-hfb-above-header-display":"","ast-hfb-below-header-display":"","ast-hfb-mobile-header-display":"","site-post-title":"disabled","ast-breadcrumbs-content":"","ast-featured-img":"disabled","footer-sml-layout":"","theme-transparent-header-meta":"","adv-header-id-meta":"","stick-header-meta":"","header-above-stick-meta":"","header-main-stick-meta":"","header-below-stick-meta":"","astra-migrate-meta-layouts":"default","ast-page-background-enabled":"default","ast-page-background-meta":{"desktop":{"background-color":"var(--ast-global-color-5)","background-image":"","background-repeat":"repeat","background-position":"center center","background-size":"auto","background-attachment":"scroll","background-type":"","background-media":"","overlay-type":"","overlay-color":"","overlay-opacity":"","overlay-gradient":""},"tablet":{"background-color":"","background-image":"","background-repeat":"repeat","background-position":"center center","background-size":"auto","background-attachment":"scroll","background-type":"","background-media":"","overlay-type":"","overlay-color":"","overlay-opacity":"","overlay-gradient":""},"mobile":{"background-color":"","background-image":"","background-repeat":"repeat","background-position":"center center","background-size":"auto","background-attachment":"scroll","background-type":"","background-media":"","overlay-type":"","overlay-color":"","overlay-opacity":"","overlay-gradient":""}},"ast-content-background-meta":{"desktop":{"background-color":"var(--ast-global-color-4)","background-image":"","background-repeat":"repeat","background-position":"center center","background-size":"auto","background-attachment":"scroll","background-type":"","background-media":"","overlay-type":"","overlay-color":"","overlay-opacity":"","overlay-gradient":""},"tablet":{"background-color":"var(--ast-global-color-4)","background-image":"","background-repeat":"repeat","background-position":"center center","background-size":"auto","background-attachment":"scroll","background-type":"","background-media":"","overlay-type":"","overlay-color":"","overlay-opacity":"","overlay-gradient":""},"mobile":{"background-color":"var(--ast-global-color-4)","background-image":"","background-repeat":"repeat","background-position":"center center","background-size":"auto","background-attachment":"scroll","background-type":"","background-media":"","overlay-type":"","overlay-color":"","overlay-opacity":"","overlay-gradient":""}},"footnotes":""},"class_list":["post-839","page","type-page","status-publish","hentry"],"_links":{"self":[{"href":"https:\/\/iccplagos.com\/pt\/wp-json\/wp\/v2\/pages\/839","targetHints":{"allow":["GET"]}}],"collection":[{"href":"https:\/\/iccplagos.com\/pt\/wp-json\/wp\/v2\/pages"}],"about":[{"href":"https:\/\/iccplagos.com\/pt\/wp-json\/wp\/v2\/types\/page"}],"author":[{"embeddable":true,"href":"https:\/\/iccplagos.com\/pt\/wp-json\/wp\/v2\/users\/1"}],"replies":[{"embeddable":true,"href":"https:\/\/iccplagos.com\/pt\/wp-json\/wp\/v2\/comments?post=839"}],"version-history":[{"count":43,"href":"https:\/\/iccplagos.com\/pt\/wp-json\/wp\/v2\/pages\/839\/revisions"}],"predecessor-version":[{"id":1147,"href":"https:\/\/iccplagos.com\/pt\/wp-json\/wp\/v2\/pages\/839\/revisions\/1147"}],"wp:attachment":[{"href":"https:\/\/iccplagos.com\/pt\/wp-json\/wp\/v2\/media?parent=839"}],"curies":[{"name":"wp","href":"https:\/\/api.w.org\/{rel}","templated":true}]}}