{"id":885,"date":"2025-11-04T00:40:10","date_gmt":"2025-11-04T00:40:10","guid":{"rendered":"https:\/\/iccplagos.com\/?page_id=885"},"modified":"2026-03-05T21:52:11","modified_gmt":"2026-03-05T21:52:11","slug":"pre-conferencia","status":"publish","type":"page","link":"https:\/\/iccplagos.com\/pt\/pre-conferencia\/","title":{"rendered":"Pr\u00e9-confer\u00eancia"},"content":{"rendered":"<div data-elementor-type=\"wp-page\" data-elementor-id=\"885\" class=\"elementor elementor-885\" data-elementor-post-type=\"page\">\n\t\t\t\t<div class=\"elementor-element elementor-element-afea79d e-flex e-con-boxed e-con e-parent\" data-id=\"afea79d\" data-element_type=\"container\" data-settings=\"{&quot;background_background&quot;:&quot;video&quot;,&quot;background_video_link&quot;:&quot;https:\\\/\\\/youtu.be\\\/9PPspCe32sw&quot;,&quot;background_play_on_mobile&quot;:&quot;yes&quot;}\">\n\t\t\t\t\t<div class=\"e-con-inner\">\n\t\t<div class=\"elementor-background-video-container\">\n\t\t\t\t\t\t\t<div class=\"elementor-background-video-embed\"><\/div>\n\t\t\t\t\t\t<\/div>\t\t<div class=\"elementor-element elementor-element-82727f3 elementor-widget elementor-widget-heading\" data-id=\"82727f3\" data-element_type=\"widget\" data-widget_type=\"heading.default\">\n\t\t\t\t<div class=\"elementor-widget-container\">\n\t\t\t\t\t<h2 class=\"elementor-heading-title elementor-size-default\">PRECONFER\u00caNCIA<br>30-31 de agosto de 2026<\/h2>\t\t\t\t<\/div>\n\t\t\t\t<\/div>\n\t\t\t\t<div class=\"elementor-element elementor-element-7902ff7 elementor-widget elementor-widget-heading\" data-id=\"7902ff7\" data-element_type=\"widget\" data-widget_type=\"heading.default\">\n\t\t\t\t<div class=\"elementor-widget-container\">\n\t\t\t\t\t<h2 class=\"elementor-heading-title elementor-size-default\">Aqui \u00e9 Lagos<\/h2>\t\t\t\t<\/div>\n\t\t\t\t<\/div>\n\t\t\t\t\t<\/div>\n\t\t\t\t<\/div>\n\t\t<div class=\"elementor-element elementor-element-1a392cbd e-flex e-con-boxed e-con e-parent\" data-id=\"1a392cbd\" data-element_type=\"container\">\n\t\t\t\t\t<div class=\"e-con-inner\">\n\t\t<div class=\"elementor-element elementor-element-5452a391 e-con-full e-flex e-con e-child\" data-id=\"5452a391\" data-element_type=\"container\">\n\t\t\t\t<div class=\"elementor-element elementor-element-27b978f4 elementor-widget elementor-widget-heading\" data-id=\"27b978f4\" data-element_type=\"widget\" data-widget_type=\"heading.default\">\n\t\t\t\t<div class=\"elementor-widget-container\">\n\t\t\t\t\t<h2 class=\"elementor-heading-title elementor-size-default\">Descri\u00e7\u00e3o da pr\u00e9-confer\u00eancia<\/h2>\t\t\t\t<\/div>\n\t\t\t\t<\/div>\n\t\t\t\t<div class=\"elementor-element elementor-element-2c0d61d5 elementor-widget elementor-widget-text-editor\" data-id=\"2c0d61d5\" data-element_type=\"widget\" data-widget_type=\"text-editor.default\">\n\t\t\t\t<div class=\"elementor-widget-container\">\n\t\t\t\t\t\t\t\t\t<p class=\"p2\">A excurs\u00e3o pr\u00e9-confer\u00eancia \u201cThis is Lagos\u201d foi concebida como um evento experimental exclusivo programado para 30 e 31 de agosto de 2026, em Lagos, Nig\u00e9ria. Esse passeio servir\u00e1 como um precursor imersivo da 26\u00aa Confer\u00eancia Internacional de Psic\u00f3logos Comunit\u00e1rios, oferecendo aos participantes uma oportunidade \u00fanica de explorar o rico patrim\u00f4nio cultural, as comunidades din\u00e2micas e a paisagem urbana em evolu\u00e7\u00e3o de Lagos. O objetivo da excurs\u00e3o \u00e9 promover uma compreens\u00e3o mais profunda, uma reflex\u00e3o cr\u00edtica e um envolvimento significativo com as dimens\u00f5es socioculturais, hist\u00f3ricas e ecol\u00f3gicas de Lagos como uma terra de ningu\u00e9m.<\/p><h3 class=\"p2\"><b>Antecedentes hist\u00f3ricos de Lagos<\/b><\/h3><p class=\"p2\"><b> <\/b>Lagos, muitas vezes chamada de \u201cCidade do Esplendor Aqu\u00e1tico\u201d, \u00e9 uma das cidades mais vibrantes e populosas da \u00c1frica. Historicamente, seu desenvolvimento foi moldado por sua proximidade com o Oceano Atl\u00e2ntico e seus extensos sistemas de lagoas. A administra\u00e7\u00e3o da costa atl\u00e2ntica pela fam\u00edlia real Oniru, descendentes dos primeiros guardi\u00f5es da costa de Lagos, destaca a interse\u00e7\u00e3o da autoridade tradicional e da governan\u00e7a urbana moderna. A cidade tamb\u00e9m abriga diversas comunidades aqu\u00e1ticas, como Makoko, que h\u00e1 muito tempo navega pelos desafios e oportunidades da vida na \u00e1gua, enfrentando uma luta amarga contra a polui\u00e7\u00e3o desastrosa da cidade, bem como amea\u00e7as constantes de despejo e todas as outras press\u00f5es da expans\u00e3o urbana. O passeio situar\u00e1 os participantes dentro dessas hist\u00f3rias em camadas, enfatizando o papel da administra\u00e7\u00e3o ind\u00edgena, da resili\u00eancia e da contesta\u00e7\u00e3o na forma\u00e7\u00e3o da identidade de Lagos.<\/p><p class=\"p2\">Lagos tamb\u00e9m \u00e9 frequentemente caracterizada como uma \u201cterra de ningu\u00e9m\u201d, pois \u00e9 um caldeir\u00e3o de diversas culturas, etnias e hist\u00f3rias, moldado por ondas de migra\u00e7\u00e3o interna e r\u00e1pida urbaniza\u00e7\u00e3o. Esse status \u00fanico contribuiu tanto para sua vitalidade quanto para suas lutas, j\u00e1 que os residentes de v\u00e1rias origens disputam espa\u00e7o, recursos e reconhecimento em uma cidade que est\u00e1 em constante evolu\u00e7\u00e3o. A aus\u00eancia de um \u00fanico grupo ind\u00edgena dominante \u00e0s vezes levou a reivindica\u00e7\u00f5es contestadas sobre terra, identidade e pertencimento, intensificando os desafios relacionados \u00e0 coes\u00e3o social, ao desenvolvimento equitativo e \u00e0 preserva\u00e7\u00e3o do patrim\u00f4nio cultural.<\/p><h3>Objetivos do tour<\/h3><p>A excurs\u00e3o pr\u00e9-confer\u00eancia de Lagos \u201cThis Is Lagos\u201d proporcionar\u00e1 uma experi\u00eancia de aprendizado enriquecedora e multidimensional para os participantes internacionais, destacando o patrim\u00f4nio \u00fanico de Lagos, a resili\u00eancia da comunidade e a din\u00e2mica urbana. Por meio de visitas cuidadosamente selecionadas, workshops colaborativos e envolvimento inclusivo, a excurs\u00e3o visa promover a compreens\u00e3o intercultural, apoiar iniciativas locais e inspirar a\u00e7\u00f5es futuras no campo da psicologia comunit\u00e1ria. Os objetivos espec\u00edficos do tour s\u00e3o:<\/p><ul><li>Fornecer aos participantes percep\u00e7\u00f5es em primeira m\u00e3o sobre as interconex\u00f5es entre \u00e1gua, comunidade, patrim\u00f4nio e desenvolvimento urbano em Lagos.<\/li><li>Promover o di\u00e1logo e o aprendizado intercultural por meio do envolvimento com comunidades locais, autoridades tradicionais e planejadores urbanos.<\/li><li>Destacar os desafios e as inova\u00e7\u00f5es na gest\u00e3o de espa\u00e7os aqu\u00e1ticos em um contexto de r\u00e1pida urbaniza\u00e7\u00e3o.<\/li><li>Apoiar iniciativas voltadas para a comunidade e ampliar as vozes das comunidades h\u00eddricas marginalizadas, especialmente em Makoko.<\/li><li>Criar uma plataforma para a\u00e7\u00e3o colaborativa e futuras parcerias entre as partes interessadas acad\u00eamicas, pol\u00edticas e locais.<\/li><\/ul><h3>\u00c1reas tem\u00e1ticas de aprendizado<\/h3><ul><li>Water Heritage and Stewardship (Patrim\u00f4nio e administra\u00e7\u00e3o da \u00e1gua): Exploring traditional custodianship and contemporary management of Lagos\u2019 waterways (Explorando a cust\u00f3dia tradicional e a gest\u00e3o contempor\u00e2nea dos cursos d'\u00e1gua de Lagos).<\/li><li>Resili\u00eancia da comunidade: Understanding the lived experiences, adaptive strategies, and advocacy efforts of water-based communities.<\/li><li>Desenvolvimento urbano e deslocamento: An\u00e1lise dos impactos da urbaniza\u00e7\u00e3o, dos projetos de infraestrutura e das amea\u00e7as de despejo sobre as popula\u00e7\u00f5es locais.<\/li><li>Din\u00e2mica socioecon\u00f4mica: Examining the role of water in shaping livelihoods, mobility, and Urban Development (Examinando o papel da \u00e1gua na forma\u00e7\u00e3o de meios de subsist\u00eancia, mobilidade e desenvolvimento urbano).<\/li><\/ul><h3>Abordagem de fornecimento de aprendizado<\/h3><ul><li>Visitas guiadas a locais importantes.<\/li><li>Workshops interativos e discuss\u00f5es em mesas redondas, conduzidos por guias tur\u00edsticos profissionais, especialistas locais e facilitadores com foco nas necessidades de servi\u00e7os, defesa de pol\u00edticas e desenvolvimento sustent\u00e1vel.<\/li><li>Oportunidades de engajamento orientado a servi\u00e7os, especialmente em comunidades vulner\u00e1veis, como Makoko.<\/li><li>Uso de diversos meios de transporte (balsa, metr\u00f4, \u00f4nibus e trem) para conhecer em primeira m\u00e3o a infraestrutura relacionada \u00e0 \u00e1gua da cidade.<\/li><\/ul><h3>Locais espec\u00edficos do site<\/h3><ul><li>Reino Oniru e Aqua Atlantic City: Interaja com a Fam\u00edlia Real Oniru, explore a administra\u00e7\u00e3o hist\u00f3rica da costa do Atl\u00e2ntico e discuta o desenvolvimento urbano voltado para o futuro.<\/li><li>Comunidade flutuante de Makoko: Visita guiada (com acordo pr\u00e9vio e consentimento da comunidade) para entender os desafios, as inova\u00e7\u00f5es e os esfor\u00e7os de defesa desse ic\u00f4nico assentamento aqu\u00e1tico em dificuldades.<\/li><li>Ilha de Lagos: Ferry ou \u00f4nibus Passeio ao longo da costa, explorando marcos hist\u00f3ricos e ic\u00f4nicos da cidade, as principais rotas aqu\u00e1ticas e a infraestrutura urbana.<\/li><li>O Mercado de Artes e Artesanato de Lekki: Visitas ao mercado com curadoria e acompanhantes para garantir a seguran\u00e7a e maximizar o aprendizado e a experi\u00eancia cultural.<\/li><li>Centro Randle: Passeio a p\u00e9 pelo Lagos Randle Center, uma not\u00e1vel institui\u00e7\u00e3o cultural localizada em Lagos, Nig\u00e9ria, criada para homenagear o Dr. John Randle, um proeminente m\u00e9dico e filantropo que desempenhou um papel significativo no desenvolvimento social e c\u00edvico da cidade no in\u00edcio do s\u00e9culo XX. O centro funciona como um centro para exposi\u00e7\u00f5es culturais, eventos comunit\u00e1rios e programas educacionais, refletindo o rico patrim\u00f4nio e as contribui\u00e7\u00f5es das diversas comunidades de Lagos.<\/li><li>Museu Nacional: O Museu Nacional de Lagos, fundado em 1957, \u00e9 um dos mais importantes reposit\u00f3rios de artefatos hist\u00f3ricos e culturais da Nig\u00e9ria. Ele abriga uma vasta cole\u00e7\u00e3o de objetos arqueol\u00f3gicos, etnogr\u00e1ficos e art\u00edsticos, incluindo pe\u00e7as not\u00e1veis como os Bronzes de Benin e Nok Terracotta. O museu oferece uma vis\u00e3o da hist\u00f3ria pr\u00e9-colonial da Nig\u00e9ria, sua jornada durante os tempos coloniais e a evolu\u00e7\u00e3o de sua sociedade contempor\u00e2nea, tornando-o um destino fundamental para a compreens\u00e3o do passado e da identidade cultural da na\u00e7\u00e3o.<\/li><\/ul><h3>Log\u00edstica da pr\u00e9-confer\u00eancia<\/h3><h4 class=\"p1\">Provid\u00eancias de transporte<\/h4><ul><li class=\"p2\">Transporte multimodal: Os participantes utilizar\u00e3o uma combina\u00e7\u00e3o de \u00f4nibus fretados, trem e balsa para navegar entre os principais locais, incluindo Oniru Kingdom, Makoko, Lagos Island e Randle Center. Cada meio de transporte \u00e9 selecionado para proporcionar uma exposi\u00e7\u00e3o aut\u00eantica da infraestrutura de Lagos relacionada \u00e0 \u00e1gua e, ao mesmo tempo, garantir uma viagem eficiente e segura.<\/li><li class=\"p2\">Hor\u00e1rios pr\u00e9-agendados: Todos os traslados s\u00e3o programados para partidas e retornos antecipados para minimizar a exposi\u00e7\u00e3o ao tr\u00e1fego de pico e garantir chegadas pontuais a cada destino.<\/li><li class=\"p2\">Ve\u00edculos e balsas dedicados: \u00d4nibus e balsas fretados ser\u00e3o reservados exclusivamente para o grupo, com capacidade de assentos ajustada para conforto e seguran\u00e7a. Todos os ve\u00edculos s\u00e3o equipados com ar-condicionado, suprimentos de primeiros socorros e protocolos de contato de emerg\u00eancia.<\/li><li class=\"p2\">Passeios a p\u00e9 guiados: Os segmentos de caminhada, especialmente em mercados e locais culturais, ser\u00e3o conduzidos por guias locais e acompanhantes, com pontos de encontro claros e check-ins de grupo em intervalos regulares.<\/li><\/ul><h4>Acordos de seguran\u00e7a<\/h4><ul><li class=\"p1\">Uma equipe de seguran\u00e7a totalmente equipada, armada e licenciada do Departamento de Seguran\u00e7a do Estado (DSS) ser\u00e1 enviada junto com escoltas da pol\u00edcia do estado de Lagos para acompanhar a turn\u00ea. Eles estar\u00e3o presentes em todos os movimentos e atividades do grupo. Eles realizar\u00e3o contagens regulares de pessoas e monitorar\u00e3o os pontos de entrada\/sa\u00edda em cada local. A equipe de seguran\u00e7a ser\u00e1 composta por 4 oficiais do DSS, 12 escoltas policiais m\u00f3veis, 3 ve\u00edculos de escolta de seguran\u00e7a e 1 ve\u00edculo todo-terreno de conting\u00eancia de emerg\u00eancia. A equipe de seguran\u00e7a tamb\u00e9m ser\u00e1 respons\u00e1vel por:<ul><li class=\"p1\">Arranjos de seguran\u00e7a da autoridade local desenvolvidos em colabora\u00e7\u00e3o com a pol\u00edcia local e l\u00edderes comunit\u00e1rios, especialmente em \u00e1reas sens\u00edveis como Makoko e distritos de mercados movimentados, para garantir um envolvimento respeitoso e apoio imediato, se necess\u00e1rio.<\/li><li class=\"p1\">Suporte de sa\u00fade e emerg\u00eancia com primeiros socorros espec\u00edficos, rotas e procedimentos de evacua\u00e7\u00e3o de emerg\u00eancia estabelecidos e compartilhados durante a sess\u00e3o de orienta\u00e7\u00e3o. Os contatos de emerg\u00eancia dos participantes tamb\u00e9m ser\u00e3o coletados com anteced\u00eancia.<\/li><li class=\"p1\">Avalia\u00e7\u00f5es de seguran\u00e7a do local antes de cada visita, para identificar poss\u00edveis riscos e garantir que instru\u00e7\u00f5es de seguran\u00e7a espec\u00edficas do local sejam fornecidas a todos os participantes.<\/li><li class=\"p1\">Relat\u00f3rios de incidentes, com protocolos claros para lidar com incidentes de seguran\u00e7a ou sa\u00fade descritos e informa\u00e7\u00f5es de contato do pessoal-chave distribu\u00eddas a todos os participantes.<\/li><li><p class=\"p2\">Compromissos com guias locais experientes, guardi\u00f5es, tradutores e coordenadores de log\u00edstica para facilitar todos os aspectos do passeio. Suas fun\u00e7\u00f5es incluem auxiliar no controle de multid\u00f5es, garantir a passagem segura em locais movimentados ou sens\u00edveis e apoiar a comunica\u00e7\u00e3o em caso de emerg\u00eancia.<\/p><\/li><\/ul><\/li><\/ul><h4>Arranjos de acomoda\u00e7\u00f5es<\/h4><ul><li>Hospedagem: Duas noites de hospedagem (30 e 31 de agosto) est\u00e3o inclu\u00eddas na taxa da pr\u00e9-confer\u00eancia. Os participantes ficar\u00e3o no hotel escolhido durante o processo de inscri\u00e7\u00e3o, que fica pr\u00f3ximo ao local da confer\u00eancia.<\/li><li>Suporte no local: O hotel oferece servi\u00e7o de recep\u00e7\u00e3o 24 horas, entrada segura e caf\u00e9 da manh\u00e3 di\u00e1rio. Os briefings e debriefings do grupo ser\u00e3o realizados em uma sala de reuni\u00f5es designada todas as noites.<\/li><li>Transporte de e para a acomoda\u00e7\u00e3o: O transporte di\u00e1rio do grupo partir\u00e1 e retornar\u00e1 ao hotel nos hor\u00e1rios programados, com planos de conting\u00eancia para chegadas tardias ou emerg\u00eancias.<\/li><\/ul><h4>Custo de registro na pr\u00e9-confer\u00eancia<\/h4><p>O custo da inscri\u00e7\u00e3o na pr\u00e9-confer\u00eancia \u00e9 de US$ $540 por pessoa; uma taxa adicional de processamento de pagamentos de US$ $34,14 \u00e9 cobrada pela Whova e pela Stripe. Esse valor inclui 2 dias de hospedagem, ch\u00e1, almo\u00e7o, jantar, seguran\u00e7a, transporte, int\u00e9rpretes de idiomas (franc\u00eas e espanhol), coordena\u00e7\u00e3o e facilita\u00e7\u00e3o de excurs\u00f5es e entretenimento.\u00a0<\/p><p>Para se inscrever na pr\u00e9-confer\u00eancia, os participantes podem selecionar e enviar o pagamento para o tour da pr\u00e9-confer\u00eancia \u201cThis Is Lagos\u201d - de 30 a 31 de agosto - por meio do portal de inscri\u00e7\u00f5es.<\/p><h6 class=\"small-theme\">Comit\u00ea de Planejamento Pr\u00e9 e P\u00f3s-Confer\u00eancia do ICCP 2026<\/h6><h6 class=\"small-theme\">Comit\u00ea de Planejamento<\/h6><ul class=\"preconference-list\"><li>Tiffeny Jimenez<\/li><li>Nkiru Nnawulezi<\/li><li>Moshood Olanrewaju<\/li><li>Leo Wilton<\/li><\/ul>\t\t\t\t\t\t\t\t<\/div>\n\t\t\t\t<\/div>\n\t\t\t\t<\/div>\n\t\t\t\t\t<\/div>\n\t\t\t\t<\/div>\n\t\t<div class=\"elementor-element elementor-element-714fbc2 e-flex e-con-boxed e-con e-parent\" data-id=\"714fbc2\" data-element_type=\"container\" data-settings=\"{&quot;background_background&quot;:&quot;classic&quot;}\">\n\t\t\t\t\t<div class=\"e-con-inner\">\n\t\t\t\t<div class=\"elementor-element elementor-element-49666151 elementor-widget elementor-widget-heading\" data-id=\"49666151\" data-element_type=\"widget\" data-widget_type=\"heading.default\">\n\t\t\t\t<div class=\"elementor-widget-container\">\n\t\t\t\t\t<h2 class=\"elementor-heading-title elementor-size-default\">FA\u00c7A PARTE DA MUDAN\u00c7A<\/h2>\t\t\t\t<\/div>\n\t\t\t\t<\/div>\n\t\t\t\t<div class=\"elementor-element elementor-element-5acfe687 elementor-widget elementor-widget-heading\" data-id=\"5acfe687\" data-element_type=\"widget\" data-widget_type=\"heading.default\">\n\t\t\t\t<div class=\"elementor-widget-container\">\n\t\t\t\t\t<h2 class=\"elementor-heading-title elementor-size-default\">Registre-se no ICCP2026 ou fa\u00e7a uma parceria conosco para ampliar o impacto<\/h2>\t\t\t\t<\/div>\n\t\t\t\t<\/div>\n\t\t<div class=\"elementor-element elementor-element-57216bec e-grid e-con-full elementor-hidden-mobile e-con e-child\" data-id=\"57216bec\" data-element_type=\"container\">\n\t\t\t\t<div class=\"elementor-element elementor-element-3698d1cb elementor-align-right elementor-widget elementor-widget-button\" data-id=\"3698d1cb\" data-element_type=\"widget\" data-widget_type=\"button.default\">\n\t\t\t\t<div class=\"elementor-widget-container\">\n\t\t\t\t\t\t\t\t\t<div class=\"elementor-button-wrapper\">\n\t\t\t\t\t<a class=\"elementor-button elementor-button-link elementor-size-sm\" href=\"https:\/\/iccplagos.com\/pt\/wp\/registro\/\">\n\t\t\t\t\t\t<span class=\"elementor-button-content-wrapper\">\n\t\t\t\t\t\t\t\t\t<span class=\"elementor-button-text\">Registro<\/span>\n\t\t\t\t\t<\/span>\n\t\t\t\t\t<\/a>\n\t\t\t\t<\/div>\n\t\t\t\t\t\t\t\t<\/div>\n\t\t\t\t<\/div>\n\t\t\t\t<div class=\"elementor-element elementor-element-1281f74 elementor-mobile-align-center elementor-widget elementor-widget-button\" data-id=\"1281f74\" data-element_type=\"widget\" data-widget_type=\"button.default\">\n\t\t\t\t<div class=\"elementor-widget-container\">\n\t\t\t\t\t\t\t\t\t<div class=\"elementor-button-wrapper\">\n\t\t\t\t\t<a class=\"elementor-button elementor-button-link elementor-size-sm\" href=\"https:\/\/iccplagos.com\/pt\/wp\/seja-nosso-parceiro\/\">\n\t\t\t\t\t\t<span class=\"elementor-button-content-wrapper\">\n\t\t\t\t\t\t\t\t\t<span class=\"elementor-button-text\">Seja nosso parceiro <\/span>\n\t\t\t\t\t<\/span>\n\t\t\t\t\t<\/a>\n\t\t\t\t<\/div>\n\t\t\t\t\t\t\t\t<\/div>\n\t\t\t\t<\/div>\n\t\t\t\t<\/div>\n\t\t\t\t\t<\/div>\n\t\t\t\t<\/div>\n\t\t\t\t<\/div>","protected":false},"excerpt":{"rendered":"<p>PRECONFERENCEAugust 30-31, 2026 This is Lagos Preconference Description The \u201cThis is Lagos\u201d Pre-Conference Tour is designed as a signature experiential [&hellip;]<\/p>","protected":false},"author":1,"featured_media":0,"parent":0,"menu_order":0,"comment_status":"closed","ping_status":"closed","template":"","meta":{"site-sidebar-layout":"no-sidebar","site-content-layout":"","ast-site-content-layout":"full-width-container","site-content-style":"default","site-sidebar-style":"default","ast-global-header-display":"","ast-banner-title-visibility":"","ast-main-header-display":"","ast-hfb-above-header-display":"","ast-hfb-below-header-display":"","ast-hfb-mobile-header-display":"","site-post-title":"disabled","ast-breadcrumbs-content":"","ast-featured-img":"disabled","footer-sml-layout":"","theme-transparent-header-meta":"","adv-header-id-meta":"","stick-header-meta":"","header-above-stick-meta":"","header-main-stick-meta":"","header-below-stick-meta":"","astra-migrate-meta-layouts":"default","ast-page-background-enabled":"default","ast-page-background-meta":{"desktop":{"background-color":"var(--ast-global-color-5)","background-image":"","background-repeat":"repeat","background-position":"center center","background-size":"auto","background-attachment":"scroll","background-type":"","background-media":"","overlay-type":"","overlay-color":"","overlay-opacity":"","overlay-gradient":""},"tablet":{"background-color":"","background-image":"","background-repeat":"repeat","background-position":"center center","background-size":"auto","background-attachment":"scroll","background-type":"","background-media":"","overlay-type":"","overlay-color":"","overlay-opacity":"","overlay-gradient":""},"mobile":{"background-color":"","background-image":"","background-repeat":"repeat","background-position":"center center","background-size":"auto","background-attachment":"scroll","background-type":"","background-media":"","overlay-type":"","overlay-color":"","overlay-opacity":"","overlay-gradient":""}},"ast-content-background-meta":{"desktop":{"background-color":"var(--ast-global-color-4)","background-image":"","background-repeat":"repeat","background-position":"center center","background-size":"auto","background-attachment":"scroll","background-type":"","background-media":"","overlay-type":"","overlay-color":"","overlay-opacity":"","overlay-gradient":""},"tablet":{"background-color":"var(--ast-global-color-4)","background-image":"","background-repeat":"repeat","background-position":"center center","background-size":"auto","background-attachment":"scroll","background-type":"","background-media":"","overlay-type":"","overlay-color":"","overlay-opacity":"","overlay-gradient":""},"mobile":{"background-color":"var(--ast-global-color-4)","background-image":"","background-repeat":"repeat","background-position":"center center","background-size":"auto","background-attachment":"scroll","background-type":"","background-media":"","overlay-type":"","overlay-color":"","overlay-opacity":"","overlay-gradient":""}},"footnotes":""},"class_list":["post-885","page","type-page","status-publish","hentry"],"_links":{"self":[{"href":"https:\/\/iccplagos.com\/pt\/wp-json\/wp\/v2\/pages\/885","targetHints":{"allow":["GET"]}}],"collection":[{"href":"https:\/\/iccplagos.com\/pt\/wp-json\/wp\/v2\/pages"}],"about":[{"href":"https:\/\/iccplagos.com\/pt\/wp-json\/wp\/v2\/types\/page"}],"author":[{"embeddable":true,"href":"https:\/\/iccplagos.com\/pt\/wp-json\/wp\/v2\/users\/1"}],"replies":[{"embeddable":true,"href":"https:\/\/iccplagos.com\/pt\/wp-json\/wp\/v2\/comments?post=885"}],"version-history":[{"count":41,"href":"https:\/\/iccplagos.com\/pt\/wp-json\/wp\/v2\/pages\/885\/revisions"}],"predecessor-version":[{"id":1137,"href":"https:\/\/iccplagos.com\/pt\/wp-json\/wp\/v2\/pages\/885\/revisions\/1137"}],"wp:attachment":[{"href":"https:\/\/iccplagos.com\/pt\/wp-json\/wp\/v2\/media?parent=885"}],"curies":[{"name":"wp","href":"https:\/\/api.w.org\/{rel}","templated":true}]}}