{"id":888,"date":"2025-11-04T00:59:18","date_gmt":"2025-11-04T00:59:18","guid":{"rendered":"https:\/\/iccplagos.com\/?page_id=888"},"modified":"2026-02-19T22:02:19","modified_gmt":"2026-02-19T22:02:19","slug":"pos-conferencia","status":"publish","type":"page","link":"https:\/\/iccplagos.com\/pt\/pos-conferencia\/","title":{"rendered":"P\u00f3s-confer\u00eancia"},"content":{"rendered":"<div data-elementor-type=\"wp-page\" data-elementor-id=\"888\" class=\"elementor elementor-888\" data-elementor-post-type=\"page\">\n\t\t\t\t<div class=\"elementor-element elementor-element-afea79d e-flex e-con-boxed e-con e-parent\" data-id=\"afea79d\" data-element_type=\"container\" data-settings=\"{&quot;background_background&quot;:&quot;video&quot;,&quot;background_video_link&quot;:&quot;https:\\\/\\\/youtu.be\\\/9PPspCe32sw&quot;,&quot;background_play_on_mobile&quot;:&quot;yes&quot;}\">\n\t\t\t\t\t<div class=\"e-con-inner\">\n\t\t<div class=\"elementor-background-video-container\">\n\t\t\t\t\t\t\t<div class=\"elementor-background-video-embed\"><\/div>\n\t\t\t\t\t\t<\/div>\t\t<div class=\"elementor-element elementor-element-82727f3 elementor-widget elementor-widget-heading\" data-id=\"82727f3\" data-element_type=\"widget\" data-widget_type=\"heading.default\">\n\t\t\t\t<div class=\"elementor-widget-container\">\n\t\t\t\t\t<h2 class=\"elementor-heading-title elementor-size-default\">P\u00d3S-CONFER\u00caNCIA<br>5 a 7 de setembro<\/h2>\t\t\t\t<\/div>\n\t\t\t\t<\/div>\n\t\t\t\t<div class=\"elementor-element elementor-element-7902ff7 elementor-widget elementor-widget-heading\" data-id=\"7902ff7\" data-element_type=\"widget\" data-widget_type=\"heading.default\">\n\t\t\t\t<div class=\"elementor-widget-container\">\n\t\t\t\t\t<h2 class=\"elementor-heading-title elementor-size-default\">Os caminhos da \u00e1gua<\/h2>\t\t\t\t<\/div>\n\t\t\t\t<\/div>\n\t\t\t\t\t<\/div>\n\t\t\t\t<\/div>\n\t\t<div class=\"elementor-element elementor-element-1a392cbd e-flex e-con-boxed e-con e-parent\" data-id=\"1a392cbd\" data-element_type=\"container\">\n\t\t\t\t\t<div class=\"e-con-inner\">\n\t\t<div class=\"elementor-element elementor-element-5452a391 e-con-full e-flex e-con e-child\" data-id=\"5452a391\" data-element_type=\"container\">\n\t\t\t\t<div class=\"elementor-element elementor-element-27b978f4 elementor-widget elementor-widget-heading\" data-id=\"27b978f4\" data-element_type=\"widget\" data-widget_type=\"heading.default\">\n\t\t\t\t<div class=\"elementor-widget-container\">\n\t\t\t\t\t<h2 class=\"elementor-heading-title elementor-size-default\"><b>Descri\u00e7\u00e3o p\u00f3s-confer\u00eancia<\/b><\/h2>\t\t\t\t<\/div>\n\t\t\t\t<\/div>\n\t\t\t\t<div class=\"elementor-element elementor-element-2c0d61d5 elementor-widget elementor-widget-text-editor\" data-id=\"2c0d61d5\" data-element_type=\"widget\" data-widget_type=\"text-editor.default\">\n\t\t\t\t<div class=\"elementor-widget-container\">\n\t\t\t\t\t\t\t\t\t<p>O \u201cLessons In the Ways of Water Tour to Badagry\u201d (5 a 7 de setembro de 2026) foi concebido como uma experi\u00eancia imersiva p\u00f3s-confer\u00eancia ap\u00f3s a Confer\u00eancia Internacional de Psic\u00f3logos Comunit\u00e1rios em Lagos. Essa iniciativa se baseia no significado simb\u00f3lico e hist\u00f3rico da \u00e1gua como met\u00e1fora de cura, transforma\u00e7\u00e3o e hospitalidade radical. No contexto de Badagry, a \u00e1gua tem um papel duplo: como testemunha dos sofrimentos do com\u00e9rcio transatl\u00e2ntico de escravos e como elemento de cura comunit\u00e1ria de seu trauma, limpeza, renova\u00e7\u00e3o espiritual e resili\u00eancia da comunidade.<\/p>\n<h3 class=\"p2\"><b>Contexto hist\u00f3rico<\/b><\/h3>\n<p class=\"p2\">Badagry, situada na costa atl\u00e2ntica oeste de Lagos, \u00e9 uma cidade de profundo significado hist\u00f3rico como um dos principais portos de escravos da \u00c1frica Ocidental durante o com\u00e9rcio transatl\u00e2ntico de escravos. Entre os s\u00e9culos XVI e XIX, os historiadores estimam que centenas de milhares de africanos escravizados passaram por Badagry. Embora seja dif\u00edcil determinar n\u00fameros precisos devido aos registros coloniais incompletos, fontes documentadas indicam que entre 500.000 e um milh\u00e3o de africanos foram transportados da regi\u00e3o de Bight of Benin, sendo Badagry o principal ponto de embarque. A maioria dos escravos transportados por Badagry era origin\u00e1ria dos grupos \u00e9tnicos iorub\u00e1, ewe e fon, entre outros, provenientes do atual sudoeste da Nig\u00e9ria, do Benin e do Togo. Os cativos eram frequentemente levados \u00e0 for\u00e7a do interior para Badagry, onde eram mantidos em barrac\u00f5es antes de serem carregados em navios e enviados atrav\u00e9s do Atl\u00e2ntico para destinos nas Am\u00e9ricas e no Caribe. Entre os principais portos de chegada estavam o Brasil, Cuba, Jamaica, Haiti, Trinidad e o sul dos Estados Unidos, onde foram submetidos a trabalho em planta\u00e7\u00f5es e outras formas de explora\u00e7\u00e3o. Registros hist\u00f3ricos, como o British Parliamentary Papers, o Trans-Atlantic Slave Trade Database e hist\u00f3rias orais locais, corroboram a escala e o alcance do com\u00e9rcio de escravos em Badagry. A paisagem cultural da cidade \u00e9 moldada por essa heran\u00e7a como um local de partida e lembran\u00e7a, com fam\u00edlias e guardi\u00f5es locais - incluindo os sacerdotes Olokun - mantendo tradi\u00e7\u00f5es que honram o poder espiritual do oceano e seu papel na cura e na vida comunit\u00e1ria. A rever\u00eancia pela \u00e1gua continua a ser transmitida de gera\u00e7\u00e3o em gera\u00e7\u00e3o, refletindo a centralidade duradoura da \u00e1gua na identidade de Badagry.<\/p>\n<h3 class=\"p2\"><b>Objetivos do tour de aprendizado<\/b><\/h3>\n<p class=\"p2\">A excurs\u00e3o tem como objetivo facilitar o envolvimento dos participantes com as dimens\u00f5es psicol\u00f3gicas, culturais e hist\u00f3ricas da \u00e1gua, promovendo um encontro de eus e almas em um ambiente profundamente marcado tanto pelo trauma coletivo quanto pela resili\u00eancia da comunidade. Mais especificamente, a excurs\u00e3o ter\u00e1 o objetivo de:<\/p>\n<ul>\n<li class=\"p2\">Aprofundar a compreens\u00e3o dos participantes sobre o papel simb\u00f3lico e hist\u00f3rico da \u00e1gua na vida cultural e comunit\u00e1ria de Badagry.<\/li>\n<li class=\"p2\">Facilitar a compreens\u00e3o do conceito de cura da comunidade por meio de reflex\u00f5es sobre traumas hist\u00f3ricos e envolvimentos imersivos com as tradi\u00e7\u00f5es locais nos locais.<\/li>\n<li class=\"p2\">Promover a comunh\u00e3o entre os participantes e os guardi\u00f5es locais, incentivando o aprendizado compartilhado sobre experi\u00eancias transformadoras espec\u00edficas da \u00c1frica.<\/li>\n<li class=\"p2\">Explore as interse\u00e7\u00f5es da psicologia comunit\u00e1ria, da cust\u00f3dia espiritual e do patrim\u00f4nio cultural.<\/li>\n<li class=\"p2\">Treinar os participantes para que tenham maior compreens\u00e3o em seus compromissos com as respectivas comunidades africanas em di\u00e1spora.<\/li>\n<\/ul>\n<h3>\u00c1reas tem\u00e1ticas de aprendizado<\/h3>\n<p>V\u00e1rios temas principais s\u00e3o percept\u00edveis em Badagry, entrela\u00e7ados em sua paisagem, hist\u00f3ria e vida cultural. O principal deles \u00e9 o legado duradouro do com\u00e9rcio transatl\u00e2ntico de escravos, com Badagry servindo como um poderoso local de mem\u00f3ria, trauma e testemunho. A cidade tamb\u00e9m \u00e9 moldada pelo simbolismo da \u00e1gua, que representa tanto o sofrimento quanto o potencial de cura e renova\u00e7\u00e3o espiritual. A resili\u00eancia da comunidade surge como outro tema importante, manifestado nas tradi\u00e7\u00f5es mantidas por guardi\u00f5es e fam\u00edlias locais que honram o significado espiritual da \u00e1gua e facilitam a cura comunit\u00e1ria. Esses temas interagem para promover um espa\u00e7o de reflex\u00e3o, transforma\u00e7\u00e3o e aprendizado comunit\u00e1rio, tornando Badagry um ambiente profundo para a autodescoberta e o di\u00e1logo sobre experi\u00eancias africanas hist\u00f3ricas e contempor\u00e2neas. Portanto, a excurs\u00e3o se concentrar\u00e1 nos temas espec\u00edficos de:<\/p>\n<ul>\n<li>Trauma hist\u00f3rico e cura: O legado do com\u00e9rcio transatl\u00e2ntico de escravos e os processos de limpeza e renova\u00e7\u00e3o.<\/li>\n<li>A \u00e1gua como met\u00e1fora: transformando-se, mantendo o espa\u00e7o e criando uma hospitalidade radical em tempos de transi\u00e7\u00e3o e extin\u00e7\u00e3o.<\/li>\n<li>Resili\u00eancia comunit\u00e1ria e cust\u00f3dia espiritual: O papel dos guardi\u00f5es locais, como os sacerdotes Olokun, na orienta\u00e7\u00e3o de rituais comunit\u00e1rios e de cura.<\/li>\n<li>Autodescoberta e introspec\u00e7\u00e3o: Vivenciando Badagry como uma paisagem da alma, uma oportunidade de promover a autodescoberta introspectiva, a avalia\u00e7\u00e3o psicossocial e o renascimento emocional, oferecendo aos participantes a chance de encontrar e curar traumas anteriormente desconhecidos dentro de si mesmos, da humanidade e da comunidade em geral.<\/li>\n<\/ul>\n<h3 class=\"p2\"><b>Abordagem de fornecimento de aprendizado<\/b><\/h3>\n<p class=\"p2\">As visitas guiadas, conduzidas por guardi\u00f5es e historiadores locais, oferecer\u00e3o narrativas contextuais e percep\u00e7\u00f5es pessoais. Os participantes se envolver\u00e3o diretamente com a paisagem e a hist\u00f3ria \u00fanicas de Badagry, percorrendo os caminhos da mem\u00f3ria desde os portos de escravos at\u00e9 as \u00e1guas curativas. O passeio destacar\u00e1 o papel dos guardi\u00f5es na manuten\u00e7\u00e3o das tradi\u00e7\u00f5es de rever\u00eancia ao oceano, mostrando como as pr\u00e1ticas locais de hospitalidade e orienta\u00e7\u00e3o espiritual est\u00e3o entrela\u00e7adas na estrutura da vida comunit\u00e1ria. Essa abordagem imersiva incentiva os visitantes a testemunhar e participar de processos de cura comunit\u00e1ria, n\u00e3o como estranhos, mas como convidados bem-vindos. A abordagem incluir\u00e1:<\/p>\n<ul>\n<li class=\"p2\">Sess\u00f5es de narra\u00e7\u00e3o de hist\u00f3rias e reflex\u00e3o participativa, convidando ao di\u00e1logo entre os participantes e os membros da comunidade local.<\/li>\n<li class=\"p2\">Exposi\u00e7\u00f5es de rituais e cerim\u00f4nias em locais com \u00e1gua, facilitadas por guardi\u00f5es espirituais para promover a cura coletiva.<\/li>\n<li class=\"p2\">Os workshops interativos se concentraram em temas hist\u00f3ricos, culturais e psicol\u00f3gicos relevantes para a experi\u00eancia de Badagry.<\/li>\n<\/ul>\n<h3 class=\"p1\"><b>Locais espec\u00edficos de visita ao local<\/b><\/h3>\n<ul>\n<li>Museu da Fam\u00edlia Mobee: Museu particular que preserva hist\u00f3rias orais e artefatos. O museu est\u00e1 situado na casa ancestral de uma das fam\u00edlias mais importantes de Badagry, cuja linhagem est\u00e1 profundamente ligada ao envolvimento da cidade no com\u00e9rcio transatl\u00e2ntico de escravos. O museu documenta as experi\u00eancias da fam\u00edlia Mobee, que historicamente atuou como intermedi\u00e1ria durante a era da escravid\u00e3o. Por meio de suas exposi\u00e7\u00f5es e hist\u00f3rias familiares, o museu oferece aos visitantes uma perspectiva \u00fanica sobre o passado complexo de Badagry, promovendo a compreens\u00e3o do impacto local da escravid\u00e3o e os processos cont\u00ednuos de lembran\u00e7a, di\u00e1logo e cura dentro da comunidade.<\/li>\n<li>Mercado de escravos e santu\u00e1rio de Vlekete: Santu\u00e1rio e mercado local com significado espiritual. Historicamente, serviu n\u00e3o apenas como um mercado onde os africanos escravizados eram comercializados, mas tamb\u00e9m como um espa\u00e7o sagrado para rituais e oferendas. Guardi\u00f5es locais e l\u00edderes espirituais, como padres, realizavam cerim\u00f4nias no santu\u00e1rio para buscar prote\u00e7\u00e3o, oferecer b\u00ean\u00e7\u00e3os e se comunicar com esp\u00edritos ancestrais. Acreditava-se que esses rituais proporcionavam limpeza espiritual e orienta\u00e7\u00e3o tanto para os cativos quanto para a comunidade, entrela\u00e7ando a dolorosa hist\u00f3ria do com\u00e9rcio de escravos com tradi\u00e7\u00f5es duradouras de cura e lembran\u00e7a. Hoje, o local \u00e9 um s\u00edmbolo poderoso de resili\u00eancia, honrando a mem\u00f3ria daqueles que passaram por ali e servindo como um local para reflex\u00e3o, cura comunit\u00e1ria e conex\u00e3o espiritual.<\/li>\n<li>Museu do Escravo de Badagry: Um importante local hist\u00f3rico que preserva as mem\u00f3rias e os artefatos relacionados ao com\u00e9rcio transatl\u00e2ntico de escravos. Por meio de suas exposi\u00e7\u00f5es e cole\u00e7\u00f5es, o museu oferece aos visitantes uma vis\u00e3o poderosa das experi\u00eancias das pessoas escravizadas e do legado da escravid\u00e3o em Badagry, com hist\u00f3rias orais, documentos e testemunhos que promovem a reflex\u00e3o e o di\u00e1logo sobre esse cap\u00edtulo profundo da hist\u00f3ria africana e mundial.<\/li>\n<li>Point of No Return (Ponto sem retorno): Uma caminhada guiada ao longo da rota dos escravos, imergindo os participantes na jornada hist\u00f3rica dos africanos escravizados, guiando-os atrav\u00e9s de exposi\u00e7\u00f5es poderosas e marcos significativos, refazendo os passos dados por aqueles que foram for\u00e7ados \u00e0 escravid\u00e3o, culminando no simb\u00f3lico Point of No Return (Ponto sem Retorno). Essa jornada convida \u00e0 reflex\u00e3o profunda, \u00e0 conex\u00e3o emocional e a um senso de cura comunit\u00e1ria, honrando as mem\u00f3rias do passado e promovendo o di\u00e1logo e a introspec\u00e7\u00e3o entre todos os participantes.<\/li>\n<li>Praia de Gberefu e Santu\u00e1rio de Olokun: Esses dois locais est\u00e3o intrinsecamente ligados como centros de cust\u00f3dia espiritual e rituais da \u00e1gua em Badagry. Ambos os locais servem como locais para limpeza ritual e rever\u00eancia profunda ao oceano, refletindo a conex\u00e3o duradoura da comunidade com a \u00e1gua como fonte de cura, renova\u00e7\u00e3o espiritual e comunica\u00e7\u00e3o ancestral. A dist\u00e2ncia f\u00edsica entre a Gberefu Beach e o Olokun Shrine \u00e9 de aproximadamente 1 quil\u00f4metro (cerca de 10 a 15 minutos de caminhada), permitindo que os participantes viajem entre esses locais sagrados por uma paisagem rica em hist\u00f3ria e simbolismo. A praia oferece um cen\u00e1rio natural para cerim\u00f4nias, enquanto o Santu\u00e1rio Olokun, dedicado \u00e0 divindade do oceano, ancora essas pr\u00e1ticas na tradi\u00e7\u00e3o e na cren\u00e7a. As experi\u00eancias nesses locais convidam os participantes a se envolverem em rituais coletivos, promovendo o renascimento emocional, a introspec\u00e7\u00e3o e a cura comunit\u00e1ria ao honrar o poder da \u00e1gua e seus guardi\u00f5es espirituais.<\/li>\n<\/ul>\n<h3>Log\u00edstica p\u00f3s-confer\u00eancia<\/h3>\n<h4 class=\"p1\">Provid\u00eancias de transporte<\/h4>\n<p>\u00d4nibus executivos fretados ser\u00e3o providenciados para a viagem segura do grupo entre Lagos e Badagry, bem como para todos os traslados locais. Os \u00f4nibus ser\u00e3o equipados com assentos confort\u00e1veis, ar-condicionado, rastreamento por GPS e sistemas de comunica\u00e7\u00e3o de emerg\u00eancia. Os motoristas ser\u00e3o examinados e instru\u00eddos sobre os protocolos de seguran\u00e7a durante todo o passeio. Al\u00e9m disso, ser\u00e3o tomadas provid\u00eancias para lanches e pausas para ir ao banheiro, em tr\u00e2nsito.<\/p>\n<h4>Acordos de seguran\u00e7a<\/h4>\n<p>Uma equipe de seguran\u00e7a totalmente equipada, armada e licenciada do Departamento de Seguran\u00e7a do Estado (DSS) ser\u00e1 enviada junto com escoltas da pol\u00edcia do estado de Lagos para acompanhar a turn\u00ea. Eles estar\u00e3o presentes em todos os movimentos e atividades do grupo. Eles realizar\u00e3o contagens regulares de pessoas e monitorar\u00e3o os pontos de entrada\/sa\u00edda em cada local. A equipe de seguran\u00e7a ser\u00e1 composta por 4 oficiais do DSS, 12 escoltas policiais m\u00f3veis, 3 ve\u00edculos de escolta de seguran\u00e7a e 1 ve\u00edculo todo-terreno de conting\u00eancia de emerg\u00eancia. A equipe de seguran\u00e7a tamb\u00e9m ser\u00e1 respons\u00e1vel por:<\/p>\n<ul>\n<li>Coordena\u00e7\u00e3o da autoridade local para manter comunica\u00e7\u00e3o cont\u00ednua com as autoridades locais de Badagry, incluindo a pol\u00edcia e os servi\u00e7os de sa\u00fade, para uma resposta r\u00e1pida a qualquer incidente.<\/li>\n<li>Suporte de sa\u00fade e emerg\u00eancia com primeiros socorros espec\u00edficos, rotas e procedimentos de evacua\u00e7\u00e3o de emerg\u00eancia estabelecidos e compartilhados durante a sess\u00e3o de orienta\u00e7\u00e3o. Os contatos de emerg\u00eancia dos participantes tamb\u00e9m ser\u00e3o coletados com anteced\u00eancia.<\/li>\n<li>Avalia\u00e7\u00f5es de seguran\u00e7a do local antes de cada visita, para identificar poss\u00edveis riscos e garantir que instru\u00e7\u00f5es de seguran\u00e7a espec\u00edficas do local sejam fornecidas a todos os participantes.<\/li>\n<li>Relat\u00f3rios de incidentes, com protocolos claros para lidar com incidentes de seguran\u00e7a ou sa\u00fade descritos e informa\u00e7\u00f5es de contato do pessoal-chave distribu\u00eddas a todos os participantes.<\/li>\n<li>Coordena\u00e7\u00e3o com guias experientes locais, guardi\u00f5es, tradutores e coordenadores log\u00edsticos ser\u00e3o contratados para facilitar todos os aspectos do passeio. Suas fun\u00e7\u00f5es incluem auxiliar no controle de multid\u00f5es, garantir a passagem segura em locais movimentados ou sens\u00edveis e apoiar a comunica\u00e7\u00e3o em caso de emerg\u00eancia.<\/li>\n<\/ul>\n<h4>Arranjos de acomoda\u00e7\u00f5es<\/h4>\n<p>A Confer\u00eancia garantir\u00e1 as reservas de hotel para os participantes da excurs\u00e3o a Badagry com anteced\u00eancia. Os quartos ser\u00e3o designados mediante o pagamento das taxas da excurs\u00e3o e ter\u00e3o sido examinados quanto \u00e0 seguran\u00e7a, limpeza e conforto. As op\u00e7\u00f5es de acomoda\u00e7\u00e3o incluir\u00e3o quartos duplos ou twin, com op\u00e7\u00f5es de quartos individuais dispon\u00edveis mediante solicita\u00e7\u00e3o antecipada e por um custo adicional. Cada quarto inclui comodidades essenciais, como ar-condicionado, banheiro privativo e armazenamento seguro para objetos de valor. Servi\u00e7os di\u00e1rios de limpeza e atendimento na recep\u00e7\u00e3o 24 horas estar\u00e3o dispon\u00edveis durante toda a estadia. O pacote de acomoda\u00e7\u00e3o incluir\u00e1 o caf\u00e9 da manh\u00e3, servido no refeit\u00f3rio do hotel. O almo\u00e7o ser\u00e1 organizado pela Confer\u00eancia no local ou no hotel, oferecendo uma variedade de op\u00e7\u00f5es locais e continentais. Dois jantares ser\u00e3o organizados como uma refei\u00e7\u00e3o em grupo no restaurante do hotel, para boas-vindas e despedidas especiais, com culin\u00e1ria e entretenimento locais. \u00c1gua pot\u00e1vel engarrafada ser\u00e1 fornecida durante todos os passeios e em todas as refei\u00e7\u00f5es.<\/p>\n<h4>Custo de registro p\u00f3s-confer\u00eancia<\/h4>\n<p>O custo de registro p\u00f3s-confer\u00eancia \u00e9 de US$ $598 por pessoa; uma taxa adicional de processamento de pagamento de US$ $37,66 \u00e9 cobrada pela Whova e Stripe. Esse valor inclui 2 dias de hospedagem, ch\u00e1, almo\u00e7o, jantar e 3 dias de seguran\u00e7a, transporte, int\u00e9rpretes de idiomas (franc\u00eas e espanhol), coordena\u00e7\u00e3o e facilita\u00e7\u00e3o de excurs\u00f5es e entretenimento.<\/p>\n<p>Para se registrar na p\u00f3s-confer\u00eancia, os participantes podem selecionar e enviar o pagamento para a p\u00f3s-confer\u00eancia \u201cLessons In the Ways of Water\u201d - de 5 a 7 de setembro - por meio do portal de registro.<\/p>\n<h6 class=\"small-theme\">Comit\u00ea de Planejamento Pr\u00e9 e P\u00f3s-Confer\u00eancia do ICCP 2026<\/h6>\n<ul class=\"preconference-list\">\n<li>Tiffeny Jimenez<\/li>\n<li>Nkiru Nnawulezi<\/li>\n<li>Moshood Olanrewaju<\/li>\n<li>Leo Wilton<\/li>\n<\/ul>\t\t\t\t\t\t\t\t<\/div>\n\t\t\t\t<\/div>\n\t\t\t\t<\/div>\n\t\t\t\t\t<\/div>\n\t\t\t\t<\/div>\n\t\t<div class=\"elementor-element elementor-element-714fbc2 e-flex e-con-boxed e-con e-parent\" data-id=\"714fbc2\" data-element_type=\"container\" data-settings=\"{&quot;background_background&quot;:&quot;classic&quot;}\">\n\t\t\t\t\t<div class=\"e-con-inner\">\n\t\t\t\t<div class=\"elementor-element elementor-element-49666151 elementor-widget elementor-widget-heading\" data-id=\"49666151\" data-element_type=\"widget\" data-widget_type=\"heading.default\">\n\t\t\t\t<div class=\"elementor-widget-container\">\n\t\t\t\t\t<h2 class=\"elementor-heading-title elementor-size-default\">FA\u00c7A PARTE DA MUDAN\u00c7A<\/h2>\t\t\t\t<\/div>\n\t\t\t\t<\/div>\n\t\t\t\t<div class=\"elementor-element elementor-element-5acfe687 elementor-widget elementor-widget-heading\" data-id=\"5acfe687\" data-element_type=\"widget\" data-widget_type=\"heading.default\">\n\t\t\t\t<div class=\"elementor-widget-container\">\n\t\t\t\t\t<h2 class=\"elementor-heading-title elementor-size-default\">Registre-se no ICCP2026 ou fa\u00e7a uma parceria conosco para ampliar o impacto<\/h2>\t\t\t\t<\/div>\n\t\t\t\t<\/div>\n\t\t<div class=\"elementor-element elementor-element-57216bec e-grid e-con-full elementor-hidden-mobile e-con e-child\" data-id=\"57216bec\" data-element_type=\"container\">\n\t\t\t\t<div class=\"elementor-element elementor-element-3698d1cb elementor-align-right elementor-widget elementor-widget-button\" data-id=\"3698d1cb\" data-element_type=\"widget\" data-widget_type=\"button.default\">\n\t\t\t\t<div class=\"elementor-widget-container\">\n\t\t\t\t\t\t\t\t\t<div class=\"elementor-button-wrapper\">\n\t\t\t\t\t<a class=\"elementor-button elementor-button-link elementor-size-sm\" href=\"https:\/\/iccplagos.com\/pt\/wp\/registro\/\">\n\t\t\t\t\t\t<span class=\"elementor-button-content-wrapper\">\n\t\t\t\t\t\t\t\t\t<span class=\"elementor-button-text\">Registro<\/span>\n\t\t\t\t\t<\/span>\n\t\t\t\t\t<\/a>\n\t\t\t\t<\/div>\n\t\t\t\t\t\t\t\t<\/div>\n\t\t\t\t<\/div>\n\t\t\t\t<div class=\"elementor-element elementor-element-1281f74 elementor-mobile-align-center elementor-widget elementor-widget-button\" data-id=\"1281f74\" data-element_type=\"widget\" data-widget_type=\"button.default\">\n\t\t\t\t<div class=\"elementor-widget-container\">\n\t\t\t\t\t\t\t\t\t<div class=\"elementor-button-wrapper\">\n\t\t\t\t\t<a class=\"elementor-button elementor-button-link elementor-size-sm\" href=\"https:\/\/iccplagos.com\/pt\/wp\/seja-nosso-parceiro\/\">\n\t\t\t\t\t\t<span class=\"elementor-button-content-wrapper\">\n\t\t\t\t\t\t\t\t\t<span class=\"elementor-button-text\">Seja nosso parceiro <\/span>\n\t\t\t\t\t<\/span>\n\t\t\t\t\t<\/a>\n\t\t\t\t<\/div>\n\t\t\t\t\t\t\t\t<\/div>\n\t\t\t\t<\/div>\n\t\t\t\t<\/div>\n\t\t\t\t\t<\/div>\n\t\t\t\t<\/div>\n\t\t\t\t<\/div>","protected":false},"excerpt":{"rendered":"<p>POSTCONFERENCESeptember 5-7 The Ways of Water Postconference Description The \u201cLessons In the Ways of Water Tour to Badagry\u201d (September 5-7, [&hellip;]<\/p>","protected":false},"author":1,"featured_media":0,"parent":0,"menu_order":0,"comment_status":"closed","ping_status":"closed","template":"","meta":{"site-sidebar-layout":"no-sidebar","site-content-layout":"","ast-site-content-layout":"full-width-container","site-content-style":"default","site-sidebar-style":"default","ast-global-header-display":"","ast-banner-title-visibility":"","ast-main-header-display":"","ast-hfb-above-header-display":"","ast-hfb-below-header-display":"","ast-hfb-mobile-header-display":"","site-post-title":"disabled","ast-breadcrumbs-content":"","ast-featured-img":"disabled","footer-sml-layout":"","theme-transparent-header-meta":"","adv-header-id-meta":"","stick-header-meta":"","header-above-stick-meta":"","header-main-stick-meta":"","header-below-stick-meta":"","astra-migrate-meta-layouts":"default","ast-page-background-enabled":"default","ast-page-background-meta":{"desktop":{"background-color":"var(--ast-global-color-5)","background-image":"","background-repeat":"repeat","background-position":"center center","background-size":"auto","background-attachment":"scroll","background-type":"","background-media":"","overlay-type":"","overlay-color":"","overlay-opacity":"","overlay-gradient":""},"tablet":{"background-color":"","background-image":"","background-repeat":"repeat","background-position":"center center","background-size":"auto","background-attachment":"scroll","background-type":"","background-media":"","overlay-type":"","overlay-color":"","overlay-opacity":"","overlay-gradient":""},"mobile":{"background-color":"","background-image":"","background-repeat":"repeat","background-position":"center center","background-size":"auto","background-attachment":"scroll","background-type":"","background-media":"","overlay-type":"","overlay-color":"","overlay-opacity":"","overlay-gradient":""}},"ast-content-background-meta":{"desktop":{"background-color":"var(--ast-global-color-4)","background-image":"","background-repeat":"repeat","background-position":"center center","background-size":"auto","background-attachment":"scroll","background-type":"","background-media":"","overlay-type":"","overlay-color":"","overlay-opacity":"","overlay-gradient":""},"tablet":{"background-color":"var(--ast-global-color-4)","background-image":"","background-repeat":"repeat","background-position":"center center","background-size":"auto","background-attachment":"scroll","background-type":"","background-media":"","overlay-type":"","overlay-color":"","overlay-opacity":"","overlay-gradient":""},"mobile":{"background-color":"var(--ast-global-color-4)","background-image":"","background-repeat":"repeat","background-position":"center center","background-size":"auto","background-attachment":"scroll","background-type":"","background-media":"","overlay-type":"","overlay-color":"","overlay-opacity":"","overlay-gradient":""}},"footnotes":""},"class_list":["post-888","page","type-page","status-publish","hentry"],"_links":{"self":[{"href":"https:\/\/iccplagos.com\/pt\/wp-json\/wp\/v2\/pages\/888","targetHints":{"allow":["GET"]}}],"collection":[{"href":"https:\/\/iccplagos.com\/pt\/wp-json\/wp\/v2\/pages"}],"about":[{"href":"https:\/\/iccplagos.com\/pt\/wp-json\/wp\/v2\/types\/page"}],"author":[{"embeddable":true,"href":"https:\/\/iccplagos.com\/pt\/wp-json\/wp\/v2\/users\/1"}],"replies":[{"embeddable":true,"href":"https:\/\/iccplagos.com\/pt\/wp-json\/wp\/v2\/comments?post=888"}],"version-history":[{"count":21,"href":"https:\/\/iccplagos.com\/pt\/wp-json\/wp\/v2\/pages\/888\/revisions"}],"predecessor-version":[{"id":1121,"href":"https:\/\/iccplagos.com\/pt\/wp-json\/wp\/v2\/pages\/888\/revisions\/1121"}],"wp:attachment":[{"href":"https:\/\/iccplagos.com\/pt\/wp-json\/wp\/v2\/media?parent=888"}],"curies":[{"name":"wp","href":"https:\/\/api.w.org\/{rel}","templated":true}]}}